{"id":6009,"date":"2026-03-27T15:37:37","date_gmt":"2026-03-27T13:37:37","guid":{"rendered":"https:\/\/lexi.market\/?page_id=6009"},"modified":"2026-04-08T16:11:42","modified_gmt":"2026-04-08T13:11:42","slug":"dkk-2026","status":"publish","type":"page","link":"https:\/\/lexi.market\/et\/dkk-2026\/","title":{"rendered":"Digitaalse Koost\u00f6\u00f6 konverents 2026"},"content":{"rendered":"<section class=\"wpb-content-wrapper\"><p>[vc_row full_width=&#8221;stretch_row_content&#8221; lg_spacing=&#8221;margin_bottom:0;border_bottom:0;padding_bottom:0&#8243;][vc_column]\t\t\t<script src=\"\/\/lexi.market\/wp-content\/plugins\/revslider\/sr6\/assets\/js\/rbtools.min.js?rev=6.7.14\"><\/script>\n\t\t\t<script src=\"\/\/lexi.market\/wp-content\/plugins\/revslider\/sr6\/assets\/js\/rs6.min.js?rev=6.7.14\"><\/script>\n\n\t\t\t<!-- START DKK 2026 REVOLUTION SLIDER 6.7.14 --><p class=\"rs-p-wp-fix\"><\/p>\n\t\t\t<rs-module-wrap id=\"slider_wrapper\" data-source=\"gallery\" style=\"visibility:hidden;background:#ffffff;padding:0;margin:0px auto;margin-top:0px;margin-bottom:0;\">\n\t\t\t\t<rs-module id=\"slider\" style=\"\" data-version=\"6.7.14\">\n\t\t\t\t\t<rs-slides style=\"overflow: hidden; position: absolute;\">\n\t\t\t\t\t\t<rs-slide style=\"position: absolute;\" data-key=\"rs-34\" data-title=\"Slide\" data-anim=\"adpr:false;ms:600;\" data-in=\"o:0;\" data-out=\"a:false;\">\n\t\t\t\t\t\t\t<img decoding=\"async\" src=\"\/\/lexi.market\/wp-content\/plugins\/revslider\/sr6\/assets\/assets\/dummy.png\" alt=\"Slide\" title=\"avaleht-taust3\" width=\"1920\" height=\"1113\" class=\"rev-slidebg tp-rs-img rs-lazyload\" data-lazyload=\"\/\/lexi.market\/wp-content\/plugins\/revslider\/sr6\/assets\/assets\/transparent.png\" data-bg=\"p:center top;c:#ffffff;\" data-no-retina>\n<!--\n\t\t\t\t\t\t\t--><rs-group\n\t\t\t\t\t\t\t\tid=\"slider-11-slide-34-layer-0\" \n\t\t\t\t\t\t\t\tclass=\"text-area\"\n\t\t\t\t\t\t\t\tdata-type=\"group\"\n\t\t\t\t\t\t\t\tdata-rsp_ch=\"on\"\n\t\t\t\t\t\t\t\tdata-xy=\"x:r,r,c,c;yo:150px,50px,70px,70px;\"\n\t\t\t\t\t\t\t\tdata-text=\"w:normal;s:20,11,8,5;l:0,14,11,7;a:center;\"\n\t\t\t\t\t\t\t\tdata-dim=\"w:850px,60%,90%,90%;h:417px,auto,296px,378px;minw:none,none,none,300px;\"\n\t\t\t\t\t\t\t\tdata-column=\"a:middle;\"\n\t\t\t\t\t\t\t\tdata-frame_0=\"o:1;\"\n\t\t\t\t\t\t\t\tdata-frame_1=\"st:430;sp:1500;sR:430;\"\n\t\t\t\t\t\t\t\tdata-frame_999=\"o:0;st:w;sR:7070;sA:9000;\"\n\t\t\t\t\t\t\t\tstyle=\"z-index:7;\"\n\t\t\t\t\t\t\t><!--\n\t\t\t\t\t\t\t\t--><rs-layer\n\t\t\t\t\t\t\t\t\tid=\"slider-11-slide-34-layer-7\" \n\t\t\t\t\t\t\t\t\tclass=\"logo-image\"\n\t\t\t\t\t\t\t\t\tdata-type=\"image\"\n\t\t\t\t\t\t\t\t\tdata-rsp_ch=\"on\"\n\t\t\t\t\t\t\t\t\tdata-xy=\"xo:1px,0,0,0;yo:-9px,-5px,-4px,0;\"\n\t\t\t\t\t\t\t\t\tdata-pos=\"r\"\n\t\t\t\t\t\t\t\t\tdata-text=\"w:normal;s:20,11,8,5;l:0,14,11,7;\"\n\t\t\t\t\t\t\t\t\tdata-dim=\"w:450px,200px,160px,250px;h:167px,120px,96px,93px;\"\n\t\t\t\t\t\t\t\t\tdata-vbility=\"t,t,f,f\"\n\t\t\t\t\t\t\t\t\tdata-basealign=\"slide\"\n\t\t\t\t\t\t\t\t\tdata-margin=\"b:30,17,14,10;\"\n\t\t\t\t\t\t\t\t\tdata-frame_1=\"st:440;sp:1500;sR:10;\"\n\t\t\t\t\t\t\t\t\tdata-frame_999=\"o:0;st:w;sR:7060;\"\n\t\t\t\t\t\t\t\t\tstyle=\"z-index:10;align-self:center;display:flex;\"\n\t\t\t\t\t\t\t\t><img decoding=\"async\" src=\"\/\/lexi.market\/wp-content\/plugins\/revslider\/sr6\/assets\/assets\/dummy.png\" alt=\"DKK logo\" class=\"tp-rs-img rs-lazyload\" width=\"2725\" height=\"1011\" data-lazyload=\"\/\/lexi.market\/wp-content\/uploads\/2026\/03\/DKK-logo@4x.png\" data-no-retina> \n\t\t\t\t\t\t\t\t<\/rs-layer><!--\n\n\t\t\t\t\t\t\t\t--><rs-layer\n\t\t\t\t\t\t\t\t\tid=\"slider-11-slide-34-layer-5\" \n\t\t\t\t\t\t\t\t\tdata-type=\"text\"\n\t\t\t\t\t\t\t\t\tdata-color=\"#5e5357\"\n\t\t\t\t\t\t\t\t\ttitle=\"body-title\"\n\t\t\t\t\t\t\t\t\tdata-xy=\"x:l,l,c,c;xo:70px,70px,0,0;y:t,m,t,t;yo:0,-180px,90px,10px;\"\n\t\t\t\t\t\t\t\t\tdata-pos=\"r\"\n\t\t\t\t\t\t\t\t\tdata-text=\"w:normal;s:34,30,26,26;l:41,41,34,34;fw:700;a:left,left,center,center;\"\n\t\t\t\t\t\t\t\t\tdata-dim=\"w:610px,100%,100%,100%;\"\n\t\t\t\t\t\t\t\t\tdata-rsp_o=\"off\"\n\t\t\t\t\t\t\t\t\tdata-rsp_bd=\"off\"\n\t\t\t\t\t\t\t\t\tdata-frame_0=\"y:50px,28px,22px,15px;\"\n\t\t\t\t\t\t\t\t\tdata-frame_1=\"e:power4.inOut;st:450;sp:1500;sR:20;\"\n\t\t\t\t\t\t\t\t\tdata-frame_999=\"o:0;st:w;sR:7050;\"\n\t\t\t\t\t\t\t\t\tstyle=\"z-index:9;font-family:'Red Hat Display';\"\n\t\t\t\t\t\t\t\t>Digitaalse Koost\u00f6\u00f6 Konverents \n\t\t\t\t\t\t\t\t<\/rs-layer><!--\n\n\t\t\t\t\t\t\t\t--><rs-layer\n\t\t\t\t\t\t\t\t\tid=\"slider-11-slide-34-layer-2\" \n\t\t\t\t\t\t\t\t\tdata-type=\"text\"\n\t\t\t\t\t\t\t\t\tdata-color=\"#5e5357\"\n\t\t\t\t\t\t\t\t\ttitle=\"body-title\"\n\t\t\t\t\t\t\t\t\tdata-xy=\"x:l,l,c,c;xo:70px,70px,0,0;y:t,m,t,t;yo:0,-180px,90px,10px;\"\n\t\t\t\t\t\t\t\t\tdata-pos=\"r\"\n\t\t\t\t\t\t\t\t\tdata-text=\"w:normal;s:29,30,26,26;l:41,41,34,34;fw:500;a:left,left,center,center;\"\n\t\t\t\t\t\t\t\t\tdata-dim=\"w:610px,437px,100%,100%;\"\n\t\t\t\t\t\t\t\t\tdata-rsp_o=\"off\"\n\t\t\t\t\t\t\t\t\tdata-rsp_bd=\"off\"\n\t\t\t\t\t\t\t\t\tdata-margin=\"t:5,0,0,0;b:0,20,10,0;\"\n\t\t\t\t\t\t\t\t\tdata-padding=\"b:20,0,0,0;\"\n\t\t\t\t\t\t\t\t\tdata-frame_0=\"y:50px,28px,22px,15px;\"\n\t\t\t\t\t\t\t\t\tdata-frame_1=\"e:power4.inOut;st:450;sp:1500;sR:20;\"\n\t\t\t\t\t\t\t\t\tdata-frame_999=\"o:0;st:w;sR:7050;\"\n\t\t\t\t\t\t\t\t\tstyle=\"z-index:8;font-family:'Red Hat Display';\"\n\t\t\t\t\t\t\t\t>23. aprill 2026 \n\t\t\t\t\t\t\t\t<\/rs-layer><!--\n\n\t\t\t\t\t\t\t\t--><rs-layer\n\t\t\t\t\t\t\t\t\tid=\"slider-11-slide-34-layer-3\" \n\t\t\t\t\t\t\t\t\tclass=\"body-text\"\n\t\t\t\t\t\t\t\t\tdata-type=\"text\"\n\t\t\t\t\t\t\t\t\tdata-color=\"#5e5357\"\n\t\t\t\t\t\t\t\t\tdata-rsp_ch=\"on\"\n\t\t\t\t\t\t\t\t\tdata-xy=\"x:l,l,c,c;xo:70px,70px,0,0;y:t,m,t,t;yo:246px,-48px,260px,153px;\"\n\t\t\t\t\t\t\t\t\tdata-pos=\"r\"\n\t\t\t\t\t\t\t\t\tdata-text=\"w:normal;s:18,18,16,16;l:26,32,28,28;a:left,left,center,center;\"\n\t\t\t\t\t\t\t\t\tdata-dim=\"w:568px,500px,100%,100%;\"\n\t\t\t\t\t\t\t\t\tdata-rsp_o=\"off\"\n\t\t\t\t\t\t\t\t\tdata-margin=\"t:0,20,0,30;b:0,20,0,30;\"\n\t\t\t\t\t\t\t\t\tdata-padding=\"b:30,0,30,0;\"\n\t\t\t\t\t\t\t\t\tdata-frame_0=\"y:50px,28px,22px,15px;\"\n\t\t\t\t\t\t\t\t\tdata-frame_1=\"e:power4.inOut;st:700;sp:1500;sR:270;\"\n\t\t\t\t\t\t\t\t\tdata-frame_999=\"o:0;st:w;sR:6800;\"\n\t\t\t\t\t\t\t\t\tstyle=\"z-index:7;font-family:'Red Hat Text';\"\n\t\t\t\t\t\t\t\t>S\u00fcndmus, mis toob kokku kaubanduse valdkonna juhtivad m\u00f5tlejad, innovaatorid ja praktikud.  \n\t\t\t\t\t\t\t\t<\/rs-layer><!--\n\n\t\t\t\t\t\t\t\t--><rs-group\n\t\t\t\t\t\t\t\t\tid=\"slider-11-slide-34-layer-6\" \n\t\t\t\t\t\t\t\t\tclass=\"buttons-area\"\n\t\t\t\t\t\t\t\t\tdata-type=\"group\"\n\t\t\t\t\t\t\t\t\tdata-rsp_ch=\"on\"\n\t\t\t\t\t\t\t\t\tdata-xy=\"x:l,l,c,c;xo:68px,70px,0,0;yo:281px,37px,437px,399px;\"\n\t\t\t\t\t\t\t\t\tdata-pos=\"r\"\n\t\t\t\t\t\t\t\t\tdata-text=\"w:normal;s:20,11,8,5;l:0,14,11,7;a:left,left,center,center;\"\n\t\t\t\t\t\t\t\t\tdata-dim=\"w:612px,425px,100%,100%;h:58px,32px,93px,120px;\"\n\t\t\t\t\t\t\t\t\tdata-rsp_o=\"off\"\n\t\t\t\t\t\t\t\t\tdata-frame_0=\"o:1;\"\n\t\t\t\t\t\t\t\t\tdata-frame_1=\"sp:1500;\"\n\t\t\t\t\t\t\t\t\tdata-frame_999=\"o:0;st:w;sR:7500;sA:9000;\"\n\t\t\t\t\t\t\t\t\tstyle=\"z-index:6;\"\n\t\t\t\t\t\t\t\t><!--\n\t\t\t\t\t\t\t\t\t--><rs-layer\n\t\t\t\t\t\t\t\t\t\tid=\"slider-11-slide-34-layer-4\" \n\t\t\t\t\t\t\t\t\t\tclass=\"tm-button tm-button-nm header-button style-flat rev-btn\"\n\t\t\t\t\t\t\t\t\t\tdata-type=\"button\"\n\t\t\t\t\t\t\t\t\t\tdata-color=\"rgba(255,255,255,1)\"\n\t\t\t\t\t\t\t\t\t\tdata-xy=\"x:l,l,c,c;yo:0,0,-81px,-81px;\"\n\t\t\t\t\t\t\t\t\t\tdata-pos=\"r\"\n\t\t\t\t\t\t\t\t\t\tdata-text=\"w:normal;s:15;l:56;fw:700;a:center;\"\n\t\t\t\t\t\t\t\t\t\tdata-dim=\"w:175px;h:56px;\"\n\t\t\t\t\t\t\t\t\t\tdata-actions='id:dkk-2026-registreeri;o:click;a:scrollto;sp:1000ms;e:power1.inOut;'\n\t\t\t\t\t\t\t\t\t\tdata-rsp_o=\"off\"\n\t\t\t\t\t\t\t\t\t\tdata-rsp_bd=\"off\"\n\t\t\t\t\t\t\t\t\t\tdata-disp=\"inline-block\"\n\t\t\t\t\t\t\t\t\t\tdata-padding=\"r:30;l:30;\"\n\t\t\t\t\t\t\t\t\t\tdata-border=\"bor:5px,5px,5px,5px;\"\n\t\t\t\t\t\t\t\t\t\tdata-frame_0=\"y:50px;\"\n\t\t\t\t\t\t\t\t\t\tdata-frame_1=\"st:1000;sp:1500;sR:1000;\"\n\t\t\t\t\t\t\t\t\t\tdata-frame_999=\"o:0;st:w;sR:6500;\"\n\t\t\t\t\t\t\t\t\t\tdata-frame_hover=\"bgc:#fff;boc:#38cb89;bor:5px,5px,5px,5px;bos:solid;oX:50;oY:50;sp:0ms;e:power0.in;\"\n\t\t\t\t\t\t\t\t\t\tstyle=\"z-index:7;background-color:#f7921e;font-family:'Red Hat Display';cursor:pointer;display:inline-block;\"\n\t\t\t\t\t\t\t\t\t>Registreeri siit \n\t\t\t\t\t\t\t\t\t<\/rs-layer><!--\n\t\t\t\t\t\t\t\t--><\/rs-group><!--\n\t\t\t\t\t\t\t--><\/rs-group><!--\n\n\t\t\t\t\t\t\t--><rs-group\n\t\t\t\t\t\t\t\tid=\"slider-11-slide-34-layer-8\" \n\t\t\t\t\t\t\t\tdata-type=\"group\"\n\t\t\t\t\t\t\t\tdata-rsp_ch=\"on\"\n\t\t\t\t\t\t\t\tdata-xy=\"x:l,l,c,c;xo:50px,0,0,0;y:t,t,b,b;yo:0,0,-374px,-374px;\"\n\t\t\t\t\t\t\t\tdata-pos=\"a\"\n\t\t\t\t\t\t\t\tdata-text=\"w:normal;a:left,left,center,center;\"\n\t\t\t\t\t\t\t\tdata-dim=\"w:40%,40%,100%,100%;h:100%,100%,1007px,1007px;\"\n\t\t\t\t\t\t\t\tdata-frame_0=\"o:1;\"\n\t\t\t\t\t\t\t\tdata-frame_1=\"st:180;sp:1500;sR:180;\"\n\t\t\t\t\t\t\t\tdata-frame_999=\"o:0;st:w;sR:7320;sA:9000;\"\n\t\t\t\t\t\t\t\tstyle=\"z-index:6;\"\n\t\t\t\t\t\t\t><!--\n\t\t\t\t\t\t\t\t--><rs-layer\n\t\t\t\t\t\t\t\t\tid=\"slider-11-slide-34-layer-1\" \n\t\t\t\t\t\t\t\t\tclass=\"dkk-image\"\n\t\t\t\t\t\t\t\t\tdata-type=\"image\"\n\t\t\t\t\t\t\t\t\tdata-rsp_ch=\"on\"\n\t\t\t\t\t\t\t\t\tdata-xy=\"x:l,l,c,c;yo:50px,50px,0,0;\"\n\t\t\t\t\t\t\t\t\tdata-pos=\"r\"\n\t\t\t\t\t\t\t\t\tdata-text=\"l:22;a:inherit;\"\n\t\t\t\t\t\t\t\t\tdata-dim=\"w:100%,90%,90%,90%;maxw:none,none,500px,none;\"\n\t\t\t\t\t\t\t\t\tdata-margin=\"t:10;l:130,130,130,30;\"\n\t\t\t\t\t\t\t\t\tdata-frame_0=\"y:50px;\"\n\t\t\t\t\t\t\t\t\tdata-frame_1=\"st:180;sp:1500;\"\n\t\t\t\t\t\t\t\t\tdata-frame_999=\"o:0;st:w;sR:7320;\"\n\t\t\t\t\t\t\t\t\tstyle=\"z-index:6;\"\n\t\t\t\t\t\t\t\t><img decoding=\"async\" src=\"\/\/lexi.market\/wp-content\/plugins\/revslider\/sr6\/assets\/assets\/dummy.png\" alt=\"DKK illustration\" class=\"tp-rs-img rs-lazyload\" width=\"2562\" height=\"2900\" data-lazyload=\"\/\/lexi.market\/wp-content\/uploads\/2026\/03\/DKK-illustration@3x.png\" data-no-retina> \n\t\t\t\t\t\t\t\t<\/rs-layer><!--\n\t\t\t\t\t\t\t--><\/rs-group><!--\n-->\t\t\t\t\t<\/rs-slide>\n\t\t\t\t\t<\/rs-slides>\n\t\t\t\t\t<rs-static-layers><!--\n\t\t\t\t\t--><\/rs-static-layers>\n\t\t\t\t<\/rs-module>\n\t\t\t\t<script>\n\t\t\t\t\tsetREVStartSize({c: 'slider',rl:[1240,1024,778,480],el:[900,768,992,816],gw:[1800,1024,821,576],gh:[900,768,992,816],type:'hero',justify:'',layout:'fullwidth',mh:\"1113\"});if (window.RS_MODULES!==undefined && window.RS_MODULES.modules!==undefined && window.RS_MODULES.modules[\"slider\"]!==undefined) {window.RS_MODULES.modules[\"slider\"].once = false;window.revapi11 = undefined;if (window.RS_MODULES.checkMinimal!==undefined) window.RS_MODULES.checkMinimal()}\n\t\t\t\t<\/script>\n\t\t\t<\/rs-module-wrap>\n\t\t\t<!-- END REVOLUTION SLIDER -->\n[\/vc_column][\/vc_row][vc_section][vc_row][vc_column][tm_heading style=&#8221;common&#8221; tag=&#8221;h2&#8243; custom_google_font=&#8221;&#8221;]Asukoht ja aeg[\/tm_heading][tm_spacer size=&#8221;lg:50&#8243;][\/vc_column][vc_column][vc_row_inner el_class=&#8221;lm-block&#8221; lg_spacing=&#8221;margin_bottom:0;border_bottom:0;padding_bottom:12&#8243;][vc_column_inner width=&#8221;1\/2&#8243;][tm_box_icon style=&#8221;09&#8243; icon_type=&#8221;fontawesome5&#8243; icon_fontawesome5=&#8221;fal fa-map-marker-alt&#8221; el_class=&#8221;time-and-date&#8221; heading=&#8221;Centennial Nexus Hotel Tallinn, Endla 15&#8243;][\/vc_column_inner][vc_column_inner width=&#8221;1\/2&#8243;][tm_box_icon style=&#8221;09&#8243; icon_type=&#8221;fontawesome5&#8243; icon_fontawesome5=&#8221;fal fa-clock&#8221; el_class=&#8221;time-and-date&#8221; heading=&#8221;23. aprill 2026, kell 9:00 \u2013 12:15&#8243;][\/vc_column_inner][\/vc_row_inner][\/vc_column][\/vc_row][vc_row][vc_column][tm_spacer size=&#8221;lg:50&#8243;][tm_heading style=&#8221;common&#8221; tag=&#8221;h2&#8243; custom_google_font=&#8221;&#8221;]Konverentsi kava[\/tm_heading][tm_spacer size=&#8221;lg:30&#8243;][\/vc_column][\/vc_row][vc_row][vc_column][vc_raw_html]JTVCd3Bjb2RlJTIwaWQlM0QlMjI2MDQ1JTIyJTVE[\/vc_raw_html][\/vc_column][\/vc_row][vc_row][vc_column][tm_spacer size=&#8221;lg:50&#8243;][\/vc_column][\/vc_row][vc_row full_width=&#8221;stretch_row&#8221; disable_element=&#8221;yes&#8221; background_color=&#8221;custom&#8221; custom_background_color=&#8221;#f6f6f6&#8243; el_id=&#8221;dkk-2024-registreeri&#8221;][vc_column content_alignment=&#8221;center&#8221; max_width=&#8221;100%&#8221;][tm_spacer size=&#8221;lg:70&#8243;][vc_column_text]<\/p>\n<p style=\"text-align: center; color: #1f1f1f; font-size: 16px;\">Registreerimine konverentsile on l\u00f5ppenud. Hetkel on k\u00f5ik kohad t\u00e4itunud!<\/p>\n<p>[\/vc_column_text][tm_spacer size=&#8221;lg:70&#8243;][\/vc_column][\/vc_row][vc_row full_width=&#8221;stretch_row&#8221; background_color=&#8221;custom&#8221; custom_background_color=&#8221;#f6f6f6&#8243; el_id=&#8221;dkk-2026-registreeri&#8221;][vc_column content_alignment=&#8221;center&#8221; max_width=&#8221;100%&#8221;][tm_spacer size=&#8221;lg:70&#8243;][vc_raw_html]JTNDZGl2JTIwY2xhc3MlM0QlMjJwaXBlZHJpdmVXZWJGb3JtcyUyMiUyMHN0eWxlJTNEJTIydGV4dC1hbGlnbiUzQWNlbnRlciUzQiUyMG1hcmdpbiUzQTAlMjBhdXRvJTIyJTIwZGF0YS1wZC13ZWJmb3JtcyUzRCUyMiUwQWh0dHBzJTNBJTJGJTJGd2ViZm9ybXMucGlwZWRyaXZlLmNvbSUyRmYlMkZubFBFamxkM3Uxb0RNTXJaejB5TmFrYUpxT0hTSTNRTWVZRmtIaW1FVHJ1QTVxcktvUUtLd3d4RVh2cDhYT1glMjIlM0UlM0NzY3JpcHQlMjBzcmMlM0QlMjJodHRwcyUzQSUyRiUyRndlYmZvcm1zLnBpcGVkcml2ZS5jb20lMkZmJTJGbG9hZGVyJTIyJTNFJTNDJTJGc2NyaXB0JTNFJTNDJTJGZGl2JTNFJTBB[\/vc_raw_html][tm_spacer size=&#8221;lg:70&#8243;][\/vc_column][\/vc_row][vc_row][vc_column][tm_spacer size=&#8221;lg:50&#8243;][tm_heading style=&#8221;common&#8221; tag=&#8221;h2&#8243; custom_google_font=&#8221;&#8221;]Parkimise info[\/tm_heading][tm_spacer size=&#8221;lg:50&#8243;][\/vc_column][vc_column][vc_row_inner el_class=&#8221;lm-block&#8221;][vc_column_inner width=&#8221;1\/2&#8243;][tm_box_icon style=&#8221;09&#8243; icon_type=&#8221;fontawesome5&#8243; icon_fontawesome5=&#8221;fal fa-parking&#8221; el_class=&#8221;time-and-date&#8221; heading=&#8221;A &#8211; L\u00f5kke tn 2 parka&#8221; text=&#8221;Parkimistsoon EP212, 1h \/ 5 \u20ac<br \/>\nKonverentsi osalejatele 10\u20ac \/ p\u00e4ev<br \/>\nAuto tuleb registreerida ja parkimise eest tasuda hotelli vastuv\u00f5tus.&#8221; box_link=&#8221;rel:nofollow&#8221;][tm_spacer size=&#8221;lg:10&#8243;][tm_box_icon style=&#8221;09&#8243; icon_type=&#8221;fontawesome5&#8243; icon_fontawesome5=&#8221;fal fa-parking&#8221; el_class=&#8221;time-and-date&#8221; heading=&#8221;B* &#8211; Endla tn 15 parka&#8221; text=&#8221;Parkimistsoon YT5, 1h \/ 6 \u20ac (iga alustatud 30 min 3\u20ac)<br \/>\nRohkem info: www.europark.ee&#8221;][tm_spacer size=&#8221;lg:30&#8243;][tm_image image=&#8221;6018&#8243;][\/vc_column_inner][vc_column_inner width=&#8221;1\/2&#8243;][tm_spacer size=&#8221;xs:30;sm:30;md:0;lg:0&#8243;][tm_box_icon style=&#8221;09&#8243; icon_type=&#8221;fontawesome5&#8243; icon_fontawesome5=&#8221;fal fa-parking&#8221; el_class=&#8221;time-and-date&#8221; heading=&#8221;C* &#8211; Endla tn 8 parka&#8221; text=&#8221;Parkimistsoon CP16. Rohkem infot: www.eparkimine.ee&#8221;][tm_spacer size=&#8221;lg:10&#8243;][tm_box_icon style=&#8221;09&#8243; icon_type=&#8221;fontawesome5&#8243; icon_fontawesome5=&#8221;fal fa-parking&#8221; el_class=&#8221;time-and-date&#8221; heading=&#8221;D* &#8211; Luise tn 19\/21 parkla&#8221; text=&#8221;Parkimistsoon EP105. Rohkem infot: www.europark.ee&#8221;][tm_spacer size=&#8221;lg:10&#8243;][tm_box_icon style=&#8221;09&#8243; icon_type=&#8221;fontawesome5&#8243; icon_fontawesome5=&#8221;fal fa-parking&#8221; el_class=&#8221;time-and-date&#8221; heading=&#8221;E* &#8211; Suur-Ameerika tn 26 parkla&#8221; text=&#8221;Kesklinna parkimisstsoon. Rohkem infot: www.parkimine.ee&#8221;][tm_spacer size=&#8221;lg:10&#8243;][tm_heading tag=&#8221;div&#8221; custom_google_font=&#8221;&#8221; font_weight=&#8221;600&#8243; font_size=&#8221;lg:18&#8243; line_height=&#8221;1.78&#8243; max_width=&#8221;500px&#8221;]*NB! ei ole hotelli parkla.[\/tm_heading][tm_spacer size=&#8221;lg:20&#8243;][\/vc_column_inner][\/vc_row_inner][\/vc_column][\/vc_row][vc_row][vc_column][tm_spacer size=&#8221;lg:50&#8243;][\/vc_column][\/vc_row][\/vc_section]<\/p>\n<\/section>","protected":false},"excerpt":{"rendered":"<p>[vc_row full_width=&#8221;stretch_row_content&#8221; lg_spacing=&#8221;margin_bottom:0;border_bottom:0;padding_bottom:0&#8243;][vc_column][\/vc_column][\/vc_row][vc_section][vc_row][vc_column][tm_heading style=&#8221;common&#8221; tag=&#8221;h2&#8243; custom_google_font=&#8221;&#8221;]Asukoht ja aeg[\/tm_heading][tm_spacer size=&#8221;lg:50&#8243;][\/vc_column][vc_column][vc_row_inner el_class=&#8221;lm-block&#8221; lg_spacing=&#8221;margin_bottom:0;border_bottom:0;padding_bottom:12&#8243;][vc_column_inner width=&#8221;1\/2&#8243;][tm_box_icon style=&#8221;09&#8243; icon_type=&#8221;fontawesome5&#8243; icon_fontawesome5=&#8221;fal fa-map-marker-alt&#8221; el_class=&#8221;time-and-date&#8221; heading=&#8221;Centennial Nexus Hotel Tallinn, Endla 15&#8243;][\/vc_column_inner][vc_column_inner width=&#8221;1\/2&#8243;][tm_box_icon style=&#8221;09&#8243; icon_type=&#8221;fontawesome5&#8243; icon_fontawesome5=&#8221;fal fa-clock&#8221; el_class=&#8221;time-and-date&#8221; heading=&#8221;23. aprill 2026, kell 9:00 \u2013 12:15&#8243;][\/vc_column_inner][\/vc_row_inner][\/vc_column][\/vc_row][vc_row][vc_column][tm_spacer size=&#8221;lg:50&#8243;][tm_heading style=&#8221;common&#8221; tag=&#8221;h2&#8243; custom_google_font=&#8221;&#8221;]Konverentsi kava[\/tm_heading][tm_spacer size=&#8221;lg:30&#8243;][\/vc_column][\/vc_row][vc_row][vc_column][vc_raw_html]JTVCd3Bjb2RlJTIwaWQlM0QlMjI2MDQ1JTIyJTVE[\/vc_raw_html][\/vc_column][\/vc_row][vc_row][vc_column][tm_spacer size=&#8221;lg:50&#8243;][\/vc_column][\/vc_row][vc_row full_width=&#8221;stretch_row&#8221; disable_element=&#8221;yes&#8221; background_color=&#8221;custom&#8221; custom_background_color=&#8221;#f6f6f6&#8243; el_id=&#8221;dkk-2024-registreeri&#8221;][vc_column content_alignment=&#8221;center&#8221; max_width=&#8221;100%&#8221;][tm_spacer size=&#8221;lg:70&#8243;][vc_column_text] Registreerimine konverentsile on l\u00f5ppenud. Hetkel on k\u00f5ik kohad t\u00e4itunud! [\/vc_column_text][tm_spacer size=&#8221;lg:70&#8243;][\/vc_column][\/vc_row][vc_row full_width=&#8221;stretch_row&#8221; background_color=&#8221;custom&#8221; custom_background_color=&#8221;#f6f6f6&#8243; el_id=&#8221;dkk-2026-registreeri&#8221;][vc_column content_alignment=&#8221;center&#8221; max_width=&#8221;100%&#8221;][tm_spacer size=&#8221;lg:70&#8243;][vc_raw_html]JTNDZGl2JTIwY2xhc3MlM0QlMjJwaXBlZHJpdmVXZWJGb3JtcyUyMiUyMHN0eWxlJTNEJTIydGV4dC1hbGlnbiUzQWNlbnRlciUzQiUyMG1hcmdpbiUzQTAlMjBhdXRvJTIyJTIwZGF0YS1wZC13ZWJmb3JtcyUzRCUyMiUwQWh0dHBzJTNBJTJGJTJGd2ViZm9ybXMucGlwZWRyaXZlLmNvbSUyRmYlMkZubFBFamxkM3Uxb0RNTXJaejB5TmFrYUpxT0hTSTNRTWVZRmtIaW1FVHJ1QTVxcktvUUtLd3d4RVh2cDhYT1glMjIlM0UlM0NzY3JpcHQlMjBzcmMlM0QlMjJodHRwcyUzQSUyRiUyRndlYmZvcm1zLnBpcGVkcml2ZS5jb20lMkZmJTJGbG9hZGVyJTIyJTNFJTNDJTJGc2NyaXB0JTNFJTNDJTJGZGl2JTNFJTBB[\/vc_raw_html][tm_spacer size=&#8221;lg:70&#8243;][\/vc_column][\/vc_row][vc_row][vc_column][tm_spacer size=&#8221;lg:50&#8243;][tm_heading style=&#8221;common&#8221; tag=&#8221;h2&#8243; custom_google_font=&#8221;&#8221;]Parkimise info[\/tm_heading][tm_spacer size=&#8221;lg:50&#8243;][\/vc_column][vc_column][vc_row_inner el_class=&#8221;lm-block&#8221;][vc_column_inner width=&#8221;1\/2&#8243;][tm_box_icon style=&#8221;09&#8243; icon_type=&#8221;fontawesome5&#8243; icon_fontawesome5=&#8221;fal fa-parking&#8221; el_class=&#8221;time-and-date&#8221; heading=&#8221;A &#8211; L\u00f5kke tn 2 parka&#8221; text=&#8221;Parkimistsoon EP212, 1h \/ 5 \u20ac Konverentsi osalejatele 10\u20ac \/ p\u00e4ev Auto tuleb registreerida ja parkimise eest tasuda hotelli vastuv\u00f5tus.&#8221; box_link=&#8221;rel:nofollow&#8221;][tm_spacer size=&#8221;lg:10&#8243;][tm_box_icon style=&#8221;09&#8243; icon_type=&#8221;fontawesome5&#8243; icon_fontawesome5=&#8221;fal fa-parking&#8221; el_class=&#8221;time-and-date&#8221; heading=&#8221;B* &#8211; Endla tn 15 parka&#8221; text=&#8221;Parkimistsoon YT5, 1h \/ 6 \u20ac (iga alustatud 30 min 3\u20ac) Rohkem info: www.europark.ee&#8221;][tm_spacer size=&#8221;lg:30&#8243;][tm_image image=&#8221;6018&#8243;][\/vc_column_inner][vc_column_inner width=&#8221;1\/2&#8243;][tm_spacer size=&#8221;xs:30;sm:30;md:0;lg:0&#8243;][tm_box_icon style=&#8221;09&#8243; icon_type=&#8221;fontawesome5&#8243; icon_fontawesome5=&#8221;fal fa-parking&#8221; el_class=&#8221;time-and-date&#8221; heading=&#8221;C* &#8211; Endla tn 8 parka&#8221; text=&#8221;Parkimistsoon CP16. Rohkem infot: www.eparkimine.ee&#8221;][tm_spacer size=&#8221;lg:10&#8243;][tm_box_icon style=&#8221;09&#8243; icon_type=&#8221;fontawesome5&#8243; icon_fontawesome5=&#8221;fal fa-parking&#8221; el_class=&#8221;time-and-date&#8221; heading=&#8221;D* &#8211; Luise tn 19\/21 parkla&#8221; text=&#8221;Parkimistsoon EP105. Rohkem infot: www.europark.ee&#8221;][tm_spacer size=&#8221;lg:10&#8243;][tm_box_icon style=&#8221;09&#8243; icon_type=&#8221;fontawesome5&#8243; icon_fontawesome5=&#8221;fal fa-parking&#8221; el_class=&#8221;time-and-date&#8221; heading=&#8221;E* &#8211; Suur-Ameerika tn 26 parkla&#8221; text=&#8221;Kesklinna parkimisstsoon. Rohkem infot: www.parkimine.ee&#8221;][tm_spacer size=&#8221;lg:10&#8243;][tm_heading tag=&#8221;div&#8221; custom_google_font=&#8221;&#8221; font_weight=&#8221;600&#8243; font_size=&#8221;lg:18&#8243; line_height=&#8221;1.78&#8243; max_width=&#8221;500px&#8221;]*NB! ei ole hotelli parkla.[\/tm_heading][tm_spacer size=&#8221;lg:20&#8243;][\/vc_column_inner][\/vc_row_inner][\/vc_column][\/vc_row][vc_row][vc_column][tm_spacer size=&#8221;lg:50&#8243;][\/vc_column][\/vc_row][\/vc_section]<\/p>\n","protected":false},"author":10,"featured_media":0,"parent":0,"menu_order":0,"comment_status":"closed","ping_status":"closed","template":"","meta":{"footnotes":""},"class_list":["post-6009","page","type-page","status-publish","hentry","post-no-thumbnail"],"_links":{"self":[{"href":"https:\/\/lexi.market\/et\/wp-json\/wp\/v2\/pages\/6009","targetHints":{"allow":["GET"]}}],"collection":[{"href":"https:\/\/lexi.market\/et\/wp-json\/wp\/v2\/pages"}],"about":[{"href":"https:\/\/lexi.market\/et\/wp-json\/wp\/v2\/types\/page"}],"author":[{"embeddable":true,"href":"https:\/\/lexi.market\/et\/wp-json\/wp\/v2\/users\/10"}],"replies":[{"embeddable":true,"href":"https:\/\/lexi.market\/et\/wp-json\/wp\/v2\/comments?post=6009"}],"version-history":[{"count":51,"href":"https:\/\/lexi.market\/et\/wp-json\/wp\/v2\/pages\/6009\/revisions"}],"predecessor-version":[{"id":6070,"href":"https:\/\/lexi.market\/et\/wp-json\/wp\/v2\/pages\/6009\/revisions\/6070"}],"wp:attachment":[{"href":"https:\/\/lexi.market\/et\/wp-json\/wp\/v2\/media?parent=6009"}],"curies":[{"name":"wp","href":"https:\/\/api.w.org\/{rel}","templated":true}]}}