{"id":4129,"date":"2023-06-26T11:02:28","date_gmt":"2023-06-26T08:02:28","guid":{"rendered":"https:\/\/lexi.market\/?page_id=4129"},"modified":"2026-03-06T13:32:52","modified_gmt":"2026-03-06T11:32:52","slug":"andmekaitsetingimused","status":"publish","type":"page","link":"https:\/\/lexi.market\/et\/andmekaitsetingimused\/","title":{"rendered":"Andmekaitsetingimused"},"content":{"rendered":"<section class=\"wpb-content-wrapper\"><p>[vc_row][vc_column][vc_column_text]<\/p>\n<h5>1. \u00dclds\u00e4tted<\/h5>\n<p>1.1. K\u00e4esolevad andmekaitsetingimused reguleerivad isikuandmete kogumist, t\u00f6\u00f6tlemist ja s\u00e4ilitamist k\u00e4sitlevaid p\u00f5him\u00f5tteid. Isikuandmeid kogub t\u00f6\u00f6tleb ja s\u00e4ilitab isikuandmete vastutav t\u00f6\u00f6tleja\u00a0<strong>Brightspark O\u00dc<\/strong>\u00a0(edaspidi andmet\u00f6\u00f6tleja).<br \/>\n1.2. Andmesubjekt andmekaitsetingimuste t\u00e4henduses on klient, kandidaat v\u00f5i muu f\u00fc\u00fcsiline isik, kelle isikuandmeid andmet\u00f6\u00f6tleja t\u00f6\u00f6tleb.<br \/>\n1.3. Klient andmekaitsetingimuste t\u00e4henduses on iga\u00fcks, kes ostab andmet\u00f6\u00f6tleja kodulehe kaudu ettev\u00f5tte teenuseid.<br \/>\n1.4. Andmet\u00f6\u00f6tleja j\u00e4rgib \u00f5igusaktides s\u00e4testatud andmete t\u00f6\u00f6tlemise p\u00f5him\u00f5tteid, muuhulgas t\u00f6\u00f6tleb andmet\u00f6\u00f6tleja isikuandmeid seaduslikult, \u00f5iglaselt ja turvaliselt. Andmet\u00f6\u00f6tleja on v\u00f5imeline kinnitama, et isikuandmeid on t\u00f6\u00f6deldud vastavalt \u00f5igusaktides s\u00e4testatule.<\/p>\n<h5>2. Isikuandmete kogumine, t\u00f6\u00f6tlemine ja s\u00e4ilitamine<\/h5>\n<p>2.1. Isikuandmed, mida andmet\u00f6\u00f6tleja kogub, t\u00f6\u00f6tleb ja s\u00e4ilitab, on kogutud elektrooniliselt, peamiselt kodulehe ja e-posti vahendusel.<br \/>\n2.2. Oma isikuandmete jagamisega annab andmesubjekt andmet\u00f6\u00f6tlejale \u00f5iguse koguda, korraldada, kasutada ja hallata andmekaitsetingimustes m\u00e4\u00e4ratletud eesm\u00e4rgil isikuandmeid, mida andmesubjekt otse v\u00f5i kaudselt kodulehel teenuseid ostes andmet\u00f6\u00f6tlejale jagab.<br \/>\n2.3. Andmesubjekt vastutab selle eest, et tema poolt esitatud andmed oleksid t\u00e4psed, \u00f5iged ja terviklikud. Teadlikult valeandmete esitamist peetakse andmekaitsetingimuste rikkumiseks. Andmesubjekt on kohustatud andmet\u00f6\u00f6tlejat viivitamatult teavitama esitatud andmete muutumisest.<br \/>\n2.4. Andmet\u00f6\u00f6tleja ei vastuta andmesubjekti poolt valeandmete esitamisest p\u00f5hjustatud kahju eest andmesubjektile v\u00f5i kolmandatele osapooltele.<\/p>\n<h5>3. Klientide isikuandmete t\u00f6\u00f6tlemine<\/h5>\n<p>3.1. Andmet\u00f6\u00f6tleja v\u00f5ib t\u00f6\u00f6delda j\u00e4rgnevaid andmesubjekti isikuandmeid:<br \/>\n3.1.1. Ees- ja perekonnanimi;<br \/>\n3.1.2. S\u00fcnnikuup\u00e4ev;<br \/>\n3.1.3. Telefoninumber;<br \/>\n3.1.4. E-posti aadress;<br \/>\n3.1.5. Arvelduskonto number;<\/p>\n<p>3.2. Lisaks eeltoodule on andmet\u00f6\u00f6tlejal \u00f5igus koguda kliendi kohta andmeid, mis on k\u00e4ttesaadavad avalikes registrites (sh juriidilise isiku ametliku esindaja isikukood).<br \/>\n3.3. Isikuandmete t\u00f6\u00f6tlemise \u00f5iguslik alus on isikuandmete kaitse \u00fcldm\u00e4\u00e4ruse paragrahv 6 lg 1 p-d a), b), c) ja f):<br \/>\n3.3.1. Andmesubjekt on andnud n\u00f5usoleku t\u00f6\u00f6delda oma isikuandmeid \u00fchel v\u00f5i mitmel konkreetsel eesm\u00e4rgil;<br \/>\n3.3.2. Isikuandmete t\u00f6\u00f6tlemine on vajalik andmesubjekti osalusel s\u00f5lmitud lepingu t\u00e4itmiseks v\u00f5i lepingu s\u00f5lmimisele eelnevate meetmete v\u00f5tmiseks vastavalt andmesubjekti taotlusele;<br \/>\n3.3.3. Isikuandmete t\u00f6\u00f6tlemine on vajalik andmesubjekti sobivuse hindamisel vabale ametikohale ja t\u00f6\u00f6lepingu s\u00f5lmimisel;<br \/>\n3.3.4. Isikuandmete t\u00f6\u00f6tlemine on vajalik vastutava t\u00f6\u00f6tleja juriidilise kohustuse t\u00e4itmiseks;<br \/>\n3.3.5. Isikuandmete t\u00f6\u00f6tlemine on vajalik vastutava t\u00f6\u00f6tleja v\u00f5i kolmanda isiku \u00f5igustatud huvi korral, v\u00e4lja arvatud juhul, kui sellise huvi kaaluvad \u00fcles andmesubjekti huvid v\u00f5i p\u00f5hi\u00f5igused ja -vabadused, mille nimel tuleb kaitsta isikuandmeid, eriti juhul kui andmesubjekt on laps.<\/p>\n<p>3.4. Isikuandmete t\u00f6\u00f6tlemine vastavalt t\u00f6\u00f6tlemise eesm\u00e4rgile:<br \/>\n3.4.1. T\u00f6\u00f6tlemise eesm\u00e4rk \u2013 julgeolek ja turvalisus<br \/>\nIsikuandmete s\u00e4ilitamise maksimaalne aeg \u2013 vastavalt seaduses nimetatud t\u00e4htaegadele<br \/>\n3.4.2. T\u00f6\u00f6tlemise eesm\u00e4rk \u2013 infop\u00e4ringule vastamine<br \/>\nIsikuandmete s\u00e4ilitamise maksimaalne aeg \u2013\u00a0s\u00e4ilitatakse m\u00fc\u00fcgitarkvaras kuni m\u00fc\u00fcgiprotsessi l\u00f5puni (m\u00fc\u00fcgiprotsessi l\u00f5ppu fikseerib andmesubjekti \u00e4ra\u00fctlev kirjalik teade)<br \/>\n3.4.3. T\u00f6\u00f6tlemise eesm\u00e4rk \u2013 teenuste toimimise tagamine<br \/>\nIsikuandmete s\u00e4ilitamise maksimaalne aeg \u2013\u00a0s\u00e4ilitatakse m\u00fc\u00fcgitarkvaras kuni andmesubjektiga seotud lepingus toodud kohustuste t\u00e4ieliku t\u00e4itmiseni<br \/>\n3.4.4. T\u00f6\u00f6tlemise eesm\u00e4rk \u2013 kliendihaldus ja turundus<br \/>\nIsikuandmete s\u00e4ilitamise maksimaalne aeg \u2013\u00a0s\u00e4ilitatakse m\u00fc\u00fcgitarkvaras alates esmakontaktist andmesubjektiga kuni tema kirjaliku soovini andmete eemaldamiseks<br \/>\n3.4.5. T\u00f6\u00f6tlemise eesm\u00e4rk \u2013 finantstegevus, raamatupidamine<br \/>\nIsikuandmete s\u00e4ilitamise maksimaalne aeg \u2013 vastavalt seaduses nimetatud t\u00e4htaegadele<br \/>\n3.4.6. T\u00f6\u00f6tlemise eesm\u00e4rk &#8211; personalihaldus<br \/>\nIsikuandmete s\u00e4ilitamise maksimaalne aeg \u2013 t\u00f6\u00f6suhte kehtimise ajal<br \/>\n3.4.7. T\u00f6\u00f6tlemise eesm\u00e4rk &#8211; v\u00e4rbamine<br \/>\nIsikuandmete s\u00e4ilitamise maksimaalne aeg &#8211; kuni konkursi l\u00f5puni<\/p>\n<p>3.5. Andmet\u00f6\u00f6tlejal on \u00f5igus klientide isikuandmeid jagada kolmandate isikutega, kelleks on n\u00e4iteks volitatud andmet\u00f6\u00f6tlejad, raamatupidajad, transpordi- ja kullerettev\u00f5tted, \u00fclekandeteenuseid pakkuvad ettev\u00f5tted Andmet\u00f6\u00f6tleja on isikuandmete vastutav t\u00f6\u00f6tleja.<br \/>\n3.6. Andmesubjekti isikuandmete t\u00f6\u00f6tlemisel ja s\u00e4ilitamisel rakendab andmet\u00f6\u00f6tleja organisatoorseid ja tehnilisi meetmeid, mis tagavad isikuandmete kaitse juhusliku v\u00f5i ebaseadusliku h\u00e4vitamise, muutmise, avalikustamise ja mis tahes muu ebaseadusliku t\u00f6\u00f6tlemise eest.<br \/>\n3.7. Andmet\u00f6\u00f6tleja s\u00e4ilitab andmesubjektide andmeid s\u00f5ltuvalt t\u00f6\u00f6tlemise eesm\u00e4rgist, kuid mitte kauem kui\u00a010\u00a0aastat.<\/p>\n<h5>4. Andmesubjekti \u00f5igused<\/h5>\n<p>4.1. Andmesubjektil on \u00f5igus teha j\u00e4relep\u00e4rimine enda kohta kogutud isikuandmetele.<br \/>\n4.2. Andmesubjektil on \u00f5igus saada informatsiooni tema isikuandmete t\u00f6\u00f6tlemise kohta.<br \/>\n4.3. Andmesubjektil on \u00f5igus t\u00e4iendada v\u00f5i parandada ebat\u00e4pseid andmeid.<br \/>\n4.4. Kui andmet\u00f6\u00f6tleja t\u00f6\u00f6tleb andmesubjekti isikuandmeid andmesubjekti n\u00f5usoleku alusel, siis on andmesubjektil \u00f5igus igal ajal n\u00f5usolek tagasi v\u00f5tta.<br \/>\n4.5. Andmesubjekt saab \u00f5iguste teostamiseks p\u00f6\u00f6rduda e-poe klienditoe poole aadressil\u00a0info@brightspark.ee.<br \/>\n4.6. Andmesubjektil on oma \u00f5iguste kaitseks v\u00f5imalik esitada kaebus Andmekaitse Inspektsioonile.<\/p>\n<h5>5. L\u00f5pps\u00e4tted<\/h5>\n<p>5.1. K\u00e4esolevad andmekaitsetingimused on koostatud koosk\u00f5las Euroopa Parlamendi ja n\u00f5ukogu m\u00e4\u00e4rusega (EL) nr 2016\/679 f\u00fc\u00fcsiliste isikute kaitse kohta isikuandmete t\u00f6\u00f6tlemisel ja selliste andmete vaba liikumise ning direktiivi 95\/46 \/ E\u00dc kehtetuks tunnistamise kohta \/ E\u00dc (isikuandmete kaitse \u00fcldm\u00e4\u00e4rus), Eesti Vabariigi isikuandmete kaitse seadusega ning Eesti Vabariigi ja Euroopa Liidu \u00f5igusaktidega.<br \/>\n5.2. Andmet\u00f6\u00f6tlejal on \u00f5igus andmekaitsetingimusi osaliselt v\u00f5i t\u00e4ielikult muuta, teavitades andmesubjekte muudatustest kodulehe https:\/\/lexi.market<strong>\u00a0<\/strong>kaudu.[\/vc_column_text][\/vc_column][\/vc_row]<\/p>\n<\/section>","protected":false},"excerpt":{"rendered":"<p>[vc_row][vc_column][vc_column_text] 1. \u00dclds\u00e4tted 1.1. K\u00e4esolevad andmekaitsetingimused reguleerivad isikuandmete kogumist, t\u00f6\u00f6tlemist ja s\u00e4ilitamist k\u00e4sitlevaid p\u00f5him\u00f5tteid. Isikuandmeid kogub t\u00f6\u00f6tleb ja s\u00e4ilitab isikuandmete vastutav t\u00f6\u00f6tleja\u00a0Brightspark O\u00dc\u00a0(edaspidi andmet\u00f6\u00f6tleja). 1.2. Andmesubjekt andmekaitsetingimuste t\u00e4henduses on klient, kandidaat v\u00f5i muu f\u00fc\u00fcsiline isik, kelle isikuandmeid andmet\u00f6\u00f6tleja t\u00f6\u00f6tleb. 1.3. Klient andmekaitsetingimuste t\u00e4henduses on iga\u00fcks, kes ostab andmet\u00f6\u00f6tleja kodulehe kaudu ettev\u00f5tte teenuseid. 1.4. Andmet\u00f6\u00f6tleja j\u00e4rgib \u00f5igusaktides s\u00e4testatud andmete t\u00f6\u00f6tlemise p\u00f5him\u00f5tteid, muuhulgas t\u00f6\u00f6tleb andmet\u00f6\u00f6tleja isikuandmeid seaduslikult, \u00f5iglaselt ja turvaliselt. Andmet\u00f6\u00f6tleja on v\u00f5imeline kinnitama, et isikuandmeid on t\u00f6\u00f6deldud vastavalt \u00f5igusaktides s\u00e4testatule. 2. Isikuandmete kogumine, t\u00f6\u00f6tlemine ja s\u00e4ilitamine 2.1. Isikuandmed, mida andmet\u00f6\u00f6tleja kogub, t\u00f6\u00f6tleb ja s\u00e4ilitab, on kogutud elektrooniliselt, peamiselt kodulehe ja e-posti vahendusel. 2.2. Oma isikuandmete jagamisega annab andmesubjekt andmet\u00f6\u00f6tlejale \u00f5iguse koguda, korraldada, kasutada ja hallata andmekaitsetingimustes m\u00e4\u00e4ratletud eesm\u00e4rgil isikuandmeid, mida andmesubjekt otse v\u00f5i kaudselt kodulehel teenuseid ostes andmet\u00f6\u00f6tlejale jagab. 2.3. Andmesubjekt vastutab selle eest, et tema poolt esitatud andmed oleksid t\u00e4psed, \u00f5iged ja terviklikud. Teadlikult valeandmete esitamist peetakse andmekaitsetingimuste rikkumiseks. Andmesubjekt on kohustatud andmet\u00f6\u00f6tlejat viivitamatult teavitama esitatud andmete muutumisest. 2.4. Andmet\u00f6\u00f6tleja ei vastuta andmesubjekti poolt valeandmete esitamisest p\u00f5hjustatud kahju eest andmesubjektile v\u00f5i kolmandatele osapooltele. 3. Klientide isikuandmete t\u00f6\u00f6tlemine 3.1. Andmet\u00f6\u00f6tleja v\u00f5ib t\u00f6\u00f6delda j\u00e4rgnevaid andmesubjekti isikuandmeid: 3.1.1. Ees- ja perekonnanimi; 3.1.2. S\u00fcnnikuup\u00e4ev; 3.1.3. Telefoninumber; 3.1.4. E-posti aadress; 3.1.5. Arvelduskonto number; 3.2. Lisaks eeltoodule on andmet\u00f6\u00f6tlejal \u00f5igus koguda kliendi kohta andmeid, mis on k\u00e4ttesaadavad avalikes registrites (sh juriidilise isiku ametliku esindaja isikukood). 3.3. Isikuandmete t\u00f6\u00f6tlemise \u00f5iguslik alus on isikuandmete kaitse \u00fcldm\u00e4\u00e4ruse paragrahv 6 lg 1 p-d a), b), c) ja f): 3.3.1. Andmesubjekt on andnud n\u00f5usoleku t\u00f6\u00f6delda oma isikuandmeid \u00fchel v\u00f5i mitmel konkreetsel eesm\u00e4rgil; 3.3.2. Isikuandmete t\u00f6\u00f6tlemine on vajalik andmesubjekti osalusel s\u00f5lmitud lepingu t\u00e4itmiseks v\u00f5i lepingu s\u00f5lmimisele eelnevate meetmete v\u00f5tmiseks vastavalt andmesubjekti taotlusele; 3.3.3. Isikuandmete t\u00f6\u00f6tlemine on vajalik andmesubjekti sobivuse hindamisel vabale ametikohale ja t\u00f6\u00f6lepingu s\u00f5lmimisel; 3.3.4. Isikuandmete t\u00f6\u00f6tlemine on vajalik vastutava t\u00f6\u00f6tleja juriidilise kohustuse t\u00e4itmiseks; 3.3.5. Isikuandmete t\u00f6\u00f6tlemine on vajalik vastutava t\u00f6\u00f6tleja v\u00f5i kolmanda isiku \u00f5igustatud huvi korral, v\u00e4lja arvatud juhul, kui sellise huvi kaaluvad \u00fcles andmesubjekti huvid v\u00f5i p\u00f5hi\u00f5igused ja -vabadused, mille nimel tuleb kaitsta isikuandmeid, eriti juhul kui andmesubjekt on laps. 3.4. Isikuandmete t\u00f6\u00f6tlemine vastavalt t\u00f6\u00f6tlemise eesm\u00e4rgile: 3.4.1. T\u00f6\u00f6tlemise eesm\u00e4rk \u2013 julgeolek ja turvalisus Isikuandmete s\u00e4ilitamise maksimaalne aeg \u2013 vastavalt seaduses nimetatud t\u00e4htaegadele 3.4.2. T\u00f6\u00f6tlemise eesm\u00e4rk \u2013 infop\u00e4ringule vastamine Isikuandmete s\u00e4ilitamise maksimaalne aeg \u2013\u00a0s\u00e4ilitatakse m\u00fc\u00fcgitarkvaras kuni m\u00fc\u00fcgiprotsessi l\u00f5puni (m\u00fc\u00fcgiprotsessi l\u00f5ppu fikseerib andmesubjekti \u00e4ra\u00fctlev kirjalik teade) 3.4.3. T\u00f6\u00f6tlemise eesm\u00e4rk \u2013 teenuste toimimise tagamine Isikuandmete s\u00e4ilitamise maksimaalne aeg \u2013\u00a0s\u00e4ilitatakse m\u00fc\u00fcgitarkvaras kuni andmesubjektiga seotud lepingus toodud kohustuste t\u00e4ieliku t\u00e4itmiseni 3.4.4. T\u00f6\u00f6tlemise eesm\u00e4rk \u2013 kliendihaldus ja turundus Isikuandmete s\u00e4ilitamise maksimaalne aeg \u2013\u00a0s\u00e4ilitatakse m\u00fc\u00fcgitarkvaras alates esmakontaktist andmesubjektiga kuni tema kirjaliku soovini andmete eemaldamiseks 3.4.5. T\u00f6\u00f6tlemise eesm\u00e4rk \u2013 finantstegevus, raamatupidamine Isikuandmete s\u00e4ilitamise maksimaalne aeg \u2013 vastavalt seaduses nimetatud t\u00e4htaegadele 3.4.6. T\u00f6\u00f6tlemise eesm\u00e4rk &#8211; personalihaldus Isikuandmete s\u00e4ilitamise maksimaalne aeg \u2013 t\u00f6\u00f6suhte kehtimise ajal 3.4.7. T\u00f6\u00f6tlemise eesm\u00e4rk &#8211; v\u00e4rbamine Isikuandmete s\u00e4ilitamise maksimaalne aeg &#8211; kuni konkursi l\u00f5puni 3.5. Andmet\u00f6\u00f6tlejal on \u00f5igus klientide isikuandmeid jagada kolmandate isikutega, kelleks on n\u00e4iteks volitatud andmet\u00f6\u00f6tlejad, raamatupidajad, transpordi- ja kullerettev\u00f5tted, \u00fclekandeteenuseid pakkuvad ettev\u00f5tted Andmet\u00f6\u00f6tleja on isikuandmete vastutav t\u00f6\u00f6tleja. 3.6. Andmesubjekti isikuandmete t\u00f6\u00f6tlemisel ja s\u00e4ilitamisel rakendab andmet\u00f6\u00f6tleja organisatoorseid ja tehnilisi meetmeid, mis tagavad isikuandmete kaitse juhusliku v\u00f5i ebaseadusliku h\u00e4vitamise, muutmise, avalikustamise ja mis tahes muu ebaseadusliku t\u00f6\u00f6tlemise eest. 3.7. Andmet\u00f6\u00f6tleja s\u00e4ilitab andmesubjektide andmeid s\u00f5ltuvalt t\u00f6\u00f6tlemise eesm\u00e4rgist, kuid mitte kauem kui\u00a010\u00a0aastat. 4. Andmesubjekti \u00f5igused 4.1. Andmesubjektil on \u00f5igus teha j\u00e4relep\u00e4rimine enda kohta kogutud isikuandmetele. 4.2. Andmesubjektil on \u00f5igus saada informatsiooni tema isikuandmete t\u00f6\u00f6tlemise kohta. 4.3. Andmesubjektil on \u00f5igus t\u00e4iendada v\u00f5i parandada ebat\u00e4pseid andmeid. 4.4. Kui andmet\u00f6\u00f6tleja t\u00f6\u00f6tleb andmesubjekti isikuandmeid andmesubjekti n\u00f5usoleku alusel, siis on andmesubjektil \u00f5igus igal ajal n\u00f5usolek tagasi v\u00f5tta. 4.5. Andmesubjekt saab \u00f5iguste teostamiseks p\u00f6\u00f6rduda e-poe klienditoe poole aadressil\u00a0info@brightspark.ee. 4.6. Andmesubjektil on oma \u00f5iguste kaitseks v\u00f5imalik esitada kaebus Andmekaitse Inspektsioonile. 5. L\u00f5pps\u00e4tted 5.1. K\u00e4esolevad andmekaitsetingimused on koostatud koosk\u00f5las Euroopa Parlamendi ja n\u00f5ukogu m\u00e4\u00e4rusega (EL) nr 2016\/679 f\u00fc\u00fcsiliste isikute kaitse kohta isikuandmete t\u00f6\u00f6tlemisel ja selliste andmete vaba liikumise ning direktiivi 95\/46 \/ E\u00dc kehtetuks tunnistamise kohta \/ E\u00dc (isikuandmete kaitse \u00fcldm\u00e4\u00e4rus), Eesti Vabariigi isikuandmete kaitse seadusega ning Eesti Vabariigi ja Euroopa Liidu \u00f5igusaktidega. 5.2. Andmet\u00f6\u00f6tlejal on \u00f5igus andmekaitsetingimusi osaliselt v\u00f5i t\u00e4ielikult muuta, teavitades andmesubjekte muudatustest kodulehe https:\/\/lexi.market\u00a0kaudu.[\/vc_column_text][\/vc_column][\/vc_row]<\/p>\n","protected":false},"author":10,"featured_media":0,"parent":0,"menu_order":0,"comment_status":"closed","ping_status":"closed","template":"","meta":{"footnotes":""},"class_list":["post-4129","page","type-page","status-publish","hentry","post-no-thumbnail"],"_links":{"self":[{"href":"https:\/\/lexi.market\/et\/wp-json\/wp\/v2\/pages\/4129","targetHints":{"allow":["GET"]}}],"collection":[{"href":"https:\/\/lexi.market\/et\/wp-json\/wp\/v2\/pages"}],"about":[{"href":"https:\/\/lexi.market\/et\/wp-json\/wp\/v2\/types\/page"}],"author":[{"embeddable":true,"href":"https:\/\/lexi.market\/et\/wp-json\/wp\/v2\/users\/10"}],"replies":[{"embeddable":true,"href":"https:\/\/lexi.market\/et\/wp-json\/wp\/v2\/comments?post=4129"}],"version-history":[{"count":3,"href":"https:\/\/lexi.market\/et\/wp-json\/wp\/v2\/pages\/4129\/revisions"}],"predecessor-version":[{"id":5691,"href":"https:\/\/lexi.market\/et\/wp-json\/wp\/v2\/pages\/4129\/revisions\/5691"}],"wp:attachment":[{"href":"https:\/\/lexi.market\/et\/wp-json\/wp\/v2\/media?parent=4129"}],"curies":[{"name":"wp","href":"https:\/\/api.w.org\/{rel}","templated":true}]}}