{"id":3915,"date":"2023-05-16T15:24:22","date_gmt":"2023-05-16T12:24:22","guid":{"rendered":"https:\/\/lexi.market\/?page_id=3915"},"modified":"2026-03-27T15:15:13","modified_gmt":"2026-03-27T13:15:13","slug":"ostja","status":"publish","type":"page","link":"https:\/\/lexi.market\/et\/ostja\/","title":{"rendered":"Ostja"},"content":{"rendered":"<section class=\"wpb-content-wrapper\"><p>[vc_row][vc_column][tm_heading custom_google_font=&#8221;&#8221; font_weight=&#8221;700&#8243; align=&#8221;center&#8221; font_size=&#8221;xs:30;sm:36;md:48;lg:48&#8243; max_width=&#8221;800px&#8221;]Laia tootevalikuga kaubandusplatvorm toodete valikuks ning tellimiseks.[\/tm_heading][tm_spacer size=&#8221;lg:30&#8243;][tm_heading tag=&#8221;p&#8221; custom_google_font=&#8221;&#8221; google_fonts=&#8221;font_family:Poppins%3A300%2Cregular%2C500%2C600%2C700|font_style:400%20regular%3A400%3Anormal&#8221; font_weight=&#8221;400&#8243; align=&#8221;center&#8221; font_size=&#8221;lg:15&#8243; max_width=&#8221;700px&#8221;]Lexi.Market toob kokku tootjate ja edasim\u00fc\u00fcjate tooted koos detailse toitumisalase teabega. Pakkumiste k\u00fcsimine, v\u00e4iksemate ja suuremate hangete korraldamine ning erinevatelt tarnijatelt toodete korraga tellimine on vaid m\u00f5ned n\u00e4ited, mida HoReCa ettev\u00f5tted saavad Lexi.Maketis teha.[\/tm_heading][tm_spacer size=&#8221;lg:40&#8243;][tm_button_group align=&#8221;center&#8221;][tm_button button=&#8221;url:%23section-clients|title:Broneeri%20tasuta%20tutvustus&#8221; align=&#8221;center&#8221;][\/tm_button_group][tm_spacer size=&#8221;lg:90&#8243;][\/vc_column][\/vc_row][vc_row full_width=&#8221;stretch_row_content&#8221; content_placement=&#8221;middle&#8221; background_color=&#8221;custom&#8221; el_class=&#8221;frontpage-width&#8221; custom_background_color=&#8221;#fafafa&#8221; lg_spacing=&#8221;padding_top:50;padding_bottom:50&#8243;][vc_column width=&#8221;1\/2&#8243; content_alignment=&#8221;right&#8221; offset=&#8221;vc_col-lg-6 vc_col-md-6 vc_col-xs-12&#8243; el_class=&#8221;text-column-right&#8221; lg_spacing=&#8221;padding_right:70&#8243; md_spacing=&#8221;padding_right:70;padding_left:30&#8243; sm_spacing=&#8221;padding_right:20;padding_left:20&#8243; xs_spacing=&#8221;padding_right:20;padding_left:20&#8243;][tm_spacer size=&#8221;xs:20;sm:20;md:20;lg:20&#8243;][tm_heading style=&#8221;common&#8221; tag=&#8221;h1&#8243; custom_google_font=&#8221;&#8221; font_size=&#8221;xs:36;sm:36;md:36;lg:36&#8243; max_width=&#8221;500px&#8221;]Hanke korraldamine[\/tm_heading][tm_spacer size=&#8221;lg:32&#8243;][tm_heading tag=&#8221;p&#8221; custom_google_font=&#8221;&#8221; font_size=&#8221;lg:18&#8243; line_height=&#8221;1.78&#8243; max_width=&#8221;500px&#8221;]Lexi.Marketis saab tarnijatelt k\u00fcsida toodetele hinnapakkumisi. Lisaks selle on v\u00f5imalik luua kaubanduskalendris hange. Hankes osalemise \u00fcleskutse saab saata k\u00f5ikidele tarnijatele v\u00f5i ka kindlale tarnijate ringile.[\/tm_heading][tm_spacer size=&#8221;lg:10&#8243;][tm_heading tag=&#8221;p&#8221; custom_google_font=&#8221;&#8221; font_size=&#8221;lg:18&#8243; line_height=&#8221;1.78&#8243; max_width=&#8221;500px&#8221;]Tarnijate Lexi.Marketisse laekub teavitus hankest ning nad saavad hanketingimustele sobivaid tooteid pakkuda.[\/tm_heading][tm_spacer size=&#8221;lg:30&#8243;][\/vc_column][vc_column width=&#8221;1\/2&#8243; content_alignment=&#8221;right&#8221; sm_content_alignment=&#8221;center&#8221; xs_content_alignment=&#8221;center&#8221; offset=&#8221;vc_col-md-6 vc_col-xs-12&#8243;][tm_spacer size=&#8221;xs:20;sm:20;md:0;lg:0&#8243;][tm_image sm_align=&#8221;center&#8221; xs_align=&#8221;center&#8221; animation=&#8221;move-right&#8221; el_class=&#8221;image-column&#8221; image=&#8221;3855&#8243; lg_spacing=&#8221;margin_right:50&#8243; sm_spacing=&#8221;margin_right:0&#8243; xs_spacing=&#8221;margin_right:0&#8243; max_width=&#8221;885px&#8221;][\/vc_column][\/vc_row][vc_row full_width=&#8221;stretch_row_content&#8221; content_placement=&#8221;middle&#8221; el_class=&#8221;frontpage-width&#8221; lg_spacing=&#8221;padding_top:40;padding_bottom:40&#8243;][vc_column width=&#8221;1\/2&#8243; content_alignment=&#8221;right&#8221; md_content_alignment=&#8221;center&#8221; sm_content_alignment=&#8221;center&#8221; xs_content_alignment=&#8221;center&#8221; offset=&#8221;vc_col-lg-offset-0 vc_col-lg-6 vc_col-md-offset-0 vc_col-md-6 vc_col-sm-offset-0 vc_col-xs-12&#8243;][tm_image align=&#8221;right&#8221; sm_align=&#8221;center&#8221; xs_align=&#8221;center&#8221; animation=&#8221;move-right&#8221; el_class=&#8221;image-column&#8221; image=&#8221;3123&#8243; lg_spacing=&#8221;margin_left:50&#8243; sm_spacing=&#8221;margin_left:0&#8243; xs_spacing=&#8221;margin_left:0&#8243; max_width=&#8221;885px&#8221;][tm_spacer size=&#8221;xs:20;sm:20;md:0;lg:0&#8243;][\/vc_column][vc_column width=&#8221;1\/2&#8243; md_content_alignment=&#8221;center&#8221; sm_content_alignment=&#8221;center&#8221; xs_content_alignment=&#8221;center&#8221; offset=&#8221;vc_col-lg-6 vc_col-md-6 vc_col-sm-offset-0 vc_col-xs-12&#8243; el_class=&#8221;text-column&#8221; lg_spacing=&#8221;padding_left:70&#8243; md_spacing=&#8221;padding_left:70&#8243; sm_spacing=&#8221;padding_right:18;padding_left:20&#8243; xs_spacing=&#8221;padding_right:20;padding_left:20&#8243;][tm_spacer size=&#8221;xs:20;sm:20;md:20;lg:20&#8243;][tm_heading style=&#8221;common&#8221; tag=&#8221;h1&#8243; custom_google_font=&#8221;&#8221; font_size=&#8221;xs:30;sm:30;md:36;lg:36&#8243; max_width=&#8221;500px&#8221;]Kaupade tellimine[\/tm_heading][tm_spacer size=&#8221;lg:32&#8243;][tm_heading tag=&#8221;p&#8221; custom_google_font=&#8221;&#8221; font_size=&#8221;lg:18&#8243; line_height=&#8221;1.78&#8243; max_width=&#8221;500px&#8221;]B2B e-pood v\u00f5imaldab \u00fche tellimusega korraga erinevate varustajate tooteid tellida. Kui tellimusorder on kokku pandud, saadab Lexi.Market tellimuss\u00fcsteem tellimuse info igale varustajale eraldi.[\/tm_heading][tm_spacer size=&#8221;lg:10&#8243;][tm_heading tag=&#8221;p&#8221; custom_google_font=&#8221;&#8221; font_size=&#8221;lg:18&#8243; line_height=&#8221;1.78&#8243; max_width=&#8221;500px&#8221;]Tellimuste ajalugu annab hea \u00fclevaate varem tellitud toodetest ning kiirendab ajakohaste hindadega korduvtellimuste edastamist.[\/tm_heading][tm_spacer size=&#8221;lg:30&#8243;][tm_button button=&#8221;url:https%3A%2F%2Flexi.market%2Fet%2Fe-pood%2F|title:Loe%20l%C3%A4hemalt&#8221; el_class=&#8221;button-light&#8221;][\/vc_column][\/vc_row][vc_row full_width=&#8221;stretch_row&#8221; background_color=&#8221;gradient&#8221; background_gradient=&#8221;background: -webkit-gradient(linear, left top, left bottom, color-stop(0%, #FFFFFF), color-stop(100%, #E8F8FF));background: -moz-linear-gradient(top,#FFFFFF 0%,#E8F8FF 100%);background: -webkit-linear-gradient(top,#FFFFFF 0%,#E8F8FF 100%);background: -o-linear-gradient(top,#FFFFFF 0%,#E8F8FF 100%);background: -ms-linear-gradient(top,#FFFFFF 0%,#E8F8FF 100%);background: linear-gradient(top,#FFFFFF 0%,#E8F8FF 100%);&#8221; el_class=&#8221;prices&#8221; el_id=&#8221;prices-buyer&#8221;][vc_column content_alignment=&#8221;center&#8221; max_width=&#8221;1200px&#8221;][vc_row_inner][vc_column_inner][tm_spacer size=&#8221;lg:100&#8243;][tm_heading custom_google_font=&#8221;&#8221; font_weight=&#8221;700&#8243; align=&#8221;center&#8221; sm_align=&#8221;center&#8221; xs_align=&#8221;center&#8221; font_size=&#8221;xs:38;sm:46;md:54;lg:60&#8243; max_width=&#8221;800px&#8221;]Paketid ostjale[\/tm_heading][tm_spacer size=&#8221;lg:50&#8243;][\/vc_column_inner][\/vc_row_inner][vc_row_inner equal_height=&#8221;yes&#8221; el_class=&#8221;widget&#8211;center-text&#8221; xs_spacing=&#8221;margin_right:-5;margin_left:-5&#8243;][vc_column_inner width=&#8221;1\/2&#8243; border_radius=&#8221;20px&#8221;][tm_pricing currency=&#8221;Alates&#8221; period=&#8221;\/kuu&#8221; title=&#8221;Lexi.Buyer Free&#8221; features=&#8221;%5B%7B%22icon%22%3A%22fa%20fa-check%22%2C%22text%22%3A%22%C3%84rikliendi%20e-pood%5Cn%3Cimg%20src%3D%5C%22https%3A%2F%2Flexi.market%2Fwp-content%2Fuploads%2F2026%2F01%2Fuus.svg%5C%22%20alt%3D%5C%22Uus%5C%22%20style%3D%5C%22width%3A28px%3B%20vertical-align%3Amiddle%3B%20margin-left%3A6px%3B%5C%22%3E%22%7D%2C%7B%22icon%22%3A%22fa%20fa-check%22%2C%22text%22%3A%22Toodete%20tellimine%22%7D%2C%7B%22icon%22%3A%22fa%20fa-check%22%2C%22text%22%3A%22Detailne%20tooteinfo%22%7D%2C%7B%22icon%22%3A%22fa%20fa-check%22%2C%22text%22%3A%22Tarnijate%20haldus%22%7D%2C%7B%22icon%22%3A%22fa%20fa-times%22%2C%22text%22%3A%22Hankemoodul%22%7D%2C%7B%22icon%22%3A%22fa%20fa-times%22%2C%22text%22%3A%22API%20v%C3%B5imalus%22%7D%2C%7B%22icon%22%3A%22fa%20fa-times%22%2C%22text%22%3A%22Sortimendi%20juhtimine%22%7D%5D&#8221; price=&#8221;0\u20ac&#8221; button=&#8221;url:https%3A%2F%2Flexi.market%2Fet%2Fselver%2F|title:Liitu&#8221;][\/vc_column_inner][vc_column_inner width=&#8221;1\/2&#8243; border_radius=&#8221;20px&#8221;][tm_pricing currency=&#8221;&#8221; period=&#8221;&#8221; el_class=&#8221;popmake-5840&#8243; title=&#8221;Lexi.Buyer Pro&#8221; features=&#8221;%5B%7B%22icon%22%3A%22fa%20fa-check%22%2C%22text%22%3A%22%C3%84rikliendi%20e-pood%5Cn%3Cimg%20src%3D%5C%22https%3A%2F%2Flexi.market%2Fwp-content%2Fuploads%2F2026%2F01%2Fuus.svg%5C%22%20alt%3D%5C%22Uus%5C%22%20style%3D%5C%22width%3A28px%3B%20vertical-align%3Amiddle%3B%20margin-left%3A6px%3B%5C%22%3E%22%7D%2C%7B%22icon%22%3A%22fa%20fa-check%22%2C%22text%22%3A%22Toodete%20tellimine%22%7D%2C%7B%22icon%22%3A%22fa%20fa-check%22%2C%22text%22%3A%22Detailne%20tooteinfo%22%7D%2C%7B%22icon%22%3A%22fa%20fa-check%22%2C%22text%22%3A%22Tarnijate%20haldus%22%7D%2C%7B%22icon%22%3A%22fa%20fa-check%22%2C%22text%22%3A%22Hankemoodul%22%7D%2C%7B%22icon%22%3A%22fa%20fa-check%22%2C%22text%22%3A%22API%20v%C3%B5imalus%22%7D%2C%7B%22icon%22%3A%22fa%20fa-check%22%2C%22text%22%3A%22Sortimendi%20juhtimine%22%7D%5D&#8221; button=&#8221;url:https%3A%2F%2Flexi.market%2Fet%2F%3Fpost_type%3Dpopup%26p%3D5840|title:K%C3%BCsi%20pakkumist&#8221; desc=&#8221;Individuaalne pakkumine&#8221;][\/vc_column_inner][\/vc_row_inner][tm_spacer size=&#8221;xs:50;lg:100&#8243;][\/vc_column][\/vc_row][vc_row full_width=&#8221;stretch_row&#8221; el_id=&#8221;section-clients&#8221;][vc_column width=&#8221;1\/2&#8243;][tm_spacer size=&#8221;sm:70;lg:100&#8243;][tm_spacer size=&#8221;lg:20&#8243;][vc_raw_html]JTNDZGl2JTIwY2xhc3MlM0QlMjJwaXBlZHJpdmVXZWJGb3JtcyUyMiUyMGRhdGEtcGQtd2ViZm9ybXMlM0QlMjIlMEFodHRwcyUzQSUyRiUyRndlYmZvcm1zLnBpcGVkcml2ZS5jb20lMkZmJTJGbTYxcERLd0RHQUlzZmZjVDN1WGVEeGM4aU1iN282REtZREdwRjJaZDNsd05NU0pabjMzaE5HM1N2OXNlR0lQJTIyJTNFJTNDc2NyaXB0JTIwc3JjJTNEJTIyaHR0cHMlM0ElMkYlMkZ3ZWJmb3Jtcy5waXBlZHJpdmUuY29tJTJGZiUyRmxvYWRlciUyMiUzRSUzQyUyRnNjcmlwdCUzRSUzQyUyRmRpdiUzRSUwQQ==[\/vc_raw_html][\/vc_column][vc_column width=&#8221;1\/2&#8243;][tm_spacer size=&#8221;sm:70;lg:100&#8243;][tm_team_member social_networks=&#8221;%5B%7B%22icon_fontawesome5%22%3A%22fa%20fa-adjust%22%2C%22icon_ion%22%3A%22ion-alert%22%2C%22icon_linea%22%3A%22linea-arrows-anticlockwise%22%2C%22icon_linea_svg%22%3A%22linea-arrows-anticlockwise%22%7D%5D&#8221; name=&#8221;Helen Siirus&#8221; position=&#8221;Sales Manager&#8221;][tm_box_icon style=&#8221;11&#8243; align=&#8221;center&#8221; icon_type=&#8221;fontawesome5&#8243; icon_fontawesome5=&#8221;far fa-envelope&#8221; el_class=&#8221;contacts&#8221; heading=&#8221;helen@lexi.market&#8221; button=&#8221;|||&#8221; link=&#8221;url:mailto%3Ahelen%40lexi.market|||&#8221; box_link=&#8221;|||&#8221;][tm_box_icon style=&#8221;11&#8243; align=&#8221;center&#8221; icon_type=&#8221;fontawesome5&#8243; icon_fontawesome5=&#8221;far fa-mobile&#8221; el_class=&#8221;contacts&#8221; heading=&#8221;+372 5555 5852&#8243; box_link=&#8221;|||&#8221; link=&#8221;url:tel%3A%2B37255555852|||&#8221;][\/vc_column][\/vc_row]<\/p>\n<\/section>","protected":false},"excerpt":{"rendered":"<p>[vc_row][vc_column][tm_heading custom_google_font=&#8221;&#8221; font_weight=&#8221;700&#8243; align=&#8221;center&#8221; font_size=&#8221;xs:30;sm:36;md:48;lg:48&#8243; max_width=&#8221;800px&#8221;]Laia tootevalikuga kaubandusplatvorm toodete valikuks ning tellimiseks.[\/tm_heading][tm_spacer size=&#8221;lg:30&#8243;][tm_heading tag=&#8221;p&#8221; custom_google_font=&#8221;&#8221; google_fonts=&#8221;font_family:Poppins%3A300%2Cregular%2C500%2C600%2C700|font_style:400%20regular%3A400%3Anormal&#8221; font_weight=&#8221;400&#8243; align=&#8221;center&#8221; font_size=&#8221;lg:15&#8243; max_width=&#8221;700px&#8221;]Lexi.Market toob kokku tootjate ja edasim\u00fc\u00fcjate tooted koos detailse toitumisalase teabega. Pakkumiste k\u00fcsimine, v\u00e4iksemate ja suuremate hangete korraldamine ning erinevatelt tarnijatelt toodete korraga tellimine on vaid m\u00f5ned n\u00e4ited, mida HoReCa ettev\u00f5tted saavad Lexi.Maketis teha.[\/tm_heading][tm_spacer size=&#8221;lg:40&#8243;][tm_button_group align=&#8221;center&#8221;][tm_button button=&#8221;url:%23section-clients|title:Broneeri%20tasuta%20tutvustus&#8221; align=&#8221;center&#8221;][\/tm_button_group][tm_spacer size=&#8221;lg:90&#8243;][\/vc_column][\/vc_row][vc_row full_width=&#8221;stretch_row_content&#8221; content_placement=&#8221;middle&#8221; background_color=&#8221;custom&#8221; el_class=&#8221;frontpage-width&#8221; custom_background_color=&#8221;#fafafa&#8221; lg_spacing=&#8221;padding_top:50;padding_bottom:50&#8243;][vc_column width=&#8221;1\/2&#8243; content_alignment=&#8221;right&#8221; offset=&#8221;vc_col-lg-6 vc_col-md-6 vc_col-xs-12&#8243; el_class=&#8221;text-column-right&#8221; lg_spacing=&#8221;padding_right:70&#8243; md_spacing=&#8221;padding_right:70;padding_left:30&#8243; sm_spacing=&#8221;padding_right:20;padding_left:20&#8243; xs_spacing=&#8221;padding_right:20;padding_left:20&#8243;][tm_spacer size=&#8221;xs:20;sm:20;md:20;lg:20&#8243;][tm_heading style=&#8221;common&#8221; tag=&#8221;h1&#8243; custom_google_font=&#8221;&#8221; font_size=&#8221;xs:36;sm:36;md:36;lg:36&#8243; max_width=&#8221;500px&#8221;]Hanke korraldamine[\/tm_heading][tm_spacer size=&#8221;lg:32&#8243;][tm_heading tag=&#8221;p&#8221; custom_google_font=&#8221;&#8221; font_size=&#8221;lg:18&#8243; line_height=&#8221;1.78&#8243; max_width=&#8221;500px&#8221;]Lexi.Marketis saab tarnijatelt k\u00fcsida toodetele hinnapakkumisi. Lisaks selle on v\u00f5imalik luua kaubanduskalendris hange. Hankes osalemise \u00fcleskutse saab saata k\u00f5ikidele tarnijatele v\u00f5i ka kindlale tarnijate ringile.[\/tm_heading][tm_spacer size=&#8221;lg:10&#8243;][tm_heading tag=&#8221;p&#8221; custom_google_font=&#8221;&#8221; font_size=&#8221;lg:18&#8243; line_height=&#8221;1.78&#8243; max_width=&#8221;500px&#8221;]Tarnijate Lexi.Marketisse laekub teavitus hankest ning nad saavad hanketingimustele sobivaid tooteid pakkuda.[\/tm_heading][tm_spacer size=&#8221;lg:30&#8243;][\/vc_column][vc_column width=&#8221;1\/2&#8243; content_alignment=&#8221;right&#8221; sm_content_alignment=&#8221;center&#8221; xs_content_alignment=&#8221;center&#8221; offset=&#8221;vc_col-md-6 vc_col-xs-12&#8243;][tm_spacer size=&#8221;xs:20;sm:20;md:0;lg:0&#8243;][tm_image sm_align=&#8221;center&#8221; xs_align=&#8221;center&#8221; animation=&#8221;move-right&#8221; el_class=&#8221;image-column&#8221; image=&#8221;3855&#8243; lg_spacing=&#8221;margin_right:50&#8243; sm_spacing=&#8221;margin_right:0&#8243; xs_spacing=&#8221;margin_right:0&#8243; max_width=&#8221;885px&#8221;][\/vc_column][\/vc_row][vc_row full_width=&#8221;stretch_row_content&#8221; content_placement=&#8221;middle&#8221; el_class=&#8221;frontpage-width&#8221; lg_spacing=&#8221;padding_top:40;padding_bottom:40&#8243;][vc_column width=&#8221;1\/2&#8243; content_alignment=&#8221;right&#8221; md_content_alignment=&#8221;center&#8221; sm_content_alignment=&#8221;center&#8221; xs_content_alignment=&#8221;center&#8221; offset=&#8221;vc_col-lg-offset-0 vc_col-lg-6 vc_col-md-offset-0 vc_col-md-6 vc_col-sm-offset-0 vc_col-xs-12&#8243;][tm_image align=&#8221;right&#8221; sm_align=&#8221;center&#8221; xs_align=&#8221;center&#8221; animation=&#8221;move-right&#8221; el_class=&#8221;image-column&#8221; image=&#8221;3123&#8243; lg_spacing=&#8221;margin_left:50&#8243; sm_spacing=&#8221;margin_left:0&#8243; xs_spacing=&#8221;margin_left:0&#8243; max_width=&#8221;885px&#8221;][tm_spacer size=&#8221;xs:20;sm:20;md:0;lg:0&#8243;][\/vc_column][vc_column width=&#8221;1\/2&#8243; md_content_alignment=&#8221;center&#8221; sm_content_alignment=&#8221;center&#8221; xs_content_alignment=&#8221;center&#8221; offset=&#8221;vc_col-lg-6 vc_col-md-6 vc_col-sm-offset-0 vc_col-xs-12&#8243; el_class=&#8221;text-column&#8221; lg_spacing=&#8221;padding_left:70&#8243; md_spacing=&#8221;padding_left:70&#8243; sm_spacing=&#8221;padding_right:18;padding_left:20&#8243; xs_spacing=&#8221;padding_right:20;padding_left:20&#8243;][tm_spacer size=&#8221;xs:20;sm:20;md:20;lg:20&#8243;][tm_heading style=&#8221;common&#8221; tag=&#8221;h1&#8243; custom_google_font=&#8221;&#8221; font_size=&#8221;xs:30;sm:30;md:36;lg:36&#8243; max_width=&#8221;500px&#8221;]Kaupade tellimine[\/tm_heading][tm_spacer size=&#8221;lg:32&#8243;][tm_heading tag=&#8221;p&#8221; custom_google_font=&#8221;&#8221; font_size=&#8221;lg:18&#8243; line_height=&#8221;1.78&#8243; max_width=&#8221;500px&#8221;]B2B e-pood v\u00f5imaldab \u00fche tellimusega korraga erinevate varustajate tooteid tellida. Kui tellimusorder on kokku pandud, saadab Lexi.Market tellimuss\u00fcsteem tellimuse info igale varustajale eraldi.[\/tm_heading][tm_spacer size=&#8221;lg:10&#8243;][tm_heading tag=&#8221;p&#8221; custom_google_font=&#8221;&#8221; font_size=&#8221;lg:18&#8243; line_height=&#8221;1.78&#8243; max_width=&#8221;500px&#8221;]Tellimuste ajalugu annab hea \u00fclevaate varem tellitud toodetest ning kiirendab ajakohaste hindadega korduvtellimuste edastamist.[\/tm_heading][tm_spacer size=&#8221;lg:30&#8243;][tm_button button=&#8221;url:https%3A%2F%2Flexi.market%2Fet%2Fe-pood%2F|title:Loe%20l%C3%A4hemalt&#8221; el_class=&#8221;button-light&#8221;][\/vc_column][\/vc_row][vc_row full_width=&#8221;stretch_row&#8221; background_color=&#8221;gradient&#8221; background_gradient=&#8221;background: -webkit-gradient(linear, left top, left bottom, color-stop(0%, #FFFFFF), color-stop(100%, #E8F8FF));background: -moz-linear-gradient(top,#FFFFFF 0%,#E8F8FF 100%);background: -webkit-linear-gradient(top,#FFFFFF 0%,#E8F8FF 100%);background: -o-linear-gradient(top,#FFFFFF 0%,#E8F8FF 100%);background: -ms-linear-gradient(top,#FFFFFF 0%,#E8F8FF 100%);background: linear-gradient(top,#FFFFFF 0%,#E8F8FF 100%);&#8221; el_class=&#8221;prices&#8221; el_id=&#8221;prices-buyer&#8221;][vc_column content_alignment=&#8221;center&#8221; max_width=&#8221;1200px&#8221;][vc_row_inner][vc_column_inner][tm_spacer size=&#8221;lg:100&#8243;][tm_heading custom_google_font=&#8221;&#8221; font_weight=&#8221;700&#8243; align=&#8221;center&#8221; sm_align=&#8221;center&#8221; xs_align=&#8221;center&#8221; font_size=&#8221;xs:38;sm:46;md:54;lg:60&#8243; max_width=&#8221;800px&#8221;]Paketid ostjale[\/tm_heading][tm_spacer size=&#8221;lg:50&#8243;][\/vc_column_inner][\/vc_row_inner][vc_row_inner equal_height=&#8221;yes&#8221; el_class=&#8221;widget&#8211;center-text&#8221; xs_spacing=&#8221;margin_right:-5;margin_left:-5&#8243;][vc_column_inner width=&#8221;1\/2&#8243; border_radius=&#8221;20px&#8221;][tm_pricing currency=&#8221;Alates&#8221; period=&#8221;\/kuu&#8221; title=&#8221;Lexi.Buyer Free&#8221; features=&#8221;%5B%7B%22icon%22%3A%22fa%20fa-check%22%2C%22text%22%3A%22%C3%84rikliendi%20e-pood%5Cn%3Cimg%20src%3D%5C%22https%3A%2F%2Flexi.market%2Fwp-content%2Fuploads%2F2026%2F01%2Fuus.svg%5C%22%20alt%3D%5C%22Uus%5C%22%20style%3D%5C%22width%3A28px%3B%20vertical-align%3Amiddle%3B%20margin-left%3A6px%3B%5C%22%3E%22%7D%2C%7B%22icon%22%3A%22fa%20fa-check%22%2C%22text%22%3A%22Toodete%20tellimine%22%7D%2C%7B%22icon%22%3A%22fa%20fa-check%22%2C%22text%22%3A%22Detailne%20tooteinfo%22%7D%2C%7B%22icon%22%3A%22fa%20fa-check%22%2C%22text%22%3A%22Tarnijate%20haldus%22%7D%2C%7B%22icon%22%3A%22fa%20fa-times%22%2C%22text%22%3A%22Hankemoodul%22%7D%2C%7B%22icon%22%3A%22fa%20fa-times%22%2C%22text%22%3A%22API%20v%C3%B5imalus%22%7D%2C%7B%22icon%22%3A%22fa%20fa-times%22%2C%22text%22%3A%22Sortimendi%20juhtimine%22%7D%5D&#8221; price=&#8221;0\u20ac&#8221; button=&#8221;url:https%3A%2F%2Flexi.market%2Fet%2Fselver%2F|title:Liitu&#8221;][\/vc_column_inner][vc_column_inner width=&#8221;1\/2&#8243; border_radius=&#8221;20px&#8221;][tm_pricing currency=&#8221;&#8221; period=&#8221;&#8221; el_class=&#8221;popmake-5840&#8243; title=&#8221;Lexi.Buyer Pro&#8221; features=&#8221;%5B%7B%22icon%22%3A%22fa%20fa-check%22%2C%22text%22%3A%22%C3%84rikliendi%20e-pood%5Cn%3Cimg%20src%3D%5C%22https%3A%2F%2Flexi.market%2Fwp-content%2Fuploads%2F2026%2F01%2Fuus.svg%5C%22%20alt%3D%5C%22Uus%5C%22%20style%3D%5C%22width%3A28px%3B%20vertical-align%3Amiddle%3B%20margin-left%3A6px%3B%5C%22%3E%22%7D%2C%7B%22icon%22%3A%22fa%20fa-check%22%2C%22text%22%3A%22Toodete%20tellimine%22%7D%2C%7B%22icon%22%3A%22fa%20fa-check%22%2C%22text%22%3A%22Detailne%20tooteinfo%22%7D%2C%7B%22icon%22%3A%22fa%20fa-check%22%2C%22text%22%3A%22Tarnijate%20haldus%22%7D%2C%7B%22icon%22%3A%22fa%20fa-check%22%2C%22text%22%3A%22Hankemoodul%22%7D%2C%7B%22icon%22%3A%22fa%20fa-check%22%2C%22text%22%3A%22API%20v%C3%B5imalus%22%7D%2C%7B%22icon%22%3A%22fa%20fa-check%22%2C%22text%22%3A%22Sortimendi%20juhtimine%22%7D%5D&#8221; button=&#8221;url:https%3A%2F%2Flexi.market%2Fet%2F%3Fpost_type%3Dpopup%26p%3D5840|title:K%C3%BCsi%20pakkumist&#8221; desc=&#8221;Individuaalne pakkumine&#8221;][\/vc_column_inner][\/vc_row_inner][tm_spacer size=&#8221;xs:50;lg:100&#8243;][\/vc_column][\/vc_row][vc_row full_width=&#8221;stretch_row&#8221; el_id=&#8221;section-clients&#8221;][vc_column width=&#8221;1\/2&#8243;][tm_spacer size=&#8221;sm:70;lg:100&#8243;][tm_spacer size=&#8221;lg:20&#8243;][vc_raw_html]JTNDZGl2JTIwY2xhc3MlM0QlMjJwaXBlZHJpdmVXZWJGb3JtcyUyMiUyMGRhdGEtcGQtd2ViZm9ybXMlM0QlMjIlMEFodHRwcyUzQSUyRiUyRndlYmZvcm1zLnBpcGVkcml2ZS5jb20lMkZmJTJGbTYxcERLd0RHQUlzZmZjVDN1WGVEeGM4aU1iN282REtZREdwRjJaZDNsd05NU0pabjMzaE5HM1N2OXNlR0lQJTIyJTNFJTNDc2NyaXB0JTIwc3JjJTNEJTIyaHR0cHMlM0ElMkYlMkZ3ZWJmb3Jtcy5waXBlZHJpdmUuY29tJTJGZiUyRmxvYWRlciUyMiUzRSUzQyUyRnNjcmlwdCUzRSUzQyUyRmRpdiUzRSUwQQ==[\/vc_raw_html][\/vc_column][vc_column width=&#8221;1\/2&#8243;][tm_spacer size=&#8221;sm:70;lg:100&#8243;][tm_team_member social_networks=&#8221;%5B%7B%22icon_fontawesome5%22%3A%22fa%20fa-adjust%22%2C%22icon_ion%22%3A%22ion-alert%22%2C%22icon_linea%22%3A%22linea-arrows-anticlockwise%22%2C%22icon_linea_svg%22%3A%22linea-arrows-anticlockwise%22%7D%5D&#8221; name=&#8221;Helen Siirus&#8221; position=&#8221;Sales Manager&#8221;][tm_box_icon style=&#8221;11&#8243; align=&#8221;center&#8221; icon_type=&#8221;fontawesome5&#8243; icon_fontawesome5=&#8221;far fa-envelope&#8221; el_class=&#8221;contacts&#8221; heading=&#8221;helen@lexi.market&#8221; button=&#8221;|||&#8221; link=&#8221;url:mailto%3Ahelen%40lexi.market|||&#8221; box_link=&#8221;|||&#8221;][tm_box_icon style=&#8221;11&#8243; align=&#8221;center&#8221; icon_type=&#8221;fontawesome5&#8243; icon_fontawesome5=&#8221;far fa-mobile&#8221; el_class=&#8221;contacts&#8221; heading=&#8221;+372 5555 5852&#8243; box_link=&#8221;|||&#8221; link=&#8221;url:tel%3A%2B37255555852|||&#8221;][\/vc_column][\/vc_row]<\/p>\n","protected":false},"author":10,"featured_media":0,"parent":0,"menu_order":0,"comment_status":"closed","ping_status":"closed","template":"","meta":{"footnotes":""},"class_list":["post-3915","page","type-page","status-publish","hentry","post-no-thumbnail"],"_links":{"self":[{"href":"https:\/\/lexi.market\/et\/wp-json\/wp\/v2\/pages\/3915","targetHints":{"allow":["GET"]}}],"collection":[{"href":"https:\/\/lexi.market\/et\/wp-json\/wp\/v2\/pages"}],"about":[{"href":"https:\/\/lexi.market\/et\/wp-json\/wp\/v2\/types\/page"}],"author":[{"embeddable":true,"href":"https:\/\/lexi.market\/et\/wp-json\/wp\/v2\/users\/10"}],"replies":[{"embeddable":true,"href":"https:\/\/lexi.market\/et\/wp-json\/wp\/v2\/comments?post=3915"}],"version-history":[{"count":15,"href":"https:\/\/lexi.market\/et\/wp-json\/wp\/v2\/pages\/3915\/revisions"}],"predecessor-version":[{"id":6007,"href":"https:\/\/lexi.market\/et\/wp-json\/wp\/v2\/pages\/3915\/revisions\/6007"}],"wp:attachment":[{"href":"https:\/\/lexi.market\/et\/wp-json\/wp\/v2\/media?parent=3915"}],"curies":[{"name":"wp","href":"https:\/\/api.w.org\/{rel}","templated":true}]}}