{"id":3152,"date":"2023-04-04T13:32:45","date_gmt":"2023-04-04T10:32:45","guid":{"rendered":"https:\/\/lexi.market\/?page_id=3152"},"modified":"2026-04-07T09:44:09","modified_gmt":"2026-04-07T06:44:09","slug":"jaekett","status":"publish","type":"page","link":"https:\/\/lexi.market\/et\/jaekett\/","title":{"rendered":"Jaekett"},"content":{"rendered":"<section class=\"wpb-content-wrapper\"><p>[vc_row][vc_column][tm_heading custom_google_font=&#8221;&#8221; font_weight=&#8221;700&#8243; align=&#8221;center&#8221; font_size=&#8221;xs:30;sm:36;md:48;lg:48&#8243; max_width=&#8221;800px&#8221;]Platvorm ostuosakonnale tooteinfo alla laadimiseks ja tarnijatega kokkulepete s\u00f5lmimiseks[\/tm_heading][tm_spacer size=&#8221;lg:30&#8243;][tm_heading tag=&#8221;p&#8221; custom_google_font=&#8221;&#8221; google_fonts=&#8221;font_family:Poppins%3A300%2Cregular%2C500%2C600%2C700|font_style:400%20regular%3A400%3Anormal&#8221; font_weight=&#8221;400&#8243; align=&#8221;center&#8221; font_size=&#8221;lg:15&#8243; max_width=&#8221;700px&#8221;]Lexi.Market on ostujuhtide poolt kasutatav turvaline pilvep\u00f5hine platvorm tootepiltidega pakkumiste t\u00f6\u00f6tlemiseks ning kokkulepete s\u00f5lmimiseks, kus kogu l\u00e4bir\u00e4\u00e4kimiste ajalugu talletub lisaks e-postile ka tarnija ning jaeketi \u00fchisesse pakkumiste arhiivi.[\/tm_heading][tm_spacer size=&#8221;lg:40&#8243;][tm_button_group align=&#8221;center&#8221;][tm_button button=&#8221;url:%23section-clients|title:Broneeri%20tasuta%20tutvustus&#8221; align=&#8221;center&#8221;][\/tm_button_group][tm_spacer size=&#8221;lg:90&#8243;][\/vc_column][\/vc_row][vc_row full_width=&#8221;stretch_row_content&#8221; content_placement=&#8221;middle&#8221; background_color=&#8221;custom&#8221; el_class=&#8221;frontpage-width&#8221; custom_background_color=&#8221;#fafafa&#8221; lg_spacing=&#8221;padding_top:50;padding_bottom:50&#8243;][vc_column width=&#8221;1\/2&#8243; content_alignment=&#8221;right&#8221; offset=&#8221;vc_col-lg-6 vc_col-md-6 vc_col-xs-12&#8243; el_class=&#8221;text-column-right&#8221; lg_spacing=&#8221;padding_right:70&#8243; md_spacing=&#8221;padding_right:70;padding_left:30&#8243; sm_spacing=&#8221;padding_right:20;padding_left:20&#8243; xs_spacing=&#8221;padding_right:20;padding_left:20&#8243;][tm_spacer size=&#8221;xs:20;sm:20;md:20;lg:20&#8243;][tm_heading style=&#8221;common&#8221; tag=&#8221;h1&#8243; custom_google_font=&#8221;&#8221; font_size=&#8221;xs:36;sm:36;md:36;lg:36&#8243; max_width=&#8221;500px&#8221;]Kaubanduskalender annab kompaktse \u00fclevaate jaeketi enda sortimendi- ning kampaaniaperioodidest[\/tm_heading][tm_spacer size=&#8221;lg:32&#8243;][tm_heading tag=&#8221;p&#8221; custom_google_font=&#8221;&#8221; font_size=&#8221;lg:18&#8243; line_height=&#8221;1.78&#8243; max_width=&#8221;500px&#8221;]Kuna kaubanduskalender on interaktiivne, siis kuvatakse see ka tarnijate Lexi.Marketi vaates. Tarnijad n\u00e4evad koondvaadet erinevate jaekettide sortimendiperioodidest, kampaaniatest ja hangetest[\/tm_heading][tm_spacer size=&#8221;lg:30&#8243;][\/vc_column][vc_column width=&#8221;1\/2&#8243; content_alignment=&#8221;right&#8221; sm_content_alignment=&#8221;center&#8221; xs_content_alignment=&#8221;center&#8221; offset=&#8221;vc_col-md-6 vc_col-xs-12&#8243;][tm_spacer size=&#8221;xs:20;sm:20;md:0;lg:0&#8243;][tm_image sm_align=&#8221;center&#8221; xs_align=&#8221;center&#8221; animation=&#8221;move-right&#8221; el_class=&#8221;image-column&#8221; image=&#8221;3834&#8243; lg_spacing=&#8221;margin_right:50&#8243; sm_spacing=&#8221;margin_right:0&#8243; xs_spacing=&#8221;margin_right:0&#8243; max_width=&#8221;885px&#8221;][\/vc_column][\/vc_row][vc_row full_width=&#8221;stretch_row_content&#8221; content_placement=&#8221;middle&#8221; el_class=&#8221;frontpage-width&#8221; lg_spacing=&#8221;padding_top:40;padding_bottom:40&#8243;][vc_column width=&#8221;1\/2&#8243; content_alignment=&#8221;right&#8221; md_content_alignment=&#8221;center&#8221; sm_content_alignment=&#8221;center&#8221; xs_content_alignment=&#8221;center&#8221; offset=&#8221;vc_col-lg-offset-0 vc_col-lg-6 vc_col-md-offset-0 vc_col-md-6 vc_col-sm-offset-0 vc_col-xs-12&#8243;][tm_image align=&#8221;right&#8221; sm_align=&#8221;center&#8221; xs_align=&#8221;center&#8221; animation=&#8221;move-right&#8221; el_class=&#8221;image-column&#8221; image=&#8221;3832&#8243; lg_spacing=&#8221;margin_left:50&#8243; sm_spacing=&#8221;margin_left:0&#8243; xs_spacing=&#8221;margin_left:0&#8243; max_width=&#8221;885px&#8221;][tm_spacer size=&#8221;xs:20;sm:20;md:0;lg:0&#8243;][\/vc_column][vc_column width=&#8221;1\/2&#8243; md_content_alignment=&#8221;center&#8221; sm_content_alignment=&#8221;center&#8221; xs_content_alignment=&#8221;center&#8221; offset=&#8221;vc_col-lg-6 vc_col-md-6 vc_col-sm-offset-0 vc_col-xs-12&#8243; el_class=&#8221;text-column&#8221; lg_spacing=&#8221;padding_left:70&#8243; md_spacing=&#8221;padding_left:70&#8243; sm_spacing=&#8221;padding_right:18;padding_left:20&#8243; xs_spacing=&#8221;padding_right:20;padding_left:20&#8243;][tm_spacer size=&#8221;xs:20;sm:20;md:20;lg:20&#8243;][tm_heading style=&#8221;common&#8221; tag=&#8221;h1&#8243; custom_google_font=&#8221;&#8221; font_size=&#8221;xs:30;sm:30;md:36;lg:36&#8243; max_width=&#8221;500px&#8221;]Toodete sortimendi juhtimise moodul v\u00f5imaldab toodete portfelli mugavalt hallata[\/tm_heading][tm_spacer size=&#8221;lg:32&#8243;][tm_heading tag=&#8221;p&#8221; custom_google_font=&#8221;&#8221; font_size=&#8221;lg:18&#8243; line_height=&#8221;1.78&#8243; max_width=&#8221;500px&#8221;]Lexi.Market annab t\u00e4pse ja t\u00e4ieliku \u00fclevaate kogu sortimendist, h\u00f5lbustades \u00fchtlasi nii tootevaliku, tellimuste kui ka tarnijatega s\u00f5lmitud kokkulepete haldamist.[\/tm_heading][tm_spacer size=&#8221;lg:10&#8243;][tm_heading tag=&#8221;p&#8221; custom_google_font=&#8221;&#8221; font_size=&#8221;lg:18&#8243; line_height=&#8221;1.78&#8243; max_width=&#8221;500px&#8221;]Hea v\u00f5imalus j\u00e4lgida, kas sortiment ja toodete sisseostu hinnad vastavad hetke vajadustele ning v\u00f5rrelda tootevalikut alternatiivsete variantidega.[\/tm_heading][tm_spacer size=&#8221;lg:30&#8243;][\/vc_column][\/vc_row][vc_row full_width=&#8221;stretch_row_content&#8221; content_placement=&#8221;middle&#8221; background_color=&#8221;custom&#8221; el_class=&#8221;frontpage-width&#8221; custom_background_color=&#8221;#fafafa&#8221; lg_spacing=&#8221;padding_top:50;padding_bottom:50&#8243;][vc_column width=&#8221;1\/2&#8243; content_alignment=&#8221;right&#8221; offset=&#8221;vc_col-lg-6 vc_col-md-6 vc_col-xs-12&#8243; el_class=&#8221;text-column-right&#8221; lg_spacing=&#8221;padding_right:70&#8243; md_spacing=&#8221;padding_right:70;padding_left:30&#8243; sm_spacing=&#8221;padding_right:20;padding_left:20&#8243; xs_spacing=&#8221;padding_right:20;padding_left:20&#8243;][tm_spacer size=&#8221;xs:20;sm:20;md:20;lg:20&#8243;][tm_heading style=&#8221;common&#8221; tag=&#8221;h1&#8243; custom_google_font=&#8221;&#8221; font_size=&#8221;xs:30;sm:30;md:36;lg:36&#8243; max_width=&#8221;500px&#8221;]Ostujuhi t\u00f6\u00f6laud \u2013 v\u00f5imas lisamoodul ostuosakonnale[\/tm_heading][tm_spacer size=&#8221;lg:32&#8243;][tm_heading tag=&#8221;div&#8221; custom_google_font=&#8221;&#8221; font_size=&#8221;lg:18&#8243; line_height=&#8221;1.78&#8243; max_width=&#8221;500px&#8221;]Ostujuhi t\u00f6\u00f6laud v\u00f5imaldab koondada saabunud pakkumisi ning neid mugavalt ja kiirelt masst\u00f6\u00f6delda[\/tm_heading][tm_spacer size=&#8221;lg:10&#8243;][tm_heading tag=&#8221;div&#8221; custom_google_font=&#8221;&#8221; font_size=&#8221;lg:18&#8243; line_height=&#8221;1.78&#8243; max_width=&#8221;500px&#8221;]Hinnakokkulepete kinnitamisel toimub tooteandmete, sisseostuhindade v\u00f5i ka jaehindade automaatne massimport jaeketi sisemistesse infos\u00fcsteemidesse[\/tm_heading][tm_spacer size=&#8221;lg:30&#8243;][\/vc_column][vc_column width=&#8221;1\/2&#8243; content_alignment=&#8221;right&#8221; sm_content_alignment=&#8221;center&#8221; xs_content_alignment=&#8221;center&#8221; offset=&#8221;vc_col-md-6 vc_col-xs-12&#8243;][tm_spacer size=&#8221;xs:20;sm:20;md:0;lg:0&#8243;][tm_image sm_align=&#8221;center&#8221; xs_align=&#8221;center&#8221; animation=&#8221;move-right&#8221; el_class=&#8221;image-column&#8221; image=&#8221;3836&#8243; lg_spacing=&#8221;margin_right:50&#8243; sm_spacing=&#8221;margin_right:0&#8243; xs_spacing=&#8221;margin_right:0&#8243; max_width=&#8221;885px&#8221;][\/vc_column][\/vc_row][vc_row full_width=&#8221;stretch_row&#8221;][vc_column][tm_spacer size=&#8221;lg:70&#8243;][tm_heading tag=&#8221;h4&#8243; custom_google_font=&#8221;&#8221; font_weight=&#8221;700&#8243; align=&#8221;center&#8221; font_size=&#8221;xs:30;sm:36;md:42;lg:42&#8243; max_width=&#8221;800px&#8221;]Jaeketid kasutavad Lexi.Marketit ostujuhtide t\u00f6\u00f6 kiirendajana, kus saab:[\/tm_heading][tm_spacer size=&#8221;lg:30&#8243;][vc_row_inner el_class=&#8221;custom-box-style&#8221;][vc_column_inner width=&#8221;1\/3&#8243;][tm_box_icon style=&#8221;06&#8243; image=&#8221;3162&#8243; heading=&#8221;Tarnijatega mugavamalt suhelda&#8221;][tm_box_icon style=&#8221;06&#8243; image=&#8221;3170&#8243; heading=&#8221;Toodetest tervikliku \u00fclevaate&#8221;][tm_box_icon style=&#8221;06&#8243; image=&#8221;3164&#8243; heading=&#8221;Tooteid br\u00e4ndi, koodi, toote liigi v\u00f5i koguni toitumisalaste andmete p\u00f5hjal otsida&#8221;][tm_box_icon style=&#8221;06&#8243; image=&#8221;3166&#8243; heading=&#8221;Eksportida tooteandmeid jaeketi enda Excel vormile&#8221; text=&#8221;v\u00f5i otse infos\u00fcsteemidesse&#8221;][\/vc_column_inner][vc_column_inner width=&#8221;1\/3&#8243;][tm_box_icon style=&#8221;06&#8243; image=&#8221;3158&#8243; heading=&#8221;Tooteid sortimenti v\u00f5i kampaaniasse k\u00fcsida&#8221;][tm_box_icon style=&#8221;06&#8243; image=&#8221;3172&#8243; heading=&#8221;Tootepilte ja lisafaile alla laadida&#8221;][tm_box_icon style=&#8221;06&#8243; image=&#8221;3156&#8243; heading=&#8221;Tarnijatega s\u00f5lmitud hinnakokkuleppeid vaadata ja hallata&#8221;][tm_box_icon style=&#8221;06&#8243; image=&#8221;2987&#8243; heading=&#8221;Andmesisestusele kuluvat aega v\u00e4hendada&#8221;][\/vc_column_inner][vc_column_inner width=&#8221;1\/3&#8243;][tm_box_icon style=&#8221;06&#8243; image=&#8221;3154&#8243; heading=&#8221;Hankeid korraldada&#8221;][tm_box_icon style=&#8221;06&#8243; image=&#8221;3160&#8243; heading=&#8221;Kampaaniaid hallata&#8221;][tm_box_icon style=&#8221;06&#8243; image=&#8221;3168&#8243; heading=&#8221;Kehtiva sortimendi tooteid pakutavate toodetega v\u00f5rrelda&#8221;][\/vc_column_inner][\/vc_row_inner][tm_spacer size=&#8221;lg:70&#8243;][\/vc_column][\/vc_row][vc_row full_width=&#8221;stretch_row&#8221; el_id=&#8221;section-clients&#8221;][vc_column width=&#8221;1\/2&#8243;][tm_spacer size=&#8221;sm:70;lg:100&#8243;][tm_spacer size=&#8221;lg:20&#8243;][vc_raw_html]JTNDZGl2JTIwY2xhc3MlM0QlMjJwaXBlZHJpdmVXZWJGb3JtcyUyMiUyMGRhdGEtcGQtd2ViZm9ybXMlM0QlMjIlMEFodHRwcyUzQSUyRiUyRndlYmZvcm1zLnBpcGVkcml2ZS5jb20lMkZmJTJGbTYxcERLd0RHQUlzZmZjVDN1WGVEeGM4aU1iN282REtZREdwRjJaZDNsd05NU0pabjMzaE5HM1N2OXNlR0lQJTIyJTNFJTNDc2NyaXB0JTIwc3JjJTNEJTIyaHR0cHMlM0ElMkYlMkZ3ZWJmb3Jtcy5waXBlZHJpdmUuY29tJTJGZiUyRmxvYWRlciUyMiUzRSUzQyUyRnNjcmlwdCUzRSUzQyUyRmRpdiUzRSUwQQ==[\/vc_raw_html][\/vc_column][vc_column width=&#8221;1\/2&#8243;][tm_spacer size=&#8221;sm:70;lg:100&#8243;][tm_team_member social_networks=&#8221;%5B%7B%22icon_fontawesome5%22%3A%22fa%20fa-adjust%22%2C%22icon_ion%22%3A%22ion-alert%22%2C%22icon_linea%22%3A%22linea-arrows-anticlockwise%22%2C%22icon_linea_svg%22%3A%22linea-arrows-anticlockwise%22%7D%5D&#8221; name=&#8221;Helen Siirus&#8221; position=&#8221;Sales Manager&#8221;][tm_box_icon style=&#8221;11&#8243; align=&#8221;center&#8221; icon_type=&#8221;fontawesome5&#8243; icon_fontawesome5=&#8221;far fa-envelope&#8221; el_class=&#8221;contacts&#8221; heading=&#8221;helen@lexi.market&#8221; button=&#8221;|||&#8221; link=&#8221;url:mailto%3Ahelen%40lexi.market|||&#8221; box_link=&#8221;|||&#8221;][tm_box_icon style=&#8221;11&#8243; align=&#8221;center&#8221; icon_type=&#8221;fontawesome5&#8243; icon_fontawesome5=&#8221;far fa-mobile&#8221; el_class=&#8221;contacts&#8221; heading=&#8221;+372 5555 5852&#8243; box_link=&#8221;|||&#8221; link=&#8221;url:tel%3A%2B37255555852|||&#8221;][\/vc_column][\/vc_row]<\/p>\n<\/section>","protected":false},"excerpt":{"rendered":"<p>[vc_row][vc_column][tm_heading custom_google_font=&#8221;&#8221; font_weight=&#8221;700&#8243; align=&#8221;center&#8221; font_size=&#8221;xs:30;sm:36;md:48;lg:48&#8243; max_width=&#8221;800px&#8221;]Platvorm ostuosakonnale tooteinfo alla laadimiseks ja tarnijatega kokkulepete s\u00f5lmimiseks[\/tm_heading][tm_spacer size=&#8221;lg:30&#8243;][tm_heading tag=&#8221;p&#8221; custom_google_font=&#8221;&#8221; google_fonts=&#8221;font_family:Poppins%3A300%2Cregular%2C500%2C600%2C700|font_style:400%20regular%3A400%3Anormal&#8221; font_weight=&#8221;400&#8243; align=&#8221;center&#8221; font_size=&#8221;lg:15&#8243; max_width=&#8221;700px&#8221;]Lexi.Market on ostujuhtide poolt kasutatav turvaline pilvep\u00f5hine platvorm tootepiltidega pakkumiste t\u00f6\u00f6tlemiseks ning kokkulepete s\u00f5lmimiseks, kus kogu l\u00e4bir\u00e4\u00e4kimiste ajalugu talletub lisaks e-postile ka tarnija ning jaeketi \u00fchisesse pakkumiste arhiivi.[\/tm_heading][tm_spacer size=&#8221;lg:40&#8243;][tm_button_group align=&#8221;center&#8221;][tm_button button=&#8221;url:%23section-clients|title:Broneeri%20tasuta%20tutvustus&#8221; align=&#8221;center&#8221;][\/tm_button_group][tm_spacer size=&#8221;lg:90&#8243;][\/vc_column][\/vc_row][vc_row full_width=&#8221;stretch_row_content&#8221; content_placement=&#8221;middle&#8221; background_color=&#8221;custom&#8221; el_class=&#8221;frontpage-width&#8221; custom_background_color=&#8221;#fafafa&#8221; lg_spacing=&#8221;padding_top:50;padding_bottom:50&#8243;][vc_column width=&#8221;1\/2&#8243; content_alignment=&#8221;right&#8221; offset=&#8221;vc_col-lg-6 vc_col-md-6 vc_col-xs-12&#8243; el_class=&#8221;text-column-right&#8221; lg_spacing=&#8221;padding_right:70&#8243; md_spacing=&#8221;padding_right:70;padding_left:30&#8243; sm_spacing=&#8221;padding_right:20;padding_left:20&#8243; xs_spacing=&#8221;padding_right:20;padding_left:20&#8243;][tm_spacer size=&#8221;xs:20;sm:20;md:20;lg:20&#8243;][tm_heading style=&#8221;common&#8221; tag=&#8221;h1&#8243; custom_google_font=&#8221;&#8221; font_size=&#8221;xs:36;sm:36;md:36;lg:36&#8243; max_width=&#8221;500px&#8221;]Kaubanduskalender annab kompaktse \u00fclevaate jaeketi enda sortimendi- ning kampaaniaperioodidest[\/tm_heading][tm_spacer size=&#8221;lg:32&#8243;][tm_heading tag=&#8221;p&#8221; custom_google_font=&#8221;&#8221; font_size=&#8221;lg:18&#8243; line_height=&#8221;1.78&#8243; max_width=&#8221;500px&#8221;]Kuna kaubanduskalender on interaktiivne, siis kuvatakse see ka tarnijate Lexi.Marketi vaates. Tarnijad n\u00e4evad koondvaadet erinevate jaekettide sortimendiperioodidest, kampaaniatest ja hangetest[\/tm_heading][tm_spacer size=&#8221;lg:30&#8243;][\/vc_column][vc_column width=&#8221;1\/2&#8243; content_alignment=&#8221;right&#8221; sm_content_alignment=&#8221;center&#8221; xs_content_alignment=&#8221;center&#8221; offset=&#8221;vc_col-md-6 vc_col-xs-12&#8243;][tm_spacer size=&#8221;xs:20;sm:20;md:0;lg:0&#8243;][tm_image sm_align=&#8221;center&#8221; xs_align=&#8221;center&#8221; animation=&#8221;move-right&#8221; el_class=&#8221;image-column&#8221; image=&#8221;3834&#8243; lg_spacing=&#8221;margin_right:50&#8243; sm_spacing=&#8221;margin_right:0&#8243; xs_spacing=&#8221;margin_right:0&#8243; max_width=&#8221;885px&#8221;][\/vc_column][\/vc_row][vc_row full_width=&#8221;stretch_row_content&#8221; content_placement=&#8221;middle&#8221; el_class=&#8221;frontpage-width&#8221; lg_spacing=&#8221;padding_top:40;padding_bottom:40&#8243;][vc_column width=&#8221;1\/2&#8243; content_alignment=&#8221;right&#8221; md_content_alignment=&#8221;center&#8221; sm_content_alignment=&#8221;center&#8221; xs_content_alignment=&#8221;center&#8221; offset=&#8221;vc_col-lg-offset-0 vc_col-lg-6 vc_col-md-offset-0 vc_col-md-6 vc_col-sm-offset-0 vc_col-xs-12&#8243;][tm_image align=&#8221;right&#8221; sm_align=&#8221;center&#8221; xs_align=&#8221;center&#8221; animation=&#8221;move-right&#8221; el_class=&#8221;image-column&#8221; image=&#8221;3832&#8243; lg_spacing=&#8221;margin_left:50&#8243; sm_spacing=&#8221;margin_left:0&#8243; xs_spacing=&#8221;margin_left:0&#8243; max_width=&#8221;885px&#8221;][tm_spacer size=&#8221;xs:20;sm:20;md:0;lg:0&#8243;][\/vc_column][vc_column width=&#8221;1\/2&#8243; md_content_alignment=&#8221;center&#8221; sm_content_alignment=&#8221;center&#8221; xs_content_alignment=&#8221;center&#8221; offset=&#8221;vc_col-lg-6 vc_col-md-6 vc_col-sm-offset-0 vc_col-xs-12&#8243; el_class=&#8221;text-column&#8221; lg_spacing=&#8221;padding_left:70&#8243; md_spacing=&#8221;padding_left:70&#8243; sm_spacing=&#8221;padding_right:18;padding_left:20&#8243; xs_spacing=&#8221;padding_right:20;padding_left:20&#8243;][tm_spacer size=&#8221;xs:20;sm:20;md:20;lg:20&#8243;][tm_heading style=&#8221;common&#8221; tag=&#8221;h1&#8243; custom_google_font=&#8221;&#8221; font_size=&#8221;xs:30;sm:30;md:36;lg:36&#8243; max_width=&#8221;500px&#8221;]Toodete sortimendi juhtimise moodul v\u00f5imaldab toodete portfelli mugavalt hallata[\/tm_heading][tm_spacer size=&#8221;lg:32&#8243;][tm_heading tag=&#8221;p&#8221; custom_google_font=&#8221;&#8221; font_size=&#8221;lg:18&#8243; line_height=&#8221;1.78&#8243; max_width=&#8221;500px&#8221;]Lexi.Market annab t\u00e4pse ja t\u00e4ieliku \u00fclevaate kogu sortimendist, h\u00f5lbustades \u00fchtlasi nii tootevaliku, tellimuste kui ka tarnijatega s\u00f5lmitud kokkulepete haldamist.[\/tm_heading][tm_spacer size=&#8221;lg:10&#8243;][tm_heading tag=&#8221;p&#8221; custom_google_font=&#8221;&#8221; font_size=&#8221;lg:18&#8243; line_height=&#8221;1.78&#8243; max_width=&#8221;500px&#8221;]Hea v\u00f5imalus j\u00e4lgida, kas sortiment ja toodete sisseostu hinnad vastavad hetke vajadustele ning v\u00f5rrelda tootevalikut alternatiivsete variantidega.[\/tm_heading][tm_spacer size=&#8221;lg:30&#8243;][\/vc_column][\/vc_row][vc_row full_width=&#8221;stretch_row_content&#8221; content_placement=&#8221;middle&#8221; background_color=&#8221;custom&#8221; el_class=&#8221;frontpage-width&#8221; custom_background_color=&#8221;#fafafa&#8221; lg_spacing=&#8221;padding_top:50;padding_bottom:50&#8243;][vc_column width=&#8221;1\/2&#8243; content_alignment=&#8221;right&#8221; offset=&#8221;vc_col-lg-6 vc_col-md-6 vc_col-xs-12&#8243; el_class=&#8221;text-column-right&#8221; lg_spacing=&#8221;padding_right:70&#8243; md_spacing=&#8221;padding_right:70;padding_left:30&#8243; sm_spacing=&#8221;padding_right:20;padding_left:20&#8243; xs_spacing=&#8221;padding_right:20;padding_left:20&#8243;][tm_spacer size=&#8221;xs:20;sm:20;md:20;lg:20&#8243;][tm_heading style=&#8221;common&#8221; tag=&#8221;h1&#8243; custom_google_font=&#8221;&#8221; font_size=&#8221;xs:30;sm:30;md:36;lg:36&#8243; max_width=&#8221;500px&#8221;]Ostujuhi t\u00f6\u00f6laud \u2013 v\u00f5imas lisamoodul ostuosakonnale[\/tm_heading][tm_spacer size=&#8221;lg:32&#8243;][tm_heading tag=&#8221;div&#8221; custom_google_font=&#8221;&#8221; font_size=&#8221;lg:18&#8243; line_height=&#8221;1.78&#8243; max_width=&#8221;500px&#8221;]Ostujuhi t\u00f6\u00f6laud v\u00f5imaldab koondada saabunud pakkumisi ning neid mugavalt ja kiirelt masst\u00f6\u00f6delda[\/tm_heading][tm_spacer size=&#8221;lg:10&#8243;][tm_heading tag=&#8221;div&#8221; custom_google_font=&#8221;&#8221; font_size=&#8221;lg:18&#8243; line_height=&#8221;1.78&#8243; max_width=&#8221;500px&#8221;]Hinnakokkulepete kinnitamisel toimub tooteandmete, sisseostuhindade v\u00f5i ka jaehindade automaatne massimport jaeketi sisemistesse infos\u00fcsteemidesse[\/tm_heading][tm_spacer size=&#8221;lg:30&#8243;][\/vc_column][vc_column width=&#8221;1\/2&#8243; content_alignment=&#8221;right&#8221; sm_content_alignment=&#8221;center&#8221; xs_content_alignment=&#8221;center&#8221; offset=&#8221;vc_col-md-6 vc_col-xs-12&#8243;][tm_spacer size=&#8221;xs:20;sm:20;md:0;lg:0&#8243;][tm_image sm_align=&#8221;center&#8221; xs_align=&#8221;center&#8221; animation=&#8221;move-right&#8221; el_class=&#8221;image-column&#8221; image=&#8221;3836&#8243; lg_spacing=&#8221;margin_right:50&#8243; sm_spacing=&#8221;margin_right:0&#8243; xs_spacing=&#8221;margin_right:0&#8243; max_width=&#8221;885px&#8221;][\/vc_column][\/vc_row][vc_row full_width=&#8221;stretch_row&#8221;][vc_column][tm_spacer size=&#8221;lg:70&#8243;][tm_heading tag=&#8221;h4&#8243; custom_google_font=&#8221;&#8221; font_weight=&#8221;700&#8243; align=&#8221;center&#8221; font_size=&#8221;xs:30;sm:36;md:42;lg:42&#8243; max_width=&#8221;800px&#8221;]Jaeketid kasutavad Lexi.Marketit ostujuhtide t\u00f6\u00f6 kiirendajana, kus saab:[\/tm_heading][tm_spacer size=&#8221;lg:30&#8243;][vc_row_inner el_class=&#8221;custom-box-style&#8221;][vc_column_inner width=&#8221;1\/3&#8243;][tm_box_icon style=&#8221;06&#8243; image=&#8221;3162&#8243; heading=&#8221;Tarnijatega mugavamalt suhelda&#8221;][tm_box_icon style=&#8221;06&#8243; image=&#8221;3170&#8243; heading=&#8221;Toodetest tervikliku \u00fclevaate&#8221;][tm_box_icon style=&#8221;06&#8243; image=&#8221;3164&#8243; heading=&#8221;Tooteid br\u00e4ndi, koodi, toote liigi v\u00f5i koguni toitumisalaste andmete p\u00f5hjal otsida&#8221;][tm_box_icon style=&#8221;06&#8243; image=&#8221;3166&#8243; heading=&#8221;Eksportida tooteandmeid jaeketi enda Excel vormile&#8221; text=&#8221;v\u00f5i otse infos\u00fcsteemidesse&#8221;][\/vc_column_inner][vc_column_inner width=&#8221;1\/3&#8243;][tm_box_icon style=&#8221;06&#8243; image=&#8221;3158&#8243; heading=&#8221;Tooteid sortimenti v\u00f5i kampaaniasse k\u00fcsida&#8221;][tm_box_icon style=&#8221;06&#8243; image=&#8221;3172&#8243; heading=&#8221;Tootepilte ja lisafaile alla laadida&#8221;][tm_box_icon style=&#8221;06&#8243; image=&#8221;3156&#8243; heading=&#8221;Tarnijatega s\u00f5lmitud hinnakokkuleppeid vaadata ja hallata&#8221;][tm_box_icon style=&#8221;06&#8243; image=&#8221;2987&#8243; heading=&#8221;Andmesisestusele kuluvat aega v\u00e4hendada&#8221;][\/vc_column_inner][vc_column_inner width=&#8221;1\/3&#8243;][tm_box_icon style=&#8221;06&#8243; image=&#8221;3154&#8243; heading=&#8221;Hankeid korraldada&#8221;][tm_box_icon style=&#8221;06&#8243; image=&#8221;3160&#8243; heading=&#8221;Kampaaniaid hallata&#8221;][tm_box_icon style=&#8221;06&#8243; image=&#8221;3168&#8243; heading=&#8221;Kehtiva sortimendi tooteid pakutavate toodetega v\u00f5rrelda&#8221;][\/vc_column_inner][\/vc_row_inner][tm_spacer size=&#8221;lg:70&#8243;][\/vc_column][\/vc_row][vc_row full_width=&#8221;stretch_row&#8221; el_id=&#8221;section-clients&#8221;][vc_column width=&#8221;1\/2&#8243;][tm_spacer size=&#8221;sm:70;lg:100&#8243;][tm_spacer size=&#8221;lg:20&#8243;][vc_raw_html]JTNDZGl2JTIwY2xhc3MlM0QlMjJwaXBlZHJpdmVXZWJGb3JtcyUyMiUyMGRhdGEtcGQtd2ViZm9ybXMlM0QlMjIlMEFodHRwcyUzQSUyRiUyRndlYmZvcm1zLnBpcGVkcml2ZS5jb20lMkZmJTJGbTYxcERLd0RHQUlzZmZjVDN1WGVEeGM4aU1iN282REtZREdwRjJaZDNsd05NU0pabjMzaE5HM1N2OXNlR0lQJTIyJTNFJTNDc2NyaXB0JTIwc3JjJTNEJTIyaHR0cHMlM0ElMkYlMkZ3ZWJmb3Jtcy5waXBlZHJpdmUuY29tJTJGZiUyRmxvYWRlciUyMiUzRSUzQyUyRnNjcmlwdCUzRSUzQyUyRmRpdiUzRSUwQQ==[\/vc_raw_html][\/vc_column][vc_column width=&#8221;1\/2&#8243;][tm_spacer size=&#8221;sm:70;lg:100&#8243;][tm_team_member social_networks=&#8221;%5B%7B%22icon_fontawesome5%22%3A%22fa%20fa-adjust%22%2C%22icon_ion%22%3A%22ion-alert%22%2C%22icon_linea%22%3A%22linea-arrows-anticlockwise%22%2C%22icon_linea_svg%22%3A%22linea-arrows-anticlockwise%22%7D%5D&#8221; name=&#8221;Helen Siirus&#8221; position=&#8221;Sales Manager&#8221;][tm_box_icon style=&#8221;11&#8243; align=&#8221;center&#8221; icon_type=&#8221;fontawesome5&#8243; icon_fontawesome5=&#8221;far fa-envelope&#8221; el_class=&#8221;contacts&#8221; heading=&#8221;helen@lexi.market&#8221; button=&#8221;|||&#8221; link=&#8221;url:mailto%3Ahelen%40lexi.market|||&#8221; box_link=&#8221;|||&#8221;][tm_box_icon style=&#8221;11&#8243; align=&#8221;center&#8221; icon_type=&#8221;fontawesome5&#8243; icon_fontawesome5=&#8221;far fa-mobile&#8221; el_class=&#8221;contacts&#8221; heading=&#8221;+372 5555 5852&#8243; box_link=&#8221;|||&#8221; link=&#8221;url:tel%3A%2B37255555852|||&#8221;][\/vc_column][\/vc_row]<\/p>\n","protected":false},"author":10,"featured_media":0,"parent":0,"menu_order":0,"comment_status":"closed","ping_status":"closed","template":"","meta":{"footnotes":""},"class_list":["post-3152","page","type-page","status-publish","hentry","post-no-thumbnail"],"_links":{"self":[{"href":"https:\/\/lexi.market\/et\/wp-json\/wp\/v2\/pages\/3152","targetHints":{"allow":["GET"]}}],"collection":[{"href":"https:\/\/lexi.market\/et\/wp-json\/wp\/v2\/pages"}],"about":[{"href":"https:\/\/lexi.market\/et\/wp-json\/wp\/v2\/types\/page"}],"author":[{"embeddable":true,"href":"https:\/\/lexi.market\/et\/wp-json\/wp\/v2\/users\/10"}],"replies":[{"embeddable":true,"href":"https:\/\/lexi.market\/et\/wp-json\/wp\/v2\/comments?post=3152"}],"version-history":[{"count":44,"href":"https:\/\/lexi.market\/et\/wp-json\/wp\/v2\/pages\/3152\/revisions"}],"predecessor-version":[{"id":6068,"href":"https:\/\/lexi.market\/et\/wp-json\/wp\/v2\/pages\/3152\/revisions\/6068"}],"wp:attachment":[{"href":"https:\/\/lexi.market\/et\/wp-json\/wp\/v2\/media?parent=3152"}],"curies":[{"name":"wp","href":"https:\/\/api.w.org\/{rel}","templated":true}]}}