{"id":2327,"date":"2023-01-27T12:15:20","date_gmt":"2023-01-27T10:15:20","guid":{"rendered":"https:\/\/lexi.market\/?page_id=2327"},"modified":"2023-06-26T13:34:28","modified_gmt":"2023-06-26T10:34:28","slug":"hakka-tellijaks","status":"publish","type":"page","link":"https:\/\/lexi.market\/et\/hakka-tellijaks\/","title":{"rendered":"Liitu Tellijate V\u00f5rgustikuga"},"content":{"rendered":"<section class=\"wpb-content-wrapper\"><p>[vc_row el_class=&#8221;slider-revolution&#8221;][vc_column background_image=&#8221;343&#8243;]\t\t\t<script src=\"\/\/lexi.market\/wp-content\/plugins\/revslider\/sr6\/assets\/js\/rbtools.min.js?rev=6.7.14\"><\/script>\n\t\t\t<script src=\"\/\/lexi.market\/wp-content\/plugins\/revslider\/sr6\/assets\/js\/rs6.min.js?rev=6.7.14\"><\/script>\n\n\t\t\t<!-- START Payment REVOLUTION SLIDER 6.7.14 --><p class=\"rs-p-wp-fix\"><\/p>\n\t\t\t<rs-module-wrap id=\"test_wrapper\" data-source=\"gallery\" style=\"visibility:hidden;background:transparent;padding:0;margin:0px auto;margin-top:0;margin-bottom:0;\">\n\t\t\t\t<rs-module id=\"test\" style=\"\" data-version=\"6.7.14\">\n\t\t\t\t\t<rs-slides style=\"overflow: hidden; position: absolute;\">\n\t\t\t\t\t\t<rs-slide style=\"position: absolute;\" data-key=\"rs-4\" data-title=\"Slide\" data-anim=\"adpr:false;ms:600;\" data-in=\"o:0;\" data-out=\"a:false;\">\n\t\t\t\t\t\t\t<img decoding=\"async\" src=\"\/\/lexi.market\/wp-content\/plugins\/revslider\/sr6\/assets\/assets\/dummy.png\" alt=\"\" title=\"avaleht-taust3\" width=\"1920\" height=\"1113\" class=\"rev-slidebg tp-rs-img rs-lazyload\" data-lazyload=\"\/\/lexi.market\/test\/wp-content\/uploads\/2019\/10\/avaleht-taust3.jpg\" data-bg=\"p:center top;\" data-no-retina>\n<!--\n\t\t\t\t\t\t\t--><rs-layer\n\t\t\t\t\t\t\t\tid=\"slider-1-slide-4-layer-1\" \n\t\t\t\t\t\t\t\tdata-type=\"image\"\n\t\t\t\t\t\t\t\tdata-rsp_ch=\"on\"\n\t\t\t\t\t\t\t\tdata-xy=\"x:r,r,r,c;xo:0,0,0,-664px;y:b;yo:0,0,0,-82px;\"\n\t\t\t\t\t\t\t\tdata-text=\"l:22;a:inherit;\"\n\t\t\t\t\t\t\t\tdata-dim=\"w:1310px,700px,100%,100%;h:939px,502px,auto,auto;\"\n\t\t\t\t\t\t\t\tdata-basealign=\"slide\"\n\t\t\t\t\t\t\t\tdata-frame_0=\"y:50px;\"\n\t\t\t\t\t\t\t\tdata-frame_1=\"st:400;sp:1500;sR:400;\"\n\t\t\t\t\t\t\t\tdata-frame_999=\"o:0;st:w;sR:7100;\"\n\t\t\t\t\t\t\t\tstyle=\"z-index:8;\"\n\t\t\t\t\t\t\t><img decoding=\"async\" src=\"\/\/lexi.market\/wp-content\/plugins\/revslider\/sr6\/assets\/assets\/dummy.png\" alt=\"\" class=\"tp-rs-img rs-lazyload\" width=\"1310\" height=\"939\" data-lazyload=\"\/\/lexi.market\/test\/wp-content\/uploads\/2019\/10\/avaleht2.png\" data-no-retina> \n\t\t\t\t\t\t\t<\/rs-layer><!--\n\n\t\t\t\t\t\t\t--><rs-layer\n\t\t\t\t\t\t\t\tid=\"slider-1-slide-4-layer-2\" \n\t\t\t\t\t\t\t\tdata-type=\"text\"\n\t\t\t\t\t\t\t\tdata-xy=\"x:l,l,c,c;xo:152px,130px,0,4px;y:m,m,t,t;yo:-255px,-180px,70px,81px;\"\n\t\t\t\t\t\t\t\tdata-text=\"w:normal;s:56,48,40,30;l:72,61,51,41;fw:700;a:left,left,center,center;\"\n\t\t\t\t\t\t\t\tdata-dim=\"w:908px,600px,550px,350px;\"\n\t\t\t\t\t\t\t\tdata-basealign=\"slide\"\n\t\t\t\t\t\t\t\tdata-rsp_o=\"off\"\n\t\t\t\t\t\t\t\tdata-rsp_bd=\"off\"\n\t\t\t\t\t\t\t\tdata-frame_0=\"y:50px,35px,19px,11px;\"\n\t\t\t\t\t\t\t\tdata-frame_1=\"e:power4.inOut;st:450;sp:1500;sR:450;\"\n\t\t\t\t\t\t\t\tdata-frame_999=\"o:0;st:w;sR:7050;\"\n\t\t\t\t\t\t\t\tstyle=\"z-index:9;font-family:'Red Hat Display';\"\n\t\t\t\t\t\t\t>Lexi.Market - platvorm kaubandusettev\u00f5tte tootehalduseks \n\t\t\t\t\t\t\t<\/rs-layer><!--\n\n\t\t\t\t\t\t\t--><rs-layer\n\t\t\t\t\t\t\t\tid=\"slider-1-slide-4-layer-3\" \n\t\t\t\t\t\t\t\tdata-type=\"text\"\n\t\t\t\t\t\t\t\tdata-xy=\"x:l,l,c,c;xo:150px,130px,0,0;y:m,m,t,t;yo:-90px,-16px,240px,265px;\"\n\t\t\t\t\t\t\t\tdata-text=\"w:normal;s:18,18,16,16;l:32,32,28,28;a:left,left,center,center;\"\n\t\t\t\t\t\t\t\tdata-dim=\"w:641px,500px,430px,330px;\"\n\t\t\t\t\t\t\t\tdata-basealign=\"slide\"\n\t\t\t\t\t\t\t\tdata-rsp_o=\"off\"\n\t\t\t\t\t\t\t\tdata-rsp_bd=\"off\"\n\t\t\t\t\t\t\t\tdata-frame_0=\"y:50px,35px,19px,11px;\"\n\t\t\t\t\t\t\t\tdata-frame_1=\"e:power4.inOut;st:700;sp:1500;sR:700;\"\n\t\t\t\t\t\t\t\tdata-frame_999=\"o:0;st:w;sR:6800;\"\n\t\t\t\t\t\t\t\tstyle=\"z-index:10;font-family:'Red Hat Text';\"\n\t\t\t\t\t\t\t>Lexi.Market on kaubanduse \u00f6kos\u00fcsteem, mis pakub lahenduse tooteandmete haldamiseks, hinnapakkumiste koostamiseks, hangete korraldamiseks ja sortimendiotsuste tegemiseks. \n\t\t\t\t\t\t\t<\/rs-layer><!--\n\n\t\t\t\t\t\t\t--><rs-layer\n\t\t\t\t\t\t\t\tid=\"slider-1-slide-4-layer-4\" \n\t\t\t\t\t\t\t\tclass=\"rev-btn\"\n\t\t\t\t\t\t\t\tdata-type=\"button\"\n\t\t\t\t\t\t\t\tdata-color=\"rgba(255,255,255,1)\"\n\t\t\t\t\t\t\t\tdata-xy=\"x:l,l,c,c;xo:151px,130px,0,0;y:m,m,t,t;yo:15px,91px,380px,442px;\"\n\t\t\t\t\t\t\t\tdata-text=\"w:normal;s:15;l:56;ls:0px,0,0,0;fw:700,500,500,500;a:center;\"\n\t\t\t\t\t\t\t\tdata-dim=\"w:170px;h:56px;\"\n\t\t\t\t\t\t\t\tdata-actions='o:click;a:scrollbelow;sp:1000ms;e:power1.inOut;'\n\t\t\t\t\t\t\t\tdata-basealign=\"slide\"\n\t\t\t\t\t\t\t\tdata-rsp_o=\"off\"\n\t\t\t\t\t\t\t\tdata-rsp_bd=\"off\"\n\t\t\t\t\t\t\t\tdata-padding=\"r:30;l:30;\"\n\t\t\t\t\t\t\t\tdata-border=\"bor:5px,5px,5px,5px;\"\n\t\t\t\t\t\t\t\tdata-frame_0=\"y:50px;\"\n\t\t\t\t\t\t\t\tdata-frame_1=\"st:1000;sp:1500;sR:1000;\"\n\t\t\t\t\t\t\t\tdata-frame_999=\"o:0;st:w;sR:6500;\"\n\t\t\t\t\t\t\t\tdata-frame_hover=\"c:#f04b54;bgc:#fff;boc:#38cb89;bor:5px,5px,5px,5px;bos:solid;oX:50;oY:50;sp:0;\"\n\t\t\t\t\t\t\t\tstyle=\"z-index:11;background-color:#f7921e;font-family:'Red Hat Display';cursor:pointer;outline:none;box-shadow:none;box-sizing:border-box;-moz-box-sizing:border-box;-webkit-box-sizing:border-box;\"\n\t\t\t\t\t\t\t>Loe lisaks \n\t\t\t\t\t\t\t<\/rs-layer><!--\n\n\t\t\t\t\t\t\t--><rs-layer\n\t\t\t\t\t\t\t\tid=\"slider-1-slide-4-layer-5\" \n\t\t\t\t\t\t\t\tdata-type=\"text\"\n\t\t\t\t\t\t\t\tdata-xy=\"x:l,c,c,c;xo:350px,-239px,0,0;y:m,m,t,t;yo:15px,93px,510px,521px;\"\n\t\t\t\t\t\t\t\tdata-text=\"w:normal,normal,normal,normal;s:15;l:30;ls:0px,0,0,0;fw:500;a:inherit,center,center,center;\"\n\t\t\t\t\t\t\t\tdata-dim=\"w:240px;h:30px;\"\n\t\t\t\t\t\t\t\tdata-actions='id:section-clients;o:click;a:scrollto;sp:1000ms;e:power1.inOut;'\n\t\t\t\t\t\t\t\tdata-basealign=\"slide\"\n\t\t\t\t\t\t\t\tdata-rsp_o=\"off\"\n\t\t\t\t\t\t\t\tdata-rsp_bd=\"off\"\n\t\t\t\t\t\t\t\tdata-frame_0=\"y:50px;\"\n\t\t\t\t\t\t\t\tdata-frame_1=\"st:1100;sp:1500;sR:1100;\"\n\t\t\t\t\t\t\t\tdata-frame_999=\"o:0;st:w;sR:6400;\"\n\t\t\t\t\t\t\t\tstyle=\"z-index:12;font-family:'Red Hat Text';\"\n\t\t\t\t\t\t\t>Tekkis huvi?  <a href=\"#section-clients\" style=\"color: #ffffff;\">V\u00f5ta \u00fchendust <span class=\"far fa-long-arrow-right\"><\/span><\/a> \n\t\t\t\t\t\t\t<\/rs-layer><!--\n-->\t\t\t\t\t<\/rs-slide>\n\t\t\t\t\t<\/rs-slides>\n\t\t\t\t\t<rs-static-layers><!--\n\t\t\t\t\t--><\/rs-static-layers>\n\t\t\t\t<\/rs-module>\n\t\t\t\t<script>\n\t\t\t\t\tsetREVStartSize({c: 'test',rl:[1240,1024,778,480],el:[1113,768,900,600],gw:[1920,1366,768,480],gh:[1113,768,900,600],type:'standard',justify:'',layout:'fullwidth',mh:\"1113\"});if (window.RS_MODULES!==undefined && window.RS_MODULES.modules!==undefined && window.RS_MODULES.modules[\"test\"]!==undefined) {window.RS_MODULES.modules[\"test\"].once = false;window.revapi1 = undefined;if (window.RS_MODULES.checkMinimal!==undefined) window.RS_MODULES.checkMinimal()}\n\t\t\t\t<\/script>\n\t\t\t<\/rs-module-wrap>\n\t\t\t<!-- END REVOLUTION SLIDER -->\n[\/vc_column][\/vc_row][vc_section full_width=&#8221;stretch_row&#8221;][vc_row][vc_column][tm_heading tag=&#8221;h5&#8243; custom_google_font=&#8221;&#8221; google_fonts=&#8221;font_family:Poppins%3A300%2Cregular%2C500%2C600%2C700|font_style:500%20medium%20regular%3A500%3Anormal&#8221; font_weight=&#8221;500&#8243; text_transform=&#8221;uppercase&#8221; align=&#8221;center&#8221; text_color=&#8221;custom&#8221; custom_text_color=&#8221;#ffffff&#8221; el_class=&#8221;heading2&#8243; font_size=&#8221;xs:14;sm:14;md:14;lg:14&#8243; letter_spacing=&#8221;2px&#8221;]Konto registreerimine[\/tm_heading][tm_spacer size=&#8221;xs:90;sm:90;md:90;lg:30&#8243;][\/vc_column][\/vc_row][vc_row full_width=&#8221;stretch_row_content&#8221;][vc_column][tm_image full_wide=&#8221;1&#8243; image=&#8221;2341&#8243; lg_spacing=&#8221;margin_top:0;margin_right:200;margin_bottom:0;margin_left:200&#8243; md_spacing=&#8221;margin_top:0;margin_right:0;margin_bottom:0;margin_left:0&#8243; sm_spacing=&#8221;margin_top:0;margin_right:0;margin_bottom:0;margin_left:0&#8243; xs_spacing=&#8221;margin_top:0;margin_right:0;margin_bottom:0;margin_left:0&#8243;][tm_spacer size=&#8221;xs:30;sm:30;md:30;lg:30&#8243;][\/vc_column][\/vc_row][vc_row content_placement=&#8221;middle&#8221;][vc_column][tm_heading style=&#8221;highlight-01&#8243; tag=&#8221;div&#8221; custom_google_font=&#8221;&#8221; align=&#8221;center&#8221; el_class=&#8221;body-text&#8221; font_size=&#8221;lg:18&#8243; line_height=&#8221;1.78&#8243; max_width=&#8221;850px&#8221; css=&#8221;.vc_custom_1675695408895{padding-bottom: 30px !important;}&#8221;]Lexi.Market on kaubandusettev\u00f5tete v\u00f5rgustik, mille kaudu saad lihtsalt ja kiirelt toodete tellimusi esitada. Igalt varustajalt eraldi tellimise asemel on n\u00fc\u00fcd v\u00f5imalik k\u00f5ik tellimused teele saata \u00fchest keskkonnast.<br \/>\nEsitades tellimused Lexi.Marketi kaudu, hoiad kokku aega ja omad head \u00fclevaadet.[\/tm_heading][tm_spacer size=&#8221;lg:80&#8243;][\/vc_column][\/vc_row][vc_row el_id=&#8221;section-about&#8221; lg_spacing=&#8221;margin_top:0;border_top:0;padding_top:0&#8243;][vc_column][\/vc_column][\/vc_row][vc_row][vc_column][tm_grid align=&#8221;center&#8221; columns=&#8221;xs:1;sm:1;lg:3&#8243; row_gutter=&#8221;lg:60&#8243; column_gutter=&#8221;lg:60&#8243;][tm_box_icon style=&#8221;02&#8243; el_class=&#8221;numbers&#8221; icon_background_color=&#8221;custom&#8221; custom_icon_background_color=&#8221;#f59c00&#8243; background_color=&#8221;custom&#8221; custom_border_color=&#8221;rgba(237,42,42,0.01)&#8221; image=&#8221;1712&#8243; heading=&#8221;Registreeri kasutajaks&#8221; text=&#8221;T\u00e4ida kontaktivorm, mille alusel loome sulle konto. See v\u00f5ib v\u00f5tta aega kuni kaks t\u00f6\u00f6p\u00e4eva.&#8221; button=&#8221;url:%23registration-form|title:Registreeri%20siin&#8221;][tm_box_icon style=&#8221;02&#8243; el_class=&#8221;numbers&#8221; icon_background_color=&#8221;custom&#8221; custom_icon_background_color=&#8221;#f59c00&#8243; background_color=&#8221;custom&#8221; custom_border_color=&#8221;rgba(237,42,42,0.01)&#8221; image=&#8221;1710&#8243; heading=&#8221;S\u00f5lmi hinnakokkulepe&#8221; text=&#8221;Leia kataloogist sind huvitavad tooted ning k\u00fcsi esindajalt pakkumist. Kui saadud pakkumised on sulle sobivad, saad s\u00f5lmida hinnakokkuleppe.&#8221;][tm_box_icon style=&#8221;02&#8243; el_class=&#8221;numbers&#8221; icon_background_color=&#8221;custom&#8221; custom_icon_background_color=&#8221;#f59c00&#8243; background_color=&#8221;custom&#8221; custom_border_color=&#8221;rgba(237,42,42,0.01)&#8221; image=&#8221;1708&#8243; heading=&#8221;Edasta tellimus&#8221; text=&#8221;Vali tooted ja kogused ning edasta tellimus. Tellimust puudutavates k\u00fcsimustes saad m\u00fc\u00fcjaga vestlusaknas suhelda.&#8221;][\/tm_grid][\/vc_column][\/vc_row][vc_row][vc_column][tm_spacer size=&#8221;lg:100&#8243;][tm_spacer size=&#8221;lg:70&#8243;][\/vc_column][\/vc_row][vc_row][vc_column width=&#8221;1\/2&#8243; md_spacing=&#8221;margin_right:30&#8243;][vc_column_text]<\/p>\n<h4>Lexi.Market Tellija paketi tingimused<\/h4>\n<p>[\/vc_column_text][tm_spacer size=&#8221;lg:30&#8243;][tm_list list_style=&#8221;icon&#8221; columns=&#8221;xs:1;lg:1&#8243; items=&#8221;%5B%7B%22item_title%22%3A%22Kellele%20on%20Lexi.Market%20Tellija%20pakett%20suunatud%3F%22%2C%22item_desc%22%3A%22Tellija%20paketist%20saavad%20enim%20kasu%20jaekaubandusettev%C3%B5tted%2C%20toitlustajad%20ja%20restoraanid%2C%20kes%20tellivad%20igap%C3%A4evaselt%20kaupu%20erinevate%20tootjate%20ja%20hulgim%C3%BC%C3%BCjate%20k%C3%A4est.%20Lisaks%20hinnakokkulepe%20s%C3%B5lmimisele%20ja%20tellimisele%2C%20leiab%20platvormilt%20p%C3%B5hjaliku%20tooteinfo.%22%2C%22icon%22%3A%22fa%20fa-file-invoice%22%7D%2C%7B%22item_title%22%3A%22Kui%20palju%20pakett%20maksab%3F%22%2C%22item_desc%22%3A%22Lexi.Market%20Tellija%20pakett%20on%20tasuta%20k%C3%B5igile%20selle%20kasutajatele.%20%22%2C%22icon%22%3A%22fa%20fa-money-bill-wave-alt%22%7D%2C%7B%22item_title%22%3A%22Millised%20ettev%C3%B5tted%20on%20juba%20v%C3%B5rgustikuga%20liitunud%3F%22%2C%22item_desc%22%3A%22Lexi.Marketi%20v%C3%B5rgistikus%20on%20%C3%BCle%20saja%20juhtiva%20Baltikumi%20ettev%C3%B5tte%20toiduaine-%20ja%20esmatarbekaupade%20valdkonnas.%20Platvormil%20on%20rohkem%2C%20kui%2025%20000%20tellitavat%20toodet.%20Uusi%20ettev%C3%B5tteid%20ja%20tooteid%20lisandub%20v%C3%B5rgustikku%20igap%C3%A4evaselt.%5Cn%5Cn%5Cn%22%2C%22icon%22%3A%22fa%20fa-network-wired%22%7D%5D&#8221;][\/vc_column][vc_column width=&#8221;1\/2&#8243;][vc_wp_custom_html el_id=&#8221;registration-form&#8221;]JTNDZGl2JTIwY2xhc3MlM0QlMjJwaXBlZHJpdmVXZWJGb3JtcyUyMiUyMGRhdGEtcGQtd2ViZm9ybXMlM0QlMjJodHRwcyUzQSUyRiUyRndlYmZvcm1zLnBpcGVkcml2ZS5jb20lMkZmJTJGSTFETlBSRFpFeERsT3lRRmJ5NWlhb1hHZFlNOE52aTVFaTRTeGliOUc3SlBydDltZmRjeWl3UUZvcHVlajFwJTIyJTNFJTNDc2NyaXB0JTIwc3JjJTNEJTIyaHR0cHMlM0ElMkYlMkZ3ZWJmb3Jtcy5waXBlZHJpdmUuY29tJTJGZiUyRmxvYWRlciUyMiUzRSUzQyUyRnNjcmlwdCUzRSUzQyUyRmRpdiUzRQ==[\/vc_wp_custom_html][\/vc_column][\/vc_row][\/vc_section]<\/p>\n<\/section>","protected":false},"excerpt":{"rendered":"<p>[vc_row el_class=&#8221;slider-revolution&#8221;][vc_column background_image=&#8221;343&#8243;][\/vc_column][\/vc_row][vc_section full_width=&#8221;stretch_row&#8221;][vc_row][vc_column][tm_heading tag=&#8221;h5&#8243; custom_google_font=&#8221;&#8221; google_fonts=&#8221;font_family:Poppins%3A300%2Cregular%2C500%2C600%2C700|font_style:500%20medium%20regular%3A500%3Anormal&#8221; font_weight=&#8221;500&#8243; text_transform=&#8221;uppercase&#8221; align=&#8221;center&#8221; text_color=&#8221;custom&#8221; custom_text_color=&#8221;#ffffff&#8221; el_class=&#8221;heading2&#8243; font_size=&#8221;xs:14;sm:14;md:14;lg:14&#8243; letter_spacing=&#8221;2px&#8221;]Konto registreerimine[\/tm_heading][tm_spacer size=&#8221;xs:90;sm:90;md:90;lg:30&#8243;][\/vc_column][\/vc_row][vc_row full_width=&#8221;stretch_row_content&#8221;][vc_column][tm_image full_wide=&#8221;1&#8243; image=&#8221;2341&#8243; lg_spacing=&#8221;margin_top:0;margin_right:200;margin_bottom:0;margin_left:200&#8243; md_spacing=&#8221;margin_top:0;margin_right:0;margin_bottom:0;margin_left:0&#8243; sm_spacing=&#8221;margin_top:0;margin_right:0;margin_bottom:0;margin_left:0&#8243; xs_spacing=&#8221;margin_top:0;margin_right:0;margin_bottom:0;margin_left:0&#8243;][tm_spacer size=&#8221;xs:30;sm:30;md:30;lg:30&#8243;][\/vc_column][\/vc_row][vc_row content_placement=&#8221;middle&#8221;][vc_column][tm_heading style=&#8221;highlight-01&#8243; tag=&#8221;div&#8221; custom_google_font=&#8221;&#8221; align=&#8221;center&#8221; el_class=&#8221;body-text&#8221; font_size=&#8221;lg:18&#8243; line_height=&#8221;1.78&#8243; max_width=&#8221;850px&#8221; css=&#8221;.vc_custom_1675695408895{padding-bottom: 30px !important;}&#8221;]Lexi.Market on kaubandusettev\u00f5tete v\u00f5rgustik, mille kaudu saad lihtsalt ja kiirelt toodete tellimusi esitada. Igalt varustajalt eraldi tellimise asemel on n\u00fc\u00fcd v\u00f5imalik k\u00f5ik tellimused teele saata \u00fchest keskkonnast. Esitades tellimused Lexi.Marketi kaudu, hoiad kokku aega ja omad head \u00fclevaadet.[\/tm_heading][tm_spacer size=&#8221;lg:80&#8243;][\/vc_column][\/vc_row][vc_row el_id=&#8221;section-about&#8221; lg_spacing=&#8221;margin_top:0;border_top:0;padding_top:0&#8243;][vc_column][\/vc_column][\/vc_row][vc_row][vc_column][tm_grid align=&#8221;center&#8221; columns=&#8221;xs:1;sm:1;lg:3&#8243; row_gutter=&#8221;lg:60&#8243; column_gutter=&#8221;lg:60&#8243;][tm_box_icon style=&#8221;02&#8243; el_class=&#8221;numbers&#8221; icon_background_color=&#8221;custom&#8221; custom_icon_background_color=&#8221;#f59c00&#8243; background_color=&#8221;custom&#8221; custom_border_color=&#8221;rgba(237,42,42,0.01)&#8221; image=&#8221;1712&#8243; heading=&#8221;Registreeri kasutajaks&#8221; text=&#8221;T\u00e4ida kontaktivorm, mille alusel loome sulle konto. See v\u00f5ib v\u00f5tta aega kuni kaks t\u00f6\u00f6p\u00e4eva.&#8221; button=&#8221;url:%23registration-form|title:Registreeri%20siin&#8221;][tm_box_icon style=&#8221;02&#8243; el_class=&#8221;numbers&#8221; icon_background_color=&#8221;custom&#8221; custom_icon_background_color=&#8221;#f59c00&#8243; background_color=&#8221;custom&#8221; custom_border_color=&#8221;rgba(237,42,42,0.01)&#8221; image=&#8221;1710&#8243; heading=&#8221;S\u00f5lmi hinnakokkulepe&#8221; text=&#8221;Leia kataloogist sind huvitavad tooted ning k\u00fcsi esindajalt pakkumist. Kui saadud pakkumised on sulle sobivad, saad s\u00f5lmida hinnakokkuleppe.&#8221;][tm_box_icon style=&#8221;02&#8243; el_class=&#8221;numbers&#8221; icon_background_color=&#8221;custom&#8221; custom_icon_background_color=&#8221;#f59c00&#8243; background_color=&#8221;custom&#8221; custom_border_color=&#8221;rgba(237,42,42,0.01)&#8221; image=&#8221;1708&#8243; heading=&#8221;Edasta tellimus&#8221; text=&#8221;Vali tooted ja kogused ning edasta tellimus. Tellimust puudutavates k\u00fcsimustes saad m\u00fc\u00fcjaga vestlusaknas suhelda.&#8221;][\/tm_grid][\/vc_column][\/vc_row][vc_row][vc_column][tm_spacer size=&#8221;lg:100&#8243;][tm_spacer size=&#8221;lg:70&#8243;][\/vc_column][\/vc_row][vc_row][vc_column width=&#8221;1\/2&#8243; md_spacing=&#8221;margin_right:30&#8243;][vc_column_text] Lexi.Market Tellija paketi tingimused [\/vc_column_text][tm_spacer size=&#8221;lg:30&#8243;][tm_list list_style=&#8221;icon&#8221; columns=&#8221;xs:1;lg:1&#8243; items=&#8221;%5B%7B%22item_title%22%3A%22Kellele%20on%20Lexi.Market%20Tellija%20pakett%20suunatud%3F%22%2C%22item_desc%22%3A%22Tellija%20paketist%20saavad%20enim%20kasu%20jaekaubandusettev%C3%B5tted%2C%20toitlustajad%20ja%20restoraanid%2C%20kes%20tellivad%20igap%C3%A4evaselt%20kaupu%20erinevate%20tootjate%20ja%20hulgim%C3%BC%C3%BCjate%20k%C3%A4est.%20Lisaks%20hinnakokkulepe%20s%C3%B5lmimisele%20ja%20tellimisele%2C%20leiab%20platvormilt%20p%C3%B5hjaliku%20tooteinfo.%22%2C%22icon%22%3A%22fa%20fa-file-invoice%22%7D%2C%7B%22item_title%22%3A%22Kui%20palju%20pakett%20maksab%3F%22%2C%22item_desc%22%3A%22Lexi.Market%20Tellija%20pakett%20on%20tasuta%20k%C3%B5igile%20selle%20kasutajatele.%20%22%2C%22icon%22%3A%22fa%20fa-money-bill-wave-alt%22%7D%2C%7B%22item_title%22%3A%22Millised%20ettev%C3%B5tted%20on%20juba%20v%C3%B5rgustikuga%20liitunud%3F%22%2C%22item_desc%22%3A%22Lexi.Marketi%20v%C3%B5rgistikus%20on%20%C3%BCle%20saja%20juhtiva%20Baltikumi%20ettev%C3%B5tte%20toiduaine-%20ja%20esmatarbekaupade%20valdkonnas.%20Platvormil%20on%20rohkem%2C%20kui%2025%20000%20tellitavat%20toodet.%20Uusi%20ettev%C3%B5tteid%20ja%20tooteid%20lisandub%20v%C3%B5rgustikku%20igap%C3%A4evaselt.%5Cn%5Cn%5Cn%22%2C%22icon%22%3A%22fa%20fa-network-wired%22%7D%5D&#8221;][\/vc_column][vc_column width=&#8221;1\/2&#8243;][vc_wp_custom_html el_id=&#8221;registration-form&#8221;]JTNDZGl2JTIwY2xhc3MlM0QlMjJwaXBlZHJpdmVXZWJGb3JtcyUyMiUyMGRhdGEtcGQtd2ViZm9ybXMlM0QlMjJodHRwcyUzQSUyRiUyRndlYmZvcm1zLnBpcGVkcml2ZS5jb20lMkZmJTJGSTFETlBSRFpFeERsT3lRRmJ5NWlhb1hHZFlNOE52aTVFaTRTeGliOUc3SlBydDltZmRjeWl3UUZvcHVlajFwJTIyJTNFJTNDc2NyaXB0JTIwc3JjJTNEJTIyaHR0cHMlM0ElMkYlMkZ3ZWJmb3Jtcy5waXBlZHJpdmUuY29tJTJGZiUyRmxvYWRlciUyMiUzRSUzQyUyRnNjcmlwdCUzRSUzQyUyRmRpdiUzRQ==[\/vc_wp_custom_html][\/vc_column][\/vc_row][\/vc_section]<\/p>\n","protected":false},"author":12,"featured_media":0,"parent":0,"menu_order":0,"comment_status":"closed","ping_status":"closed","template":"","meta":{"footnotes":""},"class_list":["post-2327","page","type-page","status-publish","hentry","post-no-thumbnail"],"_links":{"self":[{"href":"https:\/\/lexi.market\/et\/wp-json\/wp\/v2\/pages\/2327","targetHints":{"allow":["GET"]}}],"collection":[{"href":"https:\/\/lexi.market\/et\/wp-json\/wp\/v2\/pages"}],"about":[{"href":"https:\/\/lexi.market\/et\/wp-json\/wp\/v2\/types\/page"}],"author":[{"embeddable":true,"href":"https:\/\/lexi.market\/et\/wp-json\/wp\/v2\/users\/12"}],"replies":[{"embeddable":true,"href":"https:\/\/lexi.market\/et\/wp-json\/wp\/v2\/comments?post=2327"}],"version-history":[{"count":27,"href":"https:\/\/lexi.market\/et\/wp-json\/wp\/v2\/pages\/2327\/revisions"}],"predecessor-version":[{"id":2378,"href":"https:\/\/lexi.market\/et\/wp-json\/wp\/v2\/pages\/2327\/revisions\/2378"}],"wp:attachment":[{"href":"https:\/\/lexi.market\/et\/wp-json\/wp\/v2\/media?parent=2327"}],"curies":[{"name":"wp","href":"https:\/\/api.w.org\/{rel}","templated":true}]}}