{"id":2255,"date":"2022-10-05T10:09:20","date_gmt":"2022-10-05T07:09:20","guid":{"rendered":"https:\/\/lexi.market\/?page_id=2255"},"modified":"2023-06-26T13:32:04","modified_gmt":"2023-06-26T10:32:04","slug":"grossitoidukaubad","status":"publish","type":"page","link":"https:\/\/lexi.market\/et\/grossitoidukaubad\/","title":{"rendered":"Liitu Grossi Toidukaubad tarnijate v\u00f5rgustikuga"},"content":{"rendered":"<section class=\"wpb-content-wrapper\"><p>[vc_row el_class=&#8221;slider-revolution&#8221;][vc_column background_image=&#8221;343&#8243;]\t\t\t<script src=\"\/\/lexi.market\/wp-content\/plugins\/revslider\/sr6\/assets\/js\/rbtools.min.js?rev=6.7.14\"><\/script>\n\t\t\t<script src=\"\/\/lexi.market\/wp-content\/plugins\/revslider\/sr6\/assets\/js\/rs6.min.js?rev=6.7.14\"><\/script>\n\n\t\t\t<!-- START Payment REVOLUTION SLIDER 6.7.14 --><p class=\"rs-p-wp-fix\"><\/p>\n\t\t\t<rs-module-wrap id=\"test_wrapper\" data-source=\"gallery\" style=\"visibility:hidden;background:transparent;padding:0;margin:0px auto;margin-top:0;margin-bottom:0;\">\n\t\t\t\t<rs-module id=\"test\" style=\"\" data-version=\"6.7.14\">\n\t\t\t\t\t<rs-slides style=\"overflow: hidden; position: absolute;\">\n\t\t\t\t\t\t<rs-slide style=\"position: absolute;\" data-key=\"rs-4\" data-title=\"Slide\" data-anim=\"adpr:false;ms:600;\" data-in=\"o:0;\" data-out=\"a:false;\">\n\t\t\t\t\t\t\t<img decoding=\"async\" src=\"\/\/lexi.market\/wp-content\/plugins\/revslider\/sr6\/assets\/assets\/dummy.png\" alt=\"\" title=\"avaleht-taust3\" width=\"1920\" height=\"1113\" class=\"rev-slidebg tp-rs-img rs-lazyload\" data-lazyload=\"\/\/lexi.market\/test\/wp-content\/uploads\/2019\/10\/avaleht-taust3.jpg\" data-bg=\"p:center top;\" data-no-retina>\n<!--\n\t\t\t\t\t\t\t--><rs-layer\n\t\t\t\t\t\t\t\tid=\"slider-1-slide-4-layer-1\" \n\t\t\t\t\t\t\t\tdata-type=\"image\"\n\t\t\t\t\t\t\t\tdata-rsp_ch=\"on\"\n\t\t\t\t\t\t\t\tdata-xy=\"x:r,r,r,c;xo:0,0,0,-664px;y:b;yo:0,0,0,-82px;\"\n\t\t\t\t\t\t\t\tdata-text=\"l:22;a:inherit;\"\n\t\t\t\t\t\t\t\tdata-dim=\"w:1310px,700px,100%,100%;h:939px,502px,auto,auto;\"\n\t\t\t\t\t\t\t\tdata-basealign=\"slide\"\n\t\t\t\t\t\t\t\tdata-frame_0=\"y:50px;\"\n\t\t\t\t\t\t\t\tdata-frame_1=\"st:400;sp:1500;sR:400;\"\n\t\t\t\t\t\t\t\tdata-frame_999=\"o:0;st:w;sR:7100;\"\n\t\t\t\t\t\t\t\tstyle=\"z-index:8;\"\n\t\t\t\t\t\t\t><img decoding=\"async\" src=\"\/\/lexi.market\/wp-content\/plugins\/revslider\/sr6\/assets\/assets\/dummy.png\" alt=\"\" class=\"tp-rs-img rs-lazyload\" width=\"1310\" height=\"939\" data-lazyload=\"\/\/lexi.market\/test\/wp-content\/uploads\/2019\/10\/avaleht2.png\" data-no-retina> \n\t\t\t\t\t\t\t<\/rs-layer><!--\n\n\t\t\t\t\t\t\t--><rs-layer\n\t\t\t\t\t\t\t\tid=\"slider-1-slide-4-layer-2\" \n\t\t\t\t\t\t\t\tdata-type=\"text\"\n\t\t\t\t\t\t\t\tdata-xy=\"x:l,l,c,c;xo:152px,130px,0,4px;y:m,m,t,t;yo:-255px,-180px,70px,81px;\"\n\t\t\t\t\t\t\t\tdata-text=\"w:normal;s:56,48,40,30;l:72,61,51,41;fw:700;a:left,left,center,center;\"\n\t\t\t\t\t\t\t\tdata-dim=\"w:908px,600px,550px,350px;\"\n\t\t\t\t\t\t\t\tdata-basealign=\"slide\"\n\t\t\t\t\t\t\t\tdata-rsp_o=\"off\"\n\t\t\t\t\t\t\t\tdata-rsp_bd=\"off\"\n\t\t\t\t\t\t\t\tdata-frame_0=\"y:50px,35px,19px,11px;\"\n\t\t\t\t\t\t\t\tdata-frame_1=\"e:power4.inOut;st:450;sp:1500;sR:450;\"\n\t\t\t\t\t\t\t\tdata-frame_999=\"o:0;st:w;sR:7050;\"\n\t\t\t\t\t\t\t\tstyle=\"z-index:9;font-family:'Red Hat Display';\"\n\t\t\t\t\t\t\t>Lexi.Market - platvorm kaubandusettev\u00f5tte tootehalduseks \n\t\t\t\t\t\t\t<\/rs-layer><!--\n\n\t\t\t\t\t\t\t--><rs-layer\n\t\t\t\t\t\t\t\tid=\"slider-1-slide-4-layer-3\" \n\t\t\t\t\t\t\t\tdata-type=\"text\"\n\t\t\t\t\t\t\t\tdata-xy=\"x:l,l,c,c;xo:150px,130px,0,0;y:m,m,t,t;yo:-90px,-16px,240px,265px;\"\n\t\t\t\t\t\t\t\tdata-text=\"w:normal;s:18,18,16,16;l:32,32,28,28;a:left,left,center,center;\"\n\t\t\t\t\t\t\t\tdata-dim=\"w:641px,500px,430px,330px;\"\n\t\t\t\t\t\t\t\tdata-basealign=\"slide\"\n\t\t\t\t\t\t\t\tdata-rsp_o=\"off\"\n\t\t\t\t\t\t\t\tdata-rsp_bd=\"off\"\n\t\t\t\t\t\t\t\tdata-frame_0=\"y:50px,35px,19px,11px;\"\n\t\t\t\t\t\t\t\tdata-frame_1=\"e:power4.inOut;st:700;sp:1500;sR:700;\"\n\t\t\t\t\t\t\t\tdata-frame_999=\"o:0;st:w;sR:6800;\"\n\t\t\t\t\t\t\t\tstyle=\"z-index:10;font-family:'Red Hat Text';\"\n\t\t\t\t\t\t\t>Lexi.Market on kaubanduse \u00f6kos\u00fcsteem, mis pakub lahenduse tooteandmete haldamiseks, hinnapakkumiste koostamiseks, hangete korraldamiseks ja sortimendiotsuste tegemiseks. \n\t\t\t\t\t\t\t<\/rs-layer><!--\n\n\t\t\t\t\t\t\t--><rs-layer\n\t\t\t\t\t\t\t\tid=\"slider-1-slide-4-layer-4\" \n\t\t\t\t\t\t\t\tclass=\"rev-btn\"\n\t\t\t\t\t\t\t\tdata-type=\"button\"\n\t\t\t\t\t\t\t\tdata-color=\"rgba(255,255,255,1)\"\n\t\t\t\t\t\t\t\tdata-xy=\"x:l,l,c,c;xo:151px,130px,0,0;y:m,m,t,t;yo:15px,91px,380px,442px;\"\n\t\t\t\t\t\t\t\tdata-text=\"w:normal;s:15;l:56;ls:0px,0,0,0;fw:700,500,500,500;a:center;\"\n\t\t\t\t\t\t\t\tdata-dim=\"w:170px;h:56px;\"\n\t\t\t\t\t\t\t\tdata-actions='o:click;a:scrollbelow;sp:1000ms;e:power1.inOut;'\n\t\t\t\t\t\t\t\tdata-basealign=\"slide\"\n\t\t\t\t\t\t\t\tdata-rsp_o=\"off\"\n\t\t\t\t\t\t\t\tdata-rsp_bd=\"off\"\n\t\t\t\t\t\t\t\tdata-padding=\"r:30;l:30;\"\n\t\t\t\t\t\t\t\tdata-border=\"bor:5px,5px,5px,5px;\"\n\t\t\t\t\t\t\t\tdata-frame_0=\"y:50px;\"\n\t\t\t\t\t\t\t\tdata-frame_1=\"st:1000;sp:1500;sR:1000;\"\n\t\t\t\t\t\t\t\tdata-frame_999=\"o:0;st:w;sR:6500;\"\n\t\t\t\t\t\t\t\tdata-frame_hover=\"c:#f04b54;bgc:#fff;boc:#38cb89;bor:5px,5px,5px,5px;bos:solid;oX:50;oY:50;sp:0;\"\n\t\t\t\t\t\t\t\tstyle=\"z-index:11;background-color:#f7921e;font-family:'Red Hat Display';cursor:pointer;outline:none;box-shadow:none;box-sizing:border-box;-moz-box-sizing:border-box;-webkit-box-sizing:border-box;\"\n\t\t\t\t\t\t\t>Loe lisaks \n\t\t\t\t\t\t\t<\/rs-layer><!--\n\n\t\t\t\t\t\t\t--><rs-layer\n\t\t\t\t\t\t\t\tid=\"slider-1-slide-4-layer-5\" \n\t\t\t\t\t\t\t\tdata-type=\"text\"\n\t\t\t\t\t\t\t\tdata-xy=\"x:l,c,c,c;xo:350px,-239px,0,0;y:m,m,t,t;yo:15px,93px,510px,521px;\"\n\t\t\t\t\t\t\t\tdata-text=\"w:normal,normal,normal,normal;s:15;l:30;ls:0px,0,0,0;fw:500;a:inherit,center,center,center;\"\n\t\t\t\t\t\t\t\tdata-dim=\"w:240px;h:30px;\"\n\t\t\t\t\t\t\t\tdata-actions='id:section-clients;o:click;a:scrollto;sp:1000ms;e:power1.inOut;'\n\t\t\t\t\t\t\t\tdata-basealign=\"slide\"\n\t\t\t\t\t\t\t\tdata-rsp_o=\"off\"\n\t\t\t\t\t\t\t\tdata-rsp_bd=\"off\"\n\t\t\t\t\t\t\t\tdata-frame_0=\"y:50px;\"\n\t\t\t\t\t\t\t\tdata-frame_1=\"st:1100;sp:1500;sR:1100;\"\n\t\t\t\t\t\t\t\tdata-frame_999=\"o:0;st:w;sR:6400;\"\n\t\t\t\t\t\t\t\tstyle=\"z-index:12;font-family:'Red Hat Text';\"\n\t\t\t\t\t\t\t>Tekkis huvi?  <a href=\"#section-clients\" style=\"color: #ffffff;\">V\u00f5ta \u00fchendust <span class=\"far fa-long-arrow-right\"><\/span><\/a> \n\t\t\t\t\t\t\t<\/rs-layer><!--\n-->\t\t\t\t\t<\/rs-slide>\n\t\t\t\t\t<\/rs-slides>\n\t\t\t\t\t<rs-static-layers><!--\n\t\t\t\t\t--><\/rs-static-layers>\n\t\t\t\t<\/rs-module>\n\t\t\t\t<script>\n\t\t\t\t\tsetREVStartSize({c: 'test',rl:[1240,1024,778,480],el:[1113,768,900,600],gw:[1920,1366,768,480],gh:[1113,768,900,600],type:'standard',justify:'',layout:'fullwidth',mh:\"1113\"});if (window.RS_MODULES!==undefined && window.RS_MODULES.modules!==undefined && window.RS_MODULES.modules[\"test\"]!==undefined) {window.RS_MODULES.modules[\"test\"].once = false;window.revapi1 = undefined;if (window.RS_MODULES.checkMinimal!==undefined) window.RS_MODULES.checkMinimal()}\n\t\t\t\t<\/script>\n\t\t\t<\/rs-module-wrap>\n\t\t\t<!-- END REVOLUTION SLIDER -->\n[\/vc_column][\/vc_row][vc_section full_width=&#8221;stretch_row&#8221;][vc_row][vc_column][tm_heading tag=&#8221;h5&#8243; custom_google_font=&#8221;&#8221; google_fonts=&#8221;font_family:Poppins%3A300%2Cregular%2C500%2C600%2C700|font_style:500%20medium%20regular%3A500%3Anormal&#8221; font_weight=&#8221;500&#8243; text_transform=&#8221;uppercase&#8221; align=&#8221;center&#8221; text_color=&#8221;custom&#8221; custom_text_color=&#8221;#ffffff&#8221; el_class=&#8221;heading2&#8243; font_size=&#8221;xs:14;sm:14;md:14;lg:14&#8243; letter_spacing=&#8221;2px&#8221;]Saada pakkumised ja tooteinfo Grossi Toidukaubad partnerportaalist[\/tm_heading][tm_spacer size=&#8221;xs:90;sm:90;md:90;lg:30&#8243;][\/vc_column][\/vc_row][vc_row full_width=&#8221;stretch_row_content&#8221;][vc_column offset=&#8221;vc_col-xs-1&#8243;][tm_image action=&#8221;custom_link&#8221; full_wide=&#8221;1&#8243; align=&#8221;center&#8221; md_align=&#8221;center&#8221; sm_align=&#8221;center&#8221; xs_align=&#8221;center&#8221; image=&#8221;2256&#8243; lg_spacing=&#8221;margin_top:0;margin_right:200;margin_bottom:0;margin_left:200&#8243; md_spacing=&#8221;margin_top:0;margin_right:0;margin_bottom:0;margin_left:0&#8243; sm_spacing=&#8221;margin_top:0;margin_right:0;margin_bottom:0;margin_left:0&#8243; xs_spacing=&#8221;margin_top:0;margin_right:0;margin_bottom:0;margin_left:0&#8243; custom_link=&#8221;url:http%3A%2F%2Fgrossitoidukaubad.ee|title:Grossi%20Toidukaubad|target:_blank&#8221;][tm_spacer size=&#8221;xs:30;sm:30;md:30;lg:30&#8243;][\/vc_column][\/vc_row][vc_row content_placement=&#8221;middle&#8221;][vc_column][tm_heading style=&#8221;highlight-01&#8243; tag=&#8221;div&#8221; custom_google_font=&#8221;&#8221; align=&#8221;center&#8221; el_class=&#8221;body-text&#8221; font_size=&#8221;lg:18&#8243; line_height=&#8221;1.78&#8243; max_width=&#8221;850px&#8221; css=&#8221;.vc_custom_1664953161849{padding-bottom: 30px !important;}&#8221;]<strong>Tere tulemast Grossi Toidukaubad partnerportaali kasutajaks!<\/strong><\/p>\n<p>Lexi.Market on kaasaegseim tootehalduss\u00fcsteem, millega saab toodete detailseid andmed pilvep\u00f5hisele platvormile kokku tuua, neid mugavalt hallata ja partnerportaali vahendusel Grossi ostuosakonnale edastada.<br \/>\nPartnerportaali konto avamisega t\u00f5state Grossi Toidukaupadele andmete edastamise viisi ning suhtluse t\u00e4iesti uuele tasemele.[\/tm_heading][tm_spacer size=&#8221;lg:80&#8243;][\/vc_column][\/vc_row][vc_row el_id=&#8221;section-about&#8221; lg_spacing=&#8221;margin_top:0;border_top:0;padding_top:0&#8243;][vc_column][\/vc_column][\/vc_row][vc_row][vc_column][tm_grid align=&#8221;center&#8221; columns=&#8221;xs:1;sm:1;lg:3&#8243; row_gutter=&#8221;lg:60&#8243; column_gutter=&#8221;lg:60&#8243;][tm_box_icon style=&#8221;02&#8243; el_class=&#8221;numbers&#8221; icon_background_color=&#8221;custom&#8221; custom_icon_background_color=&#8221;#f59c00&#8243; button_color=&#8221;secondary&#8221; background_color=&#8221;custom&#8221; custom_border_color=&#8221;rgba(237,42,42,0.01)&#8221; image=&#8221;1712&#8243; heading=&#8221;Registreeri Lexi.Market kasutajaks&#8221; text=&#8221;T\u00e4ida kontaktivorm, mille alusel vormistame platvormi kasutamise lepingu. Kui leping on s\u00f5lmitud, luuakse teile konto ja avatakse peakasutaja \u00f5igused.<br \/>\nSoovi korral lepime kokku videok\u00f5ne, kus teeme kiir\u00fclevaate keskkonnast ja selgitame kuidas saate selle kohe kasutusele v\u00f5tta.&#8221; button=&#8221;url:%23registration-form|title:Registreeri%20siin&#8221;][tm_box_icon style=&#8221;02&#8243; el_class=&#8221;numbers&#8221; icon_background_color=&#8221;custom&#8221; custom_icon_background_color=&#8221;#f59c00&#8243; background_color=&#8221;custom&#8221; custom_border_color=&#8221;rgba(237,42,42,0.01)&#8221; image=&#8221;1710&#8243; heading=&#8221;Sisesta tooted&#8221; text=&#8221;Tooteandmete edastamise eelduseks on korrektsete ja ajakohaste andmete olemasolu Lexi.Market tootekataloogis. Tooteid saab Lexi.Marketisse lisada partnerportaali siseselt (tootekaarti k\u00e4sitsi t\u00e4ites v\u00f5i olemasolevat toodet kopeerides) v\u00f5i sisestades tooteandmed Excel importiga. Lexi.Marketist saab tellida ka tooteandmete sisestamise teenust &#8211; selleks tehakse sisestatavate tooteandmete mahu p\u00f5hjal hinnapakkumine.<br \/>\nKui toote baasandmed on partnerportaali lisatud, siis lisada tootekaardile juurde pildid, avalik hinnakirja hind.&#8221;][tm_box_icon style=&#8221;02&#8243; el_class=&#8221;numbers&#8221; icon_background_color=&#8221;custom&#8221; custom_icon_background_color=&#8221;#f59c00&#8243; background_color=&#8221;custom&#8221; custom_border_color=&#8221;rgba(237,42,42,0.01)&#8221; image=&#8221;1708&#8243; heading=&#8221;Edasta pakkumisi ja teavitusi&#8221; text=&#8221;Kui tooted on partnerportaali lisatud, saategi Grossi ostuosakonnale m\u00f5ne hiireklikiga pakkumisi ja tooteandmeid edastada. Peale pakkumise edastamist v\u00f5iksite olla Grossi ostuosakonna esindajaga ka partnerportaalisiseseks dialoogiks valmis. Kui Grossi ostujuht muudab pakkumise staatust v\u00f5i lisab pakkumise juurde kommentaari, saate selle kohta s\u00fcsteemist koheselt teavituse. Soovitame teavitused tellida ka enda e-postile. Selleks l\u00fclitage sisse teavitused \u201cKasutaja seaded -&gt; Meiliteavitused\u201d.&#8221;][\/tm_grid][\/vc_column][\/vc_row][vc_row][vc_column][tm_spacer size=&#8221;lg:100&#8243;][tm_spacer size=&#8221;lg:70&#8243;][\/vc_column][\/vc_row][vc_row][vc_column width=&#8221;1\/2&#8243; md_spacing=&#8221;margin_right:30&#8243;][vc_column_text]<\/p>\n<h4>Lexi.Market Grossi Toidukaubad paketi tingimused<\/h4>\n<p>[\/vc_column_text][tm_spacer size=&#8221;lg:30&#8243;][tm_list list_style=&#8221;icon&#8221; marker_color=&#8221;custom&#8221; custom_marker_color=&#8221;#ea373e&#8221; columns=&#8221;xs:1;lg:1&#8243; items=&#8221;%5B%7B%22item_title%22%3A%22Mida%20saab%20Lexi.Market%20abil%20teha%3F%22%2C%22item_desc%22%3A%22Grossi%20Toidukaubad%20partnerportaali%20pakett%20v%C3%B5imaldab%20hallata%20tooteandmeid%20ning%20edastada%20Grossi%20ostuosakonnale%20sortimendipakkumisi%2C%20hinna-ja%20tooteinfo%20muudatuste%20teavitusi%20ning%20toodete%20detailseid%20andmeid.%20Grossi%20ostuosakond%20hindab%20saadud%20pakkumisi%20ja%20tooteinfot%20ning%20annab%20t%C3%A4psustamist%20vajavate%20k%C3%BCsimuste%2Fvastuse%20korral%20tagasiside%20partnerportaali%20kaudu.%20Vajadusel%20toimub%20keskkonnas%20ka%20aktiivne%20l%C3%A4bir%C3%A4%C3%A4kimine%2C%20mille%20kohta%20talletub%20nii%20teie%20kui%20ka%20Grossi%20Toidukaubad%20vaatesse%20k%C3%B5neluste%20ja%20kokkulepete%20ajalugu.%22%2C%22icon%22%3A%22fa%20fa-file-invoice%22%7D%2C%7B%22item_title%22%3A%22Kui%20palju%20pakett%20maksab%3F%22%2C%22item_desc%22%3A%22Lexi.Market%20Grossi%20Toidukaubad%20pakett%20maksab%20vaid%205%E2%82%AC%2Fkuus.%5CnMinimaalne%20arveldus%C3%BChik%20on%201%20aasta%20(60%E2%82%AC).%20Summale%20lisandub%20k%C3%A4ibemaks%2020%25.%22%2C%22icon%22%3A%22fa%20fa-money-bill-wave-alt%22%7D%2C%7B%22item_title%22%3A%22Kas%20Lexi.Marketi%20kaudu%20saab%20tooteinfot%20saata%20ka%20teistele%20jaekettidest%20klientidele%3F%22%2C%22item_desc%22%3A%22Lexi%20Marketist%20on%20v%C3%B5imalik%20lisaks%20Grossi%20Toidukaupadele%20saata%20pakkumisi%20ja%20tooteinfot%20k%C3%B5ikidele%20Eesti%20ja%20Baltikumi%20suurimatele%20jaekettidele.%20Lisaks%20ka%20n%C3%A4iteks%20k%C3%B5ikidele%20oma%20teistele%20klientidele%2C%20ekspordi-%20ja%20logistikapartneritele.%20Lexi.Market%20paneb%20koos%20pakkumisega%20automaatselt%20kaasa%20korrektselt%20t%C3%A4idetud%20iga%20jaeketi%20enda%20tootevormi.%20V%C3%B5imaluse%20avamiseks%20tuleb%20Grossi%20partnerportaali%20pakett%20muuta%20Lexi.Market%20standardpaketiks.%20Standardpaketi%20valikul%20soovitame%20l%C3%A4htuda%20Lexi.Marketist%20v%C3%A4lja%20saadetavate%20ehk%20pakutavate%20toodete%20arvust.%20Standardpaketile%20%C3%BCle%20minnes%20s%C3%A4ilib%20endiselt%20v%C3%B5imalus%20edastada%20tooteinfot%20ja%20teavitusi%20ka%20Grossi%20Toidukaupadele.%5Cn%22%2C%22icon%22%3A%22fa%20fa-network-wired%22%7D%5D&#8221;][\/vc_column][vc_column width=&#8221;1\/2&#8243;][vc_wp_custom_html el_id=&#8221;registration-form&#8221;]JTNDZGl2JTIwY2xhc3MlM0QlMjJwaXBlZHJpdmVXZWJGb3JtcyUyMiUyMGRhdGEtcGQtd2ViZm9ybXMlM0QlMjJodHRwcyUzQSUyRiUyRndlYmZvcm1zLnBpcGVkcml2ZS5jb20lMkZmJTJGbEVwcjVMYnhNTmN2NThma1p3V3dUU0FGem51ZjNxNjNhY1J1bWlvOGJRWjdsRHY2SG5UcjA4enVJRWVtbkVUJTIyJTNFJTNDc2NyaXB0JTIwc3JjJTNEJTIyaHR0cHMlM0ElMkYlMkZ3ZWJmb3Jtcy5waXBlZHJpdmUuY29tJTJGZiUyRmxvYWRlciUyMiUzRSUzQyUyRnNjcmlwdCUzRSUzQyUyRmRpdiUzRQ==[\/vc_wp_custom_html][\/vc_column][\/vc_row][\/vc_section]<\/p>\n<\/section>","protected":false},"excerpt":{"rendered":"<p>[vc_row el_class=&#8221;slider-revolution&#8221;][vc_column background_image=&#8221;343&#8243;][\/vc_column][\/vc_row][vc_section full_width=&#8221;stretch_row&#8221;][vc_row][vc_column][tm_heading tag=&#8221;h5&#8243; custom_google_font=&#8221;&#8221; google_fonts=&#8221;font_family:Poppins%3A300%2Cregular%2C500%2C600%2C700|font_style:500%20medium%20regular%3A500%3Anormal&#8221; font_weight=&#8221;500&#8243; text_transform=&#8221;uppercase&#8221; align=&#8221;center&#8221; text_color=&#8221;custom&#8221; custom_text_color=&#8221;#ffffff&#8221; el_class=&#8221;heading2&#8243; font_size=&#8221;xs:14;sm:14;md:14;lg:14&#8243; letter_spacing=&#8221;2px&#8221;]Saada pakkumised ja tooteinfo Grossi Toidukaubad partnerportaalist[\/tm_heading][tm_spacer size=&#8221;xs:90;sm:90;md:90;lg:30&#8243;][\/vc_column][\/vc_row][vc_row full_width=&#8221;stretch_row_content&#8221;][vc_column offset=&#8221;vc_col-xs-1&#8243;][tm_image action=&#8221;custom_link&#8221; full_wide=&#8221;1&#8243; align=&#8221;center&#8221; md_align=&#8221;center&#8221; sm_align=&#8221;center&#8221; xs_align=&#8221;center&#8221; image=&#8221;2256&#8243; lg_spacing=&#8221;margin_top:0;margin_right:200;margin_bottom:0;margin_left:200&#8243; md_spacing=&#8221;margin_top:0;margin_right:0;margin_bottom:0;margin_left:0&#8243; sm_spacing=&#8221;margin_top:0;margin_right:0;margin_bottom:0;margin_left:0&#8243; xs_spacing=&#8221;margin_top:0;margin_right:0;margin_bottom:0;margin_left:0&#8243; custom_link=&#8221;url:http%3A%2F%2Fgrossitoidukaubad.ee|title:Grossi%20Toidukaubad|target:_blank&#8221;][tm_spacer size=&#8221;xs:30;sm:30;md:30;lg:30&#8243;][\/vc_column][\/vc_row][vc_row content_placement=&#8221;middle&#8221;][vc_column][tm_heading style=&#8221;highlight-01&#8243; tag=&#8221;div&#8221; custom_google_font=&#8221;&#8221; align=&#8221;center&#8221; el_class=&#8221;body-text&#8221; font_size=&#8221;lg:18&#8243; line_height=&#8221;1.78&#8243; max_width=&#8221;850px&#8221; css=&#8221;.vc_custom_1664953161849{padding-bottom: 30px !important;}&#8221;]Tere tulemast Grossi Toidukaubad partnerportaali kasutajaks! Lexi.Market on kaasaegseim tootehalduss\u00fcsteem, millega saab toodete detailseid andmed pilvep\u00f5hisele platvormile kokku tuua, neid mugavalt hallata ja partnerportaali vahendusel Grossi ostuosakonnale edastada. Partnerportaali konto avamisega t\u00f5state Grossi Toidukaupadele andmete edastamise viisi ning suhtluse t\u00e4iesti uuele tasemele.[\/tm_heading][tm_spacer size=&#8221;lg:80&#8243;][\/vc_column][\/vc_row][vc_row el_id=&#8221;section-about&#8221; lg_spacing=&#8221;margin_top:0;border_top:0;padding_top:0&#8243;][vc_column][\/vc_column][\/vc_row][vc_row][vc_column][tm_grid align=&#8221;center&#8221; columns=&#8221;xs:1;sm:1;lg:3&#8243; row_gutter=&#8221;lg:60&#8243; column_gutter=&#8221;lg:60&#8243;][tm_box_icon style=&#8221;02&#8243; el_class=&#8221;numbers&#8221; icon_background_color=&#8221;custom&#8221; custom_icon_background_color=&#8221;#f59c00&#8243; button_color=&#8221;secondary&#8221; background_color=&#8221;custom&#8221; custom_border_color=&#8221;rgba(237,42,42,0.01)&#8221; image=&#8221;1712&#8243; heading=&#8221;Registreeri Lexi.Market kasutajaks&#8221; text=&#8221;T\u00e4ida kontaktivorm, mille alusel vormistame platvormi kasutamise lepingu. Kui leping on s\u00f5lmitud, luuakse teile konto ja avatakse peakasutaja \u00f5igused. Soovi korral lepime kokku videok\u00f5ne, kus teeme kiir\u00fclevaate keskkonnast ja selgitame kuidas saate selle kohe kasutusele v\u00f5tta.&#8221; button=&#8221;url:%23registration-form|title:Registreeri%20siin&#8221;][tm_box_icon style=&#8221;02&#8243; el_class=&#8221;numbers&#8221; icon_background_color=&#8221;custom&#8221; custom_icon_background_color=&#8221;#f59c00&#8243; background_color=&#8221;custom&#8221; custom_border_color=&#8221;rgba(237,42,42,0.01)&#8221; image=&#8221;1710&#8243; heading=&#8221;Sisesta tooted&#8221; text=&#8221;Tooteandmete edastamise eelduseks on korrektsete ja ajakohaste andmete olemasolu Lexi.Market tootekataloogis. Tooteid saab Lexi.Marketisse lisada partnerportaali siseselt (tootekaarti k\u00e4sitsi t\u00e4ites v\u00f5i olemasolevat toodet kopeerides) v\u00f5i sisestades tooteandmed Excel importiga. Lexi.Marketist saab tellida ka tooteandmete sisestamise teenust &#8211; selleks tehakse sisestatavate tooteandmete mahu p\u00f5hjal hinnapakkumine. Kui toote baasandmed on partnerportaali lisatud, siis lisada tootekaardile juurde pildid, avalik hinnakirja hind.&#8221;][tm_box_icon style=&#8221;02&#8243; el_class=&#8221;numbers&#8221; icon_background_color=&#8221;custom&#8221; custom_icon_background_color=&#8221;#f59c00&#8243; background_color=&#8221;custom&#8221; custom_border_color=&#8221;rgba(237,42,42,0.01)&#8221; image=&#8221;1708&#8243; heading=&#8221;Edasta pakkumisi ja teavitusi&#8221; text=&#8221;Kui tooted on partnerportaali lisatud, saategi Grossi ostuosakonnale m\u00f5ne hiireklikiga pakkumisi ja tooteandmeid edastada. Peale pakkumise edastamist v\u00f5iksite olla Grossi ostuosakonna esindajaga ka partnerportaalisiseseks dialoogiks valmis. Kui Grossi ostujuht muudab pakkumise staatust v\u00f5i lisab pakkumise juurde kommentaari, saate selle kohta s\u00fcsteemist koheselt teavituse. Soovitame teavitused tellida ka enda e-postile. Selleks l\u00fclitage sisse teavitused \u201cKasutaja seaded -&gt; Meiliteavitused\u201d.&#8221;][\/tm_grid][\/vc_column][\/vc_row][vc_row][vc_column][tm_spacer size=&#8221;lg:100&#8243;][tm_spacer size=&#8221;lg:70&#8243;][\/vc_column][\/vc_row][vc_row][vc_column width=&#8221;1\/2&#8243; md_spacing=&#8221;margin_right:30&#8243;][vc_column_text] Lexi.Market Grossi Toidukaubad paketi tingimused [\/vc_column_text][tm_spacer size=&#8221;lg:30&#8243;][tm_list list_style=&#8221;icon&#8221; marker_color=&#8221;custom&#8221; custom_marker_color=&#8221;#ea373e&#8221; columns=&#8221;xs:1;lg:1&#8243; items=&#8221;%5B%7B%22item_title%22%3A%22Mida%20saab%20Lexi.Market%20abil%20teha%3F%22%2C%22item_desc%22%3A%22Grossi%20Toidukaubad%20partnerportaali%20pakett%20v%C3%B5imaldab%20hallata%20tooteandmeid%20ning%20edastada%20Grossi%20ostuosakonnale%20sortimendipakkumisi%2C%20hinna-ja%20tooteinfo%20muudatuste%20teavitusi%20ning%20toodete%20detailseid%20andmeid.%20Grossi%20ostuosakond%20hindab%20saadud%20pakkumisi%20ja%20tooteinfot%20ning%20annab%20t%C3%A4psustamist%20vajavate%20k%C3%BCsimuste%2Fvastuse%20korral%20tagasiside%20partnerportaali%20kaudu.%20Vajadusel%20toimub%20keskkonnas%20ka%20aktiivne%20l%C3%A4bir%C3%A4%C3%A4kimine%2C%20mille%20kohta%20talletub%20nii%20teie%20kui%20ka%20Grossi%20Toidukaubad%20vaatesse%20k%C3%B5neluste%20ja%20kokkulepete%20ajalugu.%22%2C%22icon%22%3A%22fa%20fa-file-invoice%22%7D%2C%7B%22item_title%22%3A%22Kui%20palju%20pakett%20maksab%3F%22%2C%22item_desc%22%3A%22Lexi.Market%20Grossi%20Toidukaubad%20pakett%20maksab%20vaid%205%E2%82%AC%2Fkuus.%5CnMinimaalne%20arveldus%C3%BChik%20on%201%20aasta%20(60%E2%82%AC).%20Summale%20lisandub%20k%C3%A4ibemaks%2020%25.%22%2C%22icon%22%3A%22fa%20fa-money-bill-wave-alt%22%7D%2C%7B%22item_title%22%3A%22Kas%20Lexi.Marketi%20kaudu%20saab%20tooteinfot%20saata%20ka%20teistele%20jaekettidest%20klientidele%3F%22%2C%22item_desc%22%3A%22Lexi%20Marketist%20on%20v%C3%B5imalik%20lisaks%20Grossi%20Toidukaupadele%20saata%20pakkumisi%20ja%20tooteinfot%20k%C3%B5ikidele%20Eesti%20ja%20Baltikumi%20suurimatele%20jaekettidele.%20Lisaks%20ka%20n%C3%A4iteks%20k%C3%B5ikidele%20oma%20teistele%20klientidele%2C%20ekspordi-%20ja%20logistikapartneritele.%20Lexi.Market%20paneb%20koos%20pakkumisega%20automaatselt%20kaasa%20korrektselt%20t%C3%A4idetud%20iga%20jaeketi%20enda%20tootevormi.%20V%C3%B5imaluse%20avamiseks%20tuleb%20Grossi%20partnerportaali%20pakett%20muuta%20Lexi.Market%20standardpaketiks.%20Standardpaketi%20valikul%20soovitame%20l%C3%A4htuda%20Lexi.Marketist%20v%C3%A4lja%20saadetavate%20ehk%20pakutavate%20toodete%20arvust.%20Standardpaketile%20%C3%BCle%20minnes%20s%C3%A4ilib%20endiselt%20v%C3%B5imalus%20edastada%20tooteinfot%20ja%20teavitusi%20ka%20Grossi%20Toidukaupadele.%5Cn%22%2C%22icon%22%3A%22fa%20fa-network-wired%22%7D%5D&#8221;][\/vc_column][vc_column width=&#8221;1\/2&#8243;][vc_wp_custom_html el_id=&#8221;registration-form&#8221;]JTNDZGl2JTIwY2xhc3MlM0QlMjJwaXBlZHJpdmVXZWJGb3JtcyUyMiUyMGRhdGEtcGQtd2ViZm9ybXMlM0QlMjJodHRwcyUzQSUyRiUyRndlYmZvcm1zLnBpcGVkcml2ZS5jb20lMkZmJTJGbEVwcjVMYnhNTmN2NThma1p3V3dUU0FGem51ZjNxNjNhY1J1bWlvOGJRWjdsRHY2SG5UcjA4enVJRWVtbkVUJTIyJTNFJTNDc2NyaXB0JTIwc3JjJTNEJTIyaHR0cHMlM0ElMkYlMkZ3ZWJmb3Jtcy5waXBlZHJpdmUuY29tJTJGZiUyRmxvYWRlciUyMiUzRSUzQyUyRnNjcmlwdCUzRSUzQyUyRmRpdiUzRQ==[\/vc_wp_custom_html][\/vc_column][\/vc_row][\/vc_section]<\/p>\n","protected":false},"author":9,"featured_media":2256,"parent":0,"menu_order":0,"comment_status":"closed","ping_status":"closed","template":"","meta":{"footnotes":""},"class_list":["post-2255","page","type-page","status-publish","has-post-thumbnail","hentry"],"_links":{"self":[{"href":"https:\/\/lexi.market\/et\/wp-json\/wp\/v2\/pages\/2255","targetHints":{"allow":["GET"]}}],"collection":[{"href":"https:\/\/lexi.market\/et\/wp-json\/wp\/v2\/pages"}],"about":[{"href":"https:\/\/lexi.market\/et\/wp-json\/wp\/v2\/types\/page"}],"author":[{"embeddable":true,"href":"https:\/\/lexi.market\/et\/wp-json\/wp\/v2\/users\/9"}],"replies":[{"embeddable":true,"href":"https:\/\/lexi.market\/et\/wp-json\/wp\/v2\/comments?post=2255"}],"version-history":[{"count":4,"href":"https:\/\/lexi.market\/et\/wp-json\/wp\/v2\/pages\/2255\/revisions"}],"predecessor-version":[{"id":2261,"href":"https:\/\/lexi.market\/et\/wp-json\/wp\/v2\/pages\/2255\/revisions\/2261"}],"wp:featuredmedia":[{"embeddable":true,"href":"https:\/\/lexi.market\/et\/wp-json\/wp\/v2\/media\/2256"}],"wp:attachment":[{"href":"https:\/\/lexi.market\/et\/wp-json\/wp\/v2\/media?parent=2255"}],"curies":[{"name":"wp","href":"https:\/\/api.w.org\/{rel}","templated":true}]}}