{"id":2127,"date":"2022-09-06T08:06:49","date_gmt":"2022-09-06T05:06:49","guid":{"rendered":"https:\/\/lexi.market\/?page_id=2127"},"modified":"2023-06-26T14:18:37","modified_gmt":"2023-06-26T11:18:37","slug":"selver","status":"publish","type":"page","link":"https:\/\/lexi.market\/et\/selver\/","title":{"rendered":"Tere tulemast Selveri tarnijate portaali"},"content":{"rendered":"<section class=\"wpb-content-wrapper\"><p>[vc_row el_class=&#8221;slider-revolution&#8221;][vc_column background_image=&#8221;343&#8243;]\t\t\t<script src=\"\/\/lexi.market\/wp-content\/plugins\/revslider\/sr6\/assets\/js\/rbtools.min.js?rev=6.7.14\"><\/script>\n\t\t\t<script src=\"\/\/lexi.market\/wp-content\/plugins\/revslider\/sr6\/assets\/js\/rs6.min.js?rev=6.7.14\"><\/script>\n\n\t\t\t<!-- START Payment REVOLUTION SLIDER 6.7.14 --><p class=\"rs-p-wp-fix\"><\/p>\n\t\t\t<rs-module-wrap id=\"test_wrapper\" data-source=\"gallery\" style=\"visibility:hidden;background:transparent;padding:0;margin:0px auto;margin-top:0;margin-bottom:0;\">\n\t\t\t\t<rs-module id=\"test\" style=\"\" data-version=\"6.7.14\">\n\t\t\t\t\t<rs-slides style=\"overflow: hidden; position: absolute;\">\n\t\t\t\t\t\t<rs-slide style=\"position: absolute;\" data-key=\"rs-4\" data-title=\"Slide\" data-anim=\"adpr:false;ms:600;\" data-in=\"o:0;\" data-out=\"a:false;\">\n\t\t\t\t\t\t\t<img decoding=\"async\" src=\"\/\/lexi.market\/wp-content\/plugins\/revslider\/sr6\/assets\/assets\/dummy.png\" alt=\"\" title=\"avaleht-taust3\" width=\"1920\" height=\"1113\" class=\"rev-slidebg tp-rs-img rs-lazyload\" data-lazyload=\"\/\/lexi.market\/test\/wp-content\/uploads\/2019\/10\/avaleht-taust3.jpg\" data-bg=\"p:center top;\" data-no-retina>\n<!--\n\t\t\t\t\t\t\t--><rs-layer\n\t\t\t\t\t\t\t\tid=\"slider-1-slide-4-layer-1\" \n\t\t\t\t\t\t\t\tdata-type=\"image\"\n\t\t\t\t\t\t\t\tdata-rsp_ch=\"on\"\n\t\t\t\t\t\t\t\tdata-xy=\"x:r,r,r,c;xo:0,0,0,-664px;y:b;yo:0,0,0,-82px;\"\n\t\t\t\t\t\t\t\tdata-text=\"l:22;a:inherit;\"\n\t\t\t\t\t\t\t\tdata-dim=\"w:1310px,700px,100%,100%;h:939px,502px,auto,auto;\"\n\t\t\t\t\t\t\t\tdata-basealign=\"slide\"\n\t\t\t\t\t\t\t\tdata-frame_0=\"y:50px;\"\n\t\t\t\t\t\t\t\tdata-frame_1=\"st:400;sp:1500;sR:400;\"\n\t\t\t\t\t\t\t\tdata-frame_999=\"o:0;st:w;sR:7100;\"\n\t\t\t\t\t\t\t\tstyle=\"z-index:8;\"\n\t\t\t\t\t\t\t><img decoding=\"async\" src=\"\/\/lexi.market\/wp-content\/plugins\/revslider\/sr6\/assets\/assets\/dummy.png\" alt=\"\" class=\"tp-rs-img rs-lazyload\" width=\"1310\" height=\"939\" data-lazyload=\"\/\/lexi.market\/test\/wp-content\/uploads\/2019\/10\/avaleht2.png\" data-no-retina> \n\t\t\t\t\t\t\t<\/rs-layer><!--\n\n\t\t\t\t\t\t\t--><rs-layer\n\t\t\t\t\t\t\t\tid=\"slider-1-slide-4-layer-2\" \n\t\t\t\t\t\t\t\tdata-type=\"text\"\n\t\t\t\t\t\t\t\tdata-xy=\"x:l,l,c,c;xo:152px,130px,0,4px;y:m,m,t,t;yo:-255px,-180px,70px,81px;\"\n\t\t\t\t\t\t\t\tdata-text=\"w:normal;s:56,48,40,30;l:72,61,51,41;fw:700;a:left,left,center,center;\"\n\t\t\t\t\t\t\t\tdata-dim=\"w:908px,600px,550px,350px;\"\n\t\t\t\t\t\t\t\tdata-basealign=\"slide\"\n\t\t\t\t\t\t\t\tdata-rsp_o=\"off\"\n\t\t\t\t\t\t\t\tdata-rsp_bd=\"off\"\n\t\t\t\t\t\t\t\tdata-frame_0=\"y:50px,35px,19px,11px;\"\n\t\t\t\t\t\t\t\tdata-frame_1=\"e:power4.inOut;st:450;sp:1500;sR:450;\"\n\t\t\t\t\t\t\t\tdata-frame_999=\"o:0;st:w;sR:7050;\"\n\t\t\t\t\t\t\t\tstyle=\"z-index:9;font-family:'Red Hat Display';\"\n\t\t\t\t\t\t\t>Lexi.Market - platvorm kaubandusettev\u00f5tte tootehalduseks \n\t\t\t\t\t\t\t<\/rs-layer><!--\n\n\t\t\t\t\t\t\t--><rs-layer\n\t\t\t\t\t\t\t\tid=\"slider-1-slide-4-layer-3\" \n\t\t\t\t\t\t\t\tdata-type=\"text\"\n\t\t\t\t\t\t\t\tdata-xy=\"x:l,l,c,c;xo:150px,130px,0,0;y:m,m,t,t;yo:-90px,-16px,240px,265px;\"\n\t\t\t\t\t\t\t\tdata-text=\"w:normal;s:18,18,16,16;l:32,32,28,28;a:left,left,center,center;\"\n\t\t\t\t\t\t\t\tdata-dim=\"w:641px,500px,430px,330px;\"\n\t\t\t\t\t\t\t\tdata-basealign=\"slide\"\n\t\t\t\t\t\t\t\tdata-rsp_o=\"off\"\n\t\t\t\t\t\t\t\tdata-rsp_bd=\"off\"\n\t\t\t\t\t\t\t\tdata-frame_0=\"y:50px,35px,19px,11px;\"\n\t\t\t\t\t\t\t\tdata-frame_1=\"e:power4.inOut;st:700;sp:1500;sR:700;\"\n\t\t\t\t\t\t\t\tdata-frame_999=\"o:0;st:w;sR:6800;\"\n\t\t\t\t\t\t\t\tstyle=\"z-index:10;font-family:'Red Hat Text';\"\n\t\t\t\t\t\t\t>Lexi.Market on kaubanduse \u00f6kos\u00fcsteem, mis pakub lahenduse tooteandmete haldamiseks, hinnapakkumiste koostamiseks, hangete korraldamiseks ja sortimendiotsuste tegemiseks. \n\t\t\t\t\t\t\t<\/rs-layer><!--\n\n\t\t\t\t\t\t\t--><rs-layer\n\t\t\t\t\t\t\t\tid=\"slider-1-slide-4-layer-4\" \n\t\t\t\t\t\t\t\tclass=\"rev-btn\"\n\t\t\t\t\t\t\t\tdata-type=\"button\"\n\t\t\t\t\t\t\t\tdata-color=\"rgba(255,255,255,1)\"\n\t\t\t\t\t\t\t\tdata-xy=\"x:l,l,c,c;xo:151px,130px,0,0;y:m,m,t,t;yo:15px,91px,380px,442px;\"\n\t\t\t\t\t\t\t\tdata-text=\"w:normal;s:15;l:56;ls:0px,0,0,0;fw:700,500,500,500;a:center;\"\n\t\t\t\t\t\t\t\tdata-dim=\"w:170px;h:56px;\"\n\t\t\t\t\t\t\t\tdata-actions='o:click;a:scrollbelow;sp:1000ms;e:power1.inOut;'\n\t\t\t\t\t\t\t\tdata-basealign=\"slide\"\n\t\t\t\t\t\t\t\tdata-rsp_o=\"off\"\n\t\t\t\t\t\t\t\tdata-rsp_bd=\"off\"\n\t\t\t\t\t\t\t\tdata-padding=\"r:30;l:30;\"\n\t\t\t\t\t\t\t\tdata-border=\"bor:5px,5px,5px,5px;\"\n\t\t\t\t\t\t\t\tdata-frame_0=\"y:50px;\"\n\t\t\t\t\t\t\t\tdata-frame_1=\"st:1000;sp:1500;sR:1000;\"\n\t\t\t\t\t\t\t\tdata-frame_999=\"o:0;st:w;sR:6500;\"\n\t\t\t\t\t\t\t\tdata-frame_hover=\"c:#f04b54;bgc:#fff;boc:#38cb89;bor:5px,5px,5px,5px;bos:solid;oX:50;oY:50;sp:0;\"\n\t\t\t\t\t\t\t\tstyle=\"z-index:11;background-color:#f7921e;font-family:'Red Hat Display';cursor:pointer;outline:none;box-shadow:none;box-sizing:border-box;-moz-box-sizing:border-box;-webkit-box-sizing:border-box;\"\n\t\t\t\t\t\t\t>Loe lisaks \n\t\t\t\t\t\t\t<\/rs-layer><!--\n\n\t\t\t\t\t\t\t--><rs-layer\n\t\t\t\t\t\t\t\tid=\"slider-1-slide-4-layer-5\" \n\t\t\t\t\t\t\t\tdata-type=\"text\"\n\t\t\t\t\t\t\t\tdata-xy=\"x:l,c,c,c;xo:350px,-239px,0,0;y:m,m,t,t;yo:15px,93px,510px,521px;\"\n\t\t\t\t\t\t\t\tdata-text=\"w:normal,normal,normal,normal;s:15;l:30;ls:0px,0,0,0;fw:500;a:inherit,center,center,center;\"\n\t\t\t\t\t\t\t\tdata-dim=\"w:240px;h:30px;\"\n\t\t\t\t\t\t\t\tdata-actions='id:section-clients;o:click;a:scrollto;sp:1000ms;e:power1.inOut;'\n\t\t\t\t\t\t\t\tdata-basealign=\"slide\"\n\t\t\t\t\t\t\t\tdata-rsp_o=\"off\"\n\t\t\t\t\t\t\t\tdata-rsp_bd=\"off\"\n\t\t\t\t\t\t\t\tdata-frame_0=\"y:50px;\"\n\t\t\t\t\t\t\t\tdata-frame_1=\"st:1100;sp:1500;sR:1100;\"\n\t\t\t\t\t\t\t\tdata-frame_999=\"o:0;st:w;sR:6400;\"\n\t\t\t\t\t\t\t\tstyle=\"z-index:12;font-family:'Red Hat Text';\"\n\t\t\t\t\t\t\t>Tekkis huvi?  <a href=\"#section-clients\" style=\"color: #ffffff;\">V\u00f5ta \u00fchendust <span class=\"far fa-long-arrow-right\"><\/span><\/a> \n\t\t\t\t\t\t\t<\/rs-layer><!--\n-->\t\t\t\t\t<\/rs-slide>\n\t\t\t\t\t<\/rs-slides>\n\t\t\t\t\t<rs-static-layers><!--\n\t\t\t\t\t--><\/rs-static-layers>\n\t\t\t\t<\/rs-module>\n\t\t\t\t<script>\n\t\t\t\t\tsetREVStartSize({c: 'test',rl:[1240,1024,778,480],el:[1113,768,900,600],gw:[1920,1366,768,480],gh:[1113,768,900,600],type:'standard',justify:'',layout:'fullwidth',mh:\"1113\"});if (window.RS_MODULES!==undefined && window.RS_MODULES.modules!==undefined && window.RS_MODULES.modules[\"test\"]!==undefined) {window.RS_MODULES.modules[\"test\"].once = false;window.revapi1 = undefined;if (window.RS_MODULES.checkMinimal!==undefined) window.RS_MODULES.checkMinimal()}\n\t\t\t\t<\/script>\n\t\t\t<\/rs-module-wrap>\n\t\t\t<!-- END REVOLUTION SLIDER -->\n[\/vc_column][\/vc_row][vc_section full_width=&#8221;stretch_row&#8221;][vc_row][vc_column][tm_heading tag=&#8221;h5&#8243; custom_google_font=&#8221;&#8221; google_fonts=&#8221;font_family:Poppins%3A300%2Cregular%2C500%2C600%2C700|font_style:500%20medium%20regular%3A500%3Anormal&#8221; font_weight=&#8221;500&#8243; text_transform=&#8221;uppercase&#8221; align=&#8221;center&#8221; text_color=&#8221;custom&#8221; custom_text_color=&#8221;#ffffff&#8221; el_class=&#8221;heading2&#8243; font_size=&#8221;xs:14;sm:14;md:14;lg:14&#8243; letter_spacing=&#8221;2px&#8221;]Keskkond on m\u00f5eldud infovahetuseks Selveri ja tarnijate vahel[\/tm_heading][\/vc_column][\/vc_row][vc_row full_width=&#8221;stretch_row_content&#8221;][vc_column][tm_image action=&#8221;custom_link&#8221; full_wide=&#8221;1&#8243; align=&#8221;center&#8221; md_align=&#8221;center&#8221; sm_align=&#8221;center&#8221; xs_align=&#8221;center&#8221; image=&#8221;2128&#8243; lg_spacing=&#8221;margin_top:0;margin_right:200;margin_bottom:0;margin_left:200&#8243; md_spacing=&#8221;margin_top:0;margin_right:0;margin_bottom:0;margin_left:0&#8243; sm_spacing=&#8221;margin_top:0;margin_right:0;margin_bottom:0;margin_left:0&#8243; xs_spacing=&#8221;margin_top:0;margin_right:0;margin_bottom:0;margin_left:0&#8243; custom_link=&#8221;url:https%3A%2F%2Fwww.selver.ee|title:www.selver.ee|target:_blank&#8221;][tm_spacer size=&#8221;xs:30;sm:30;md:30;lg:30&#8243;][\/vc_column][\/vc_row][vc_row content_placement=&#8221;middle&#8221;][vc_column][tm_heading style=&#8221;highlight-01&#8243; tag=&#8221;p&#8221; custom_google_font=&#8221;&#8221; align=&#8221;center&#8221; el_class=&#8221;body-text&#8221; font_size=&#8221;lg:18&#8243; line_height=&#8221;1.78&#8243; max_width=&#8221;850px&#8221; css=&#8221;.vc_custom_1675692781438{padding-bottom: 30px !important;}&#8221;]Selveri ostuosakond on alates 2023. aastast kasutusele v\u00f5tnud tootehalduse infos\u00fcsteemi Lexi.Market, mille eesm\u00e4rgiks on saada tootjatelt ja hulgim\u00fc\u00fcjatelt kvaliteetsemaid tooteandmeid ning lihtsustada infovahetust.<br \/>\nLexi.Marketi kaudu saab koos hinnapakkumisega edastada tooteandmeid ilma, et peaks juurde t\u00e4itma t\u00e4iendava Exceli vormi. Pakutavate toodete andmekoosseisu sobivust kontrollib Lexi.Market automaatselt, et h\u00f5lbustada puuduvate andmev\u00e4ljade t\u00e4itmist ja korrigeerimist.<br \/>\nLexi.Marketi kasutamisega hoiavad tarnijad kokku aega pakkumiste ja tooteandmete edastamisel ning Selver saab saabunud informatsiooni efektiivsemalt t\u00f6\u00f6delda. Lisaks annab Selver Lexi.Marketi kaudu edastatud tootepakkumistele tagasisidet otse keskkonnas, kus saab ostujuhiga l\u00e4bi turvalise vestlusakna suhelda.[\/tm_heading][\/vc_column][\/vc_row][vc_row][vc_column][tm_grid align=&#8221;center&#8221; columns=&#8221;xs:1;sm:1;lg:3&#8243; row_gutter=&#8221;lg:60&#8243; column_gutter=&#8221;lg:60&#8243;][tm_box_icon style=&#8221;02&#8243; el_class=&#8221;numbers&#8221; icon_background_color=&#8221;custom&#8221; custom_icon_background_color=&#8221;#f59c00&#8243; background_color=&#8221;custom&#8221; custom_border_color=&#8221;rgba(237,42,42,0.01)&#8221; image=&#8221;1712&#8243; heading=&#8221;Registreeri Lexi.Market kasutajaks&#8221; text=&#8221;Lexi.Marketi kasutajaks on lihtne saada. Selleks tuleb t\u00e4ita allpool toodud kontaktivorm, mille alusel vormistame platvormi kasutuse lepingu. Kui leping on s\u00f5lmitud, siis loob meie kliendihaldur teile konto ja annab \u00fcle peakasutaja \u00f5igused.&#8221; button=&#8221;url:%23registration-form|title:Registreeri%20siin&#8221;][tm_box_icon style=&#8221;02&#8243; el_class=&#8221;numbers&#8221; icon_background_color=&#8221;custom&#8221; custom_icon_background_color=&#8221;#f59c00&#8243; background_color=&#8221;custom&#8221; custom_border_color=&#8221;rgba(237,42,42,0.01)&#8221; image=&#8221;1710&#8243; heading=&#8221;Sisesta tooted&#8221; text=&#8221;Eduka pakkumise eelduseks on kvaliteetsete tooteandmete edastamine. T\u00fclika Exceli tabeli asemel on tooteandmete haldamiseks mugav veebip\u00f5hine kasutajaliides, kus tooteandmete t\u00e4itmine toimub sektsioonide kaupa. Tootekaardile tuleb lisada tootest kvaliteetne pilt v\u00f5i pildid.&#8221;][tm_box_icon style=&#8221;02&#8243; el_class=&#8221;numbers&#8221; icon_background_color=&#8221;custom&#8221; custom_icon_background_color=&#8221;#f59c00&#8243; background_color=&#8221;custom&#8221; custom_border_color=&#8221;rgba(237,42,42,0.01)&#8221; image=&#8221;1708&#8243; heading=&#8221;Koosta pakkumine&#8221; text=&#8221;Kui tooted on Lexi.Marketisse lisatud, saab need m\u00f5ne hiireklikiga pakkumisse lisada. Pakkumise saab kohe Lexi.Marketist kliendile teele saata ning Selveri poolt tuleb otsus pakkumisele samuti Lexi.Market keskkonda.&#8221;][\/tm_grid][\/vc_column][\/vc_row][vc_row][vc_column][tm_spacer size=&#8221;lg:70&#8243;][\/vc_column][\/vc_row][vc_row][vc_column width=&#8221;1\/2&#8243; md_spacing=&#8221;margin_right:30&#8243;][vc_column_text]<\/p>\n<h4>Lexi.Market Selver paketi tingimused<\/h4>\n<p>[\/vc_column_text][tm_spacer size=&#8221;lg:30&#8243;][tm_list list_style=&#8221;icon&#8221; marker_color=&#8221;custom&#8221; custom_marker_color=&#8221;#f01319&#8243; columns=&#8221;xs:1;lg:1&#8243; items=&#8221;%5B%7B%22item_title%22%3A%22Mida%20saab%20Lexi.Market%20abil%20teha%3F%22%2C%22item_desc%22%3A%22Lexi.Marketi%20Selver%20pakett%20v%C3%B5imaldab%20sisestada%20ja%20hallata%20tooteid%20ning%20koostada%20pakkumisi%20Selverile.%5CnSelver%20hindab%20saadetud%20pakkumisi%20ning%20annab%20otsuse%20kohta%20Lexi.Marketi%20kaudu%20tagasiside.%20Vajadusel%20toimub%20keskkonnas%20ka%20aktiivne%20l%C3%A4bir%C3%A4%C3%A4kimine%2C%20mille%20kohta%20j%C3%A4%C3%A4b%20maha%20k%C3%B5neluste%20ajalugu.%22%2C%22icon%22%3A%22fa%20fa-file-invoice%22%7D%2C%7B%22item_title%22%3A%22Kui%20palju%20pakett%20maksab%3F%22%2C%22item_desc%22%3A%22Tarnijaportaal%20on%20k%C3%B5igile%20Selveri%20aktiivsetele%20hankijatele%20tasuta.%22%2C%22icon%22%3A%22fa%20fa-money-bill-wave-alt%22%7D%2C%7B%22item_title%22%3A%22Kas%20Lexi.Marketi%20kaudu%20saab%20tooteinfot%20saata%20ka%20teistele%20jaekettidele%3F%22%2C%22item_desc%22%3A%22Lexi%20Marketi%20kaudu%20on%20lisaks%20Selverile%20v%C3%B5imalik%20saata%20pakkumisi%20ja%20tooteinfot%20k%C3%B5ikidele%20Eesti%20ja%20Baltikumi%20suurimatele%20jaekettidele.%20Keskkond%20oskab%20automaatselt%20koos%20pakkumisega%20kaasa%20panna%20korrektselt%20t%C3%A4idetud%20iga%20jaeketi%20enda%20tootevormi.%20V%C3%B5imaluse%20avamiseks%20vali%20enda%20ettev%C3%B5tte%20toodete%20mahule%20sobiv%20pakett%2C%20mille%20maksumus%20s%C3%B5ltub%20aktiivselt%20pakutavate%20toodete%20arvust.%5Cn%22%2C%22icon%22%3A%22fa%20fa-network-wired%22%7D%5D&#8221;][\/vc_column][vc_column width=&#8221;1\/2&#8243;][vc_wp_custom_html el_id=&#8221;registration-form&#8221;]JTNDZGl2JTIwY2xhc3MlM0QlMjJwaXBlZHJpdmVXZWJGb3JtcyUyMiUyMGRhdGEtcGQtd2ViZm9ybXMlM0QlMjJodHRwcyUzQSUyRiUyRndlYmZvcm1zLnBpcGVkcml2ZS5jb20lMkZmJTJGSk9CWENpbXZYaElPUjk1UHhqMVZubDFrM0Z2OG05RVRVcENSSzdhYU5WZ09iQ0d5VGI1MFFCVTE3MUVPT1lqJTIyJTNFJTNDc2NyaXB0JTIwc3JjJTNEJTIyaHR0cHMlM0ElMkYlMkZ3ZWJmb3Jtcy5waXBlZHJpdmUuY29tJTJGZiUyRmxvYWRlciUyMiUzRSUzQyUyRnNjcmlwdCUzRSUzQyUyRmRpdiUzRQ==[\/vc_wp_custom_html][\/vc_column][\/vc_row][\/vc_section]<\/p>\n<\/section>","protected":false},"excerpt":{"rendered":"<p>[vc_row el_class=&#8221;slider-revolution&#8221;][vc_column background_image=&#8221;343&#8243;][\/vc_column][\/vc_row][vc_section full_width=&#8221;stretch_row&#8221;][vc_row][vc_column][tm_heading tag=&#8221;h5&#8243; custom_google_font=&#8221;&#8221; google_fonts=&#8221;font_family:Poppins%3A300%2Cregular%2C500%2C600%2C700|font_style:500%20medium%20regular%3A500%3Anormal&#8221; font_weight=&#8221;500&#8243; text_transform=&#8221;uppercase&#8221; align=&#8221;center&#8221; text_color=&#8221;custom&#8221; custom_text_color=&#8221;#ffffff&#8221; el_class=&#8221;heading2&#8243; font_size=&#8221;xs:14;sm:14;md:14;lg:14&#8243; letter_spacing=&#8221;2px&#8221;]Keskkond on m\u00f5eldud infovahetuseks Selveri ja tarnijate vahel[\/tm_heading][\/vc_column][\/vc_row][vc_row full_width=&#8221;stretch_row_content&#8221;][vc_column][tm_image action=&#8221;custom_link&#8221; full_wide=&#8221;1&#8243; align=&#8221;center&#8221; md_align=&#8221;center&#8221; sm_align=&#8221;center&#8221; xs_align=&#8221;center&#8221; image=&#8221;2128&#8243; lg_spacing=&#8221;margin_top:0;margin_right:200;margin_bottom:0;margin_left:200&#8243; md_spacing=&#8221;margin_top:0;margin_right:0;margin_bottom:0;margin_left:0&#8243; sm_spacing=&#8221;margin_top:0;margin_right:0;margin_bottom:0;margin_left:0&#8243; xs_spacing=&#8221;margin_top:0;margin_right:0;margin_bottom:0;margin_left:0&#8243; custom_link=&#8221;url:https%3A%2F%2Fwww.selver.ee|title:www.selver.ee|target:_blank&#8221;][tm_spacer size=&#8221;xs:30;sm:30;md:30;lg:30&#8243;][\/vc_column][\/vc_row][vc_row content_placement=&#8221;middle&#8221;][vc_column][tm_heading style=&#8221;highlight-01&#8243; tag=&#8221;p&#8221; custom_google_font=&#8221;&#8221; align=&#8221;center&#8221; el_class=&#8221;body-text&#8221; font_size=&#8221;lg:18&#8243; line_height=&#8221;1.78&#8243; max_width=&#8221;850px&#8221; css=&#8221;.vc_custom_1675692781438{padding-bottom: 30px !important;}&#8221;]Selveri ostuosakond on alates 2023. aastast kasutusele v\u00f5tnud tootehalduse infos\u00fcsteemi Lexi.Market, mille eesm\u00e4rgiks on saada tootjatelt ja hulgim\u00fc\u00fcjatelt kvaliteetsemaid tooteandmeid ning lihtsustada infovahetust. Lexi.Marketi kaudu saab koos hinnapakkumisega edastada tooteandmeid ilma, et peaks juurde t\u00e4itma t\u00e4iendava Exceli vormi. Pakutavate toodete andmekoosseisu sobivust kontrollib Lexi.Market automaatselt, et h\u00f5lbustada puuduvate andmev\u00e4ljade t\u00e4itmist ja korrigeerimist. Lexi.Marketi kasutamisega hoiavad tarnijad kokku aega pakkumiste ja tooteandmete edastamisel ning Selver saab saabunud informatsiooni efektiivsemalt t\u00f6\u00f6delda. Lisaks annab Selver Lexi.Marketi kaudu edastatud tootepakkumistele tagasisidet otse keskkonnas, kus saab ostujuhiga l\u00e4bi turvalise vestlusakna suhelda.[\/tm_heading][\/vc_column][\/vc_row][vc_row][vc_column][tm_grid align=&#8221;center&#8221; columns=&#8221;xs:1;sm:1;lg:3&#8243; row_gutter=&#8221;lg:60&#8243; column_gutter=&#8221;lg:60&#8243;][tm_box_icon style=&#8221;02&#8243; el_class=&#8221;numbers&#8221; icon_background_color=&#8221;custom&#8221; custom_icon_background_color=&#8221;#f59c00&#8243; background_color=&#8221;custom&#8221; custom_border_color=&#8221;rgba(237,42,42,0.01)&#8221; image=&#8221;1712&#8243; heading=&#8221;Registreeri Lexi.Market kasutajaks&#8221; text=&#8221;Lexi.Marketi kasutajaks on lihtne saada. Selleks tuleb t\u00e4ita allpool toodud kontaktivorm, mille alusel vormistame platvormi kasutuse lepingu. Kui leping on s\u00f5lmitud, siis loob meie kliendihaldur teile konto ja annab \u00fcle peakasutaja \u00f5igused.&#8221; button=&#8221;url:%23registration-form|title:Registreeri%20siin&#8221;][tm_box_icon style=&#8221;02&#8243; el_class=&#8221;numbers&#8221; icon_background_color=&#8221;custom&#8221; custom_icon_background_color=&#8221;#f59c00&#8243; background_color=&#8221;custom&#8221; custom_border_color=&#8221;rgba(237,42,42,0.01)&#8221; image=&#8221;1710&#8243; heading=&#8221;Sisesta tooted&#8221; text=&#8221;Eduka pakkumise eelduseks on kvaliteetsete tooteandmete edastamine. T\u00fclika Exceli tabeli asemel on tooteandmete haldamiseks mugav veebip\u00f5hine kasutajaliides, kus tooteandmete t\u00e4itmine toimub sektsioonide kaupa. Tootekaardile tuleb lisada tootest kvaliteetne pilt v\u00f5i pildid.&#8221;][tm_box_icon style=&#8221;02&#8243; el_class=&#8221;numbers&#8221; icon_background_color=&#8221;custom&#8221; custom_icon_background_color=&#8221;#f59c00&#8243; background_color=&#8221;custom&#8221; custom_border_color=&#8221;rgba(237,42,42,0.01)&#8221; image=&#8221;1708&#8243; heading=&#8221;Koosta pakkumine&#8221; text=&#8221;Kui tooted on Lexi.Marketisse lisatud, saab need m\u00f5ne hiireklikiga pakkumisse lisada. Pakkumise saab kohe Lexi.Marketist kliendile teele saata ning Selveri poolt tuleb otsus pakkumisele samuti Lexi.Market keskkonda.&#8221;][\/tm_grid][\/vc_column][\/vc_row][vc_row][vc_column][tm_spacer size=&#8221;lg:70&#8243;][\/vc_column][\/vc_row][vc_row][vc_column width=&#8221;1\/2&#8243; md_spacing=&#8221;margin_right:30&#8243;][vc_column_text] Lexi.Market Selver paketi tingimused [\/vc_column_text][tm_spacer size=&#8221;lg:30&#8243;][tm_list list_style=&#8221;icon&#8221; marker_color=&#8221;custom&#8221; custom_marker_color=&#8221;#f01319&#8243; columns=&#8221;xs:1;lg:1&#8243; items=&#8221;%5B%7B%22item_title%22%3A%22Mida%20saab%20Lexi.Market%20abil%20teha%3F%22%2C%22item_desc%22%3A%22Lexi.Marketi%20Selver%20pakett%20v%C3%B5imaldab%20sisestada%20ja%20hallata%20tooteid%20ning%20koostada%20pakkumisi%20Selverile.%5CnSelver%20hindab%20saadetud%20pakkumisi%20ning%20annab%20otsuse%20kohta%20Lexi.Marketi%20kaudu%20tagasiside.%20Vajadusel%20toimub%20keskkonnas%20ka%20aktiivne%20l%C3%A4bir%C3%A4%C3%A4kimine%2C%20mille%20kohta%20j%C3%A4%C3%A4b%20maha%20k%C3%B5neluste%20ajalugu.%22%2C%22icon%22%3A%22fa%20fa-file-invoice%22%7D%2C%7B%22item_title%22%3A%22Kui%20palju%20pakett%20maksab%3F%22%2C%22item_desc%22%3A%22Tarnijaportaal%20on%20k%C3%B5igile%20Selveri%20aktiivsetele%20hankijatele%20tasuta.%22%2C%22icon%22%3A%22fa%20fa-money-bill-wave-alt%22%7D%2C%7B%22item_title%22%3A%22Kas%20Lexi.Marketi%20kaudu%20saab%20tooteinfot%20saata%20ka%20teistele%20jaekettidele%3F%22%2C%22item_desc%22%3A%22Lexi%20Marketi%20kaudu%20on%20lisaks%20Selverile%20v%C3%B5imalik%20saata%20pakkumisi%20ja%20tooteinfot%20k%C3%B5ikidele%20Eesti%20ja%20Baltikumi%20suurimatele%20jaekettidele.%20Keskkond%20oskab%20automaatselt%20koos%20pakkumisega%20kaasa%20panna%20korrektselt%20t%C3%A4idetud%20iga%20jaeketi%20enda%20tootevormi.%20V%C3%B5imaluse%20avamiseks%20vali%20enda%20ettev%C3%B5tte%20toodete%20mahule%20sobiv%20pakett%2C%20mille%20maksumus%20s%C3%B5ltub%20aktiivselt%20pakutavate%20toodete%20arvust.%5Cn%22%2C%22icon%22%3A%22fa%20fa-network-wired%22%7D%5D&#8221;][\/vc_column][vc_column width=&#8221;1\/2&#8243;][vc_wp_custom_html el_id=&#8221;registration-form&#8221;]JTNDZGl2JTIwY2xhc3MlM0QlMjJwaXBlZHJpdmVXZWJGb3JtcyUyMiUyMGRhdGEtcGQtd2ViZm9ybXMlM0QlMjJodHRwcyUzQSUyRiUyRndlYmZvcm1zLnBpcGVkcml2ZS5jb20lMkZmJTJGSk9CWENpbXZYaElPUjk1UHhqMVZubDFrM0Z2OG05RVRVcENSSzdhYU5WZ09iQ0d5VGI1MFFCVTE3MUVPT1lqJTIyJTNFJTNDc2NyaXB0JTIwc3JjJTNEJTIyaHR0cHMlM0ElMkYlMkZ3ZWJmb3Jtcy5waXBlZHJpdmUuY29tJTJGZiUyRmxvYWRlciUyMiUzRSUzQyUyRnNjcmlwdCUzRSUzQyUyRmRpdiUzRQ==[\/vc_wp_custom_html][\/vc_column][\/vc_row][\/vc_section]<\/p>\n","protected":false},"author":9,"featured_media":2128,"parent":0,"menu_order":0,"comment_status":"closed","ping_status":"closed","template":"","meta":{"footnotes":""},"class_list":["post-2127","page","type-page","status-publish","has-post-thumbnail","hentry"],"_links":{"self":[{"href":"https:\/\/lexi.market\/et\/wp-json\/wp\/v2\/pages\/2127","targetHints":{"allow":["GET"]}}],"collection":[{"href":"https:\/\/lexi.market\/et\/wp-json\/wp\/v2\/pages"}],"about":[{"href":"https:\/\/lexi.market\/et\/wp-json\/wp\/v2\/types\/page"}],"author":[{"embeddable":true,"href":"https:\/\/lexi.market\/et\/wp-json\/wp\/v2\/users\/9"}],"replies":[{"embeddable":true,"href":"https:\/\/lexi.market\/et\/wp-json\/wp\/v2\/comments?post=2127"}],"version-history":[{"count":40,"href":"https:\/\/lexi.market\/et\/wp-json\/wp\/v2\/pages\/2127\/revisions"}],"predecessor-version":[{"id":4124,"href":"https:\/\/lexi.market\/et\/wp-json\/wp\/v2\/pages\/2127\/revisions\/4124"}],"wp:featuredmedia":[{"embeddable":true,"href":"https:\/\/lexi.market\/et\/wp-json\/wp\/v2\/media\/2128"}],"wp:attachment":[{"href":"https:\/\/lexi.market\/et\/wp-json\/wp\/v2\/media?parent=2127"}],"curies":[{"name":"wp","href":"https:\/\/api.w.org\/{rel}","templated":true}]}}