{"id":3954,"date":"2023-05-17T10:16:08","date_gmt":"2023-05-17T07:16:08","guid":{"rendered":"https:\/\/lexi.market\/?page_id=3954"},"modified":"2025-08-12T10:54:53","modified_gmt":"2025-08-12T07:54:53","slug":"enterprise","status":"publish","type":"page","link":"https:\/\/lexi.market\/en\/enterprise\/","title":{"rendered":"Enterprise"},"content":{"rendered":"<section class=\"wpb-content-wrapper\"><p>[vc_row xs_spacing=&#8221;margin_top:0;margin_bottom:0;padding_top:0;padding_bottom:0&#8243;][vc_column][tm_heading custom_google_font=&#8221;&#8221; font_weight=&#8221;700&#8243; align=&#8221;center&#8221; sm_align=&#8221;center&#8221; xs_align=&#8221;left&#8221; font_size=&#8221;xs:28;sm:36;md:48;lg:48&#8243; max_width=&#8221;800px&#8221;]Lexi.Market helps manufacturers, wholesalers, retail chains, and HoReCa companies conveniently exchange product and sales information[\/tm_heading][tm_spacer size=&#8221;xs:50;lg:80&#8243;][\/vc_column][\/vc_row][vc_row full_width=&#8221;stretch_row&#8221; background_color=&#8221;custom&#8221; el_id=&#8221;section-partners&#8221; custom_background_color=&#8221;#fafafa&#8221;][vc_column][tm_client style=&#8221;grid&#8221; hover=&#8221;grayscale&#8221; el_class=&#8221;grid-logos-about&#8221; items=&#8221;%5B%7B%22image%22%3A%222409%22%2C%22link%22%3A%22Link%22%7D%2C%7B%22image%22%3A%224395%22%2C%22link%22%3A%22Link%22%7D%2C%7B%22image%22%3A%222473%22%2C%22link%22%3A%22Link%22%7D%2C%7B%22image%22%3A%222405%22%2C%22link%22%3A%22Link%22%7D%2C%7B%22image%22%3A%224845%22%2C%22link%22%3A%22Link%22%7D%2C%7B%22image%22%3A%222756%22%2C%22link%22%3A%22Link%22%7D%2C%7B%22image%22%3A%222469%22%2C%22link%22%3A%22Link%22%7D%2C%7B%22image%22%3A%222479%22%2C%22link%22%3A%22Link%22%7D%2C%7B%22image%22%3A%222754%22%2C%22link%22%3A%22Link%22%7D%2C%7B%22image%22%3A%224397%22%2C%22link%22%3A%22Link%22%7D%2C%7B%22image%22%3A%222752%22%2C%22link%22%3A%22Link%22%7D%2C%7B%22image%22%3A%222605%22%2C%22link%22%3A%22Link%22%7D%2C%7B%22image%22%3A%222475%22%2C%22link%22%3A%22Link%22%7D%2C%7B%22image%22%3A%224565%22%2C%22link%22%3A%22Link%22%7D%2C%7B%22image%22%3A%224840%22%2C%22link%22%3A%22Link%22%7D%2C%7B%22image%22%3A%224838%22%2C%22link%22%3A%22Link%22%7D%2C%7B%22image%22%3A%224836%22%2C%22link%22%3A%22Link%22%7D%2C%7B%22image%22%3A%224834%22%2C%22link%22%3A%22Link%22%7D%2C%7B%22image%22%3A%224852%22%2C%22link%22%3A%22Link%22%7D%2C%7B%22image%22%3A%222484%22%2C%22link%22%3A%22Link%22%7D%5D&#8221; lg_spacing=&#8221;margin_top:0;border_top:0&#8243; sm_spacing=&#8221;margin_top:20&#8243; xs_spacing=&#8221;margin_top:20&#8243; columns=&#8221;xs:10;sm:10;md:6;lg:10&#8243; row_gutter=&#8221;lg:30&#8243; column_gutter=&#8221;lg:0&#8243;][\/vc_column][\/vc_row][vc_row][vc_column][tm_spacer size=&#8221;xs:50;lg:80&#8243;][tm_heading custom_google_font=&#8221;&#8221; font_weight=&#8221;700&#8243; align=&#8221;center&#8221; font_size=&#8221;xs:30;sm:36;md:36;lg:36&#8243; max_width=&#8221;800px&#8221;]Where we started[\/tm_heading][tm_spacer size=&#8221;xs:40;lg:80&#8243;][vc_row_inner][vc_column_inner width=&#8221;1\/2&#8243;][tm_image image=&#8221;3267&#8243;][tm_spacer size=&#8221;lg:40&#8243;][tm_image align=&#8221;right&#8221; el_class=&#8221;lexi-image-about&#8221; image=&#8221;3269&#8243; max_width=&#8221;254px&#8221;][\/vc_column_inner][vc_column_inner width=&#8221;1\/2&#8243;][tm_box_icon style=&#8221;06&#8243; el_class=&#8221;icons-about&#8221; image=&#8221;3263&#8243; sub_heading=&#8221;2011&#8243; heading=&#8221;The company Brightspark O\u00dc was founded&#8221; text=&#8221;Kari Maripuu and Markko Legonkov founded the software development company Brightspark in 2011. The name of the company suggests that the ambition of the owners is to work with only the brightest professionals in their field.&#8221; lg_spacing=&#8221;margin_left:10&#8243; md_spacing=&#8221;margin_left:10&#8243;][tm_spacer size=&#8221;lg:40&#8243;][tm_box_icon style=&#8221;06&#8243; el_class=&#8221;icons-about&#8221; image=&#8221;3265&#8243; sub_heading=&#8221;2018&#8243; heading=&#8221;The first version of the Lexi.Market ecosystem sees the light of day&#8221; text=&#8221;Brightspark has been developing the product management information system of Coop Eesti Kesk\u00fchistu since 2015. During the collaboration, it became clear that the system created for Coop helps make in-house product management more efficient, but does not solve the problem for the entire market. Brightspark found that the real value in product information management for market participants is created when a platform is developed that can be used jointly by both parties. The Lexi.Market concept was first presented in February 2018 at a competition held by the Union of Merchants, at that time, as a visual static prototype.&#8221; lg_spacing=&#8221;margin_left:10&#8243; md_spacing=&#8221;margin_left:10&#8243;][\/vc_column_inner][\/vc_row_inner][tm_spacer size=&#8221;lg:50&#8243;][\/vc_column][\/vc_row][vc_row full_width=&#8221;stretch_row&#8221; background_color=&#8221;custom&#8221; effect=&#8221;firefly&#8221; firefly_color=&#8221;#ffffff&#8221; firefly_total=&#8221;30&#8243; firefly_min_size=&#8221;1&#8243; firefly_max_size=&#8221;3&#8243; custom_background_color=&#8221;#fafafa&#8221;][vc_column][tm_spacer size=&#8221;xs:50;lg:80&#8243;][vc_row_inner content_placement=&#8221;middle&#8221; sm_spacing=&#8221;margin_right:0;margin_left:0&#8243; xs_spacing=&#8221;margin_right:0;margin_left:0&#8243;][vc_column_inner width=&#8221;1\/2&#8243;][tm_heading style=&#8221;modern-number-01&#8243; custom_google_font=&#8221;&#8221; font_size=&#8221;xs:28;sm:36;md:36;lg:42&#8243; max_width=&#8221;500px&#8221;]Lexi.Market values efficient work[\/tm_heading][tm_spacer size=&#8221;lg:20&#8243;][tm_heading tag=&#8221;div&#8221; custom_google_font=&#8221;&#8221; font_size=&#8221;xs:15;lg:18&#8243; line_height=&#8221;1.78&#8243;]We create an information system that delegates routine tasks of everyday work to the computer, allowing for faster and safer operations. This frees up human time to create new values.[\/tm_heading][\/vc_column_inner][vc_column_inner width=&#8221;1\/2&#8243;][tm_spacer size=&#8221;xs:20&#8243;][tm_image image=&#8221;3271&#8243;][\/vc_column_inner][\/vc_row_inner][tm_spacer size=&#8221;xs:50;lg:80&#8243;][\/vc_column][\/vc_row][vc_row full_width=&#8221;stretch_row&#8221; background_color=&#8221;secondary&#8221;][vc_column][tm_spacer size=&#8221;sm:70;lg:100&#8243;][tm_heading style=&#8221;modern-number-01&#8243; custom_google_font=&#8221;&#8221; align=&#8221;center&#8221; text_color=&#8221;custom&#8221; custom_text_color=&#8221;#ffffff&#8221;]The team[\/tm_heading][tm_spacer size=&#8221;lg:44&#8243;][tm_slider_group pagination=&#8221;02&#8243; gutter=&#8221;30&#8243; items_display=&#8221;xs:1;sm:2;md:3;lg:3&#8243;][tm_team_member style=&#8221;02&#8243; social_networks=&#8221;%5B%7B%22icon_fontawesome5%22%3A%22fa%20fa-adjust%22%2C%22icon_ion%22%3A%22ion-alert%22%2C%22icon_linea%22%3A%22linea-arrows-anticlockwise%22%2C%22icon_linea_svg%22%3A%22linea-arrows-anticlockwise%22%7D%5D&#8221; photo=&#8221;1089&#8243; name=&#8221;Helen Siirus&#8221; position=&#8221;Sales Manager&#8221; desc=&#8221;Tegeleb m\u00fc\u00fcgiga v\u00e4ga edukalt&#8221;][tm_team_member style=&#8221;02&#8243; social_networks=&#8221;%5B%7B%22icon_fontawesome5%22%3A%22fa%20fa-adjust%22%2C%22icon_ion%22%3A%22ion-alert%22%2C%22icon_linea%22%3A%22linea-arrows-anticlockwise%22%2C%22icon_linea_svg%22%3A%22linea-arrows-anticlockwise%22%7D%5D&#8221; photo=&#8221;3876&#8243; name=&#8221;Kari Maripuu&#8221; position=&#8221;CEO&#8221;][tm_team_member style=&#8221;02&#8243; social_networks=&#8221;%5B%7B%22icon_fontawesome5%22%3A%22fa%20fa-adjust%22%2C%22icon_ion%22%3A%22ion-alert%22%2C%22icon_linea%22%3A%22linea-arrows-anticlockwise%22%2C%22icon_linea_svg%22%3A%22linea-arrows-anticlockwise%22%7D%5D&#8221; photo=&#8221;3542&#8243; name=&#8221;Aleksandra \u017dmaka&#8221; position=&#8221;Development Manager&#8221;][tm_team_member style=&#8221;02&#8243; social_networks=&#8221;%5B%7B%22icon_fontawesome5%22%3A%22fa%20fa-adjust%22%2C%22icon_ion%22%3A%22ion-alert%22%2C%22icon_linea%22%3A%22linea-arrows-anticlockwise%22%2C%22icon_linea_svg%22%3A%22linea-arrows-anticlockwise%22%7D%5D&#8221; photo=&#8221;3540&#8243; name=&#8221;Markko Legonkov&#8221; position=&#8221;CTO&#8221;][tm_team_member style=&#8221;02&#8243; social_networks=&#8221;%5B%7B%22icon_fontawesome5%22%3A%22fa%20fa-adjust%22%2C%22icon_ion%22%3A%22ion-alert%22%2C%22icon_linea%22%3A%22linea-arrows-anticlockwise%22%2C%22icon_linea_svg%22%3A%22linea-arrows-anticlockwise%22%7D%5D&#8221; photo=&#8221;3540&#8243; name=&#8221;Roland Tammeorg&#8221; position=&#8221;Strategic Partner&#8221;][tm_team_member style=&#8221;02&#8243; social_networks=&#8221;%5B%7B%22icon_fontawesome5%22%3A%22fa%20fa-adjust%22%2C%22icon_ion%22%3A%22ion-alert%22%2C%22icon_linea%22%3A%22linea-arrows-anticlockwise%22%2C%22icon_linea_svg%22%3A%22linea-arrows-anticlockwise%22%7D%5D&#8221; photo=&#8221;3541&#8243; name=&#8221;Arkadii Rozhdestvenskii&#8221; position=&#8221;Developer&#8221;][tm_team_member style=&#8221;02&#8243; social_networks=&#8221;%5B%7B%22icon_fontawesome5%22%3A%22fa%20fa-adjust%22%2C%22icon_ion%22%3A%22ion-alert%22%2C%22icon_linea%22%3A%22linea-arrows-anticlockwise%22%2C%22icon_linea_svg%22%3A%22linea-arrows-anticlockwise%22%7D%5D&#8221; photo=&#8221;1085&#8243; name=&#8221;Aleksei Lebedev&#8221; position=&#8221;Developer&#8221;][tm_team_member style=&#8221;02&#8243; social_networks=&#8221;%5B%7B%22icon_fontawesome5%22%3A%22fa%20fa-adjust%22%2C%22icon_ion%22%3A%22ion-alert%22%2C%22icon_linea%22%3A%22linea-arrows-anticlockwise%22%2C%22icon_linea_svg%22%3A%22linea-arrows-anticlockwise%22%7D%5D&#8221; photo=&#8221;3540&#8243; name=&#8221;Martin Ustav&#8221; position=&#8221;Front-end Developer&#8221; desc=&#8221;Arendab disainitud kasutajaliidest&#8221;][tm_team_member style=&#8221;02&#8243; social_networks=&#8221;%5B%7B%22icon_fontawesome5%22%3A%22fa%20fa-adjust%22%2C%22icon_ion%22%3A%22ion-alert%22%2C%22icon_linea%22%3A%22linea-arrows-anticlockwise%22%2C%22icon_linea_svg%22%3A%22linea-arrows-anticlockwise%22%7D%5D&#8221; photo=&#8221;3542&#8243; name=&#8221;Aleksandra Chepel&#8221; position=&#8221;UI designer&#8221;][tm_team_member style=&#8221;02&#8243; social_networks=&#8221;%5B%7B%22icon_fontawesome5%22%3A%22fa%20fa-adjust%22%2C%22icon_ion%22%3A%22ion-alert%22%2C%22icon_linea%22%3A%22linea-arrows-anticlockwise%22%2C%22icon_linea_svg%22%3A%22linea-arrows-anticlockwise%22%7D%5D&#8221; photo=&#8221;1082&#8243; name=&#8221;Monica Maripuu&#8221; position=&#8221;CFO&#8221;][\/tm_slider_group][tm_spacer size=&#8221;sm:70;lg:100&#8243;][\/vc_column][\/vc_row][vc_row full_width=&#8221;stretch_row&#8221; el_id=&#8221;section-clients&#8221;][vc_column width=&#8221;1\/2&#8243;][tm_spacer size=&#8221;sm:70;lg:100&#8243;][vc_wp_custom_html]JTNDZGl2JTIwY2xhc3MlM0QlMjJwaXBlZHJpdmVXZWJGb3JtcyUyMiUyMGRhdGEtcGQtd2ViZm9ybXMlM0QlMjJodHRwcyUzQSUyRiUyRndlYmZvcm1zLnBpcGVkcml2ZS5jb20lMkZmJTJGSVE4U25GbEpWRWluOTNmRWJNc2RtWlBhb2ZEb1hhcTlKSm85T0ppUGdYT0dneEdiblBQRGJlbEU5MUFjWlhSJTIyJTNFJTNDc2NyaXB0JTIwc3JjJTNEJTIyaHR0cHMlM0ElMkYlMkZ3ZWJmb3Jtcy5waXBlZHJpdmUuY29tJTJGZiUyRmxvYWRlciUyMiUzRSUzQyUyRnNjcmlwdCUzRSUzQyUyRmRpdiUzRQ==[\/vc_wp_custom_html][\/vc_column][vc_column width=&#8221;1\/2&#8243;][tm_spacer size=&#8221;sm:70;lg:100&#8243;][tm_team_member social_networks=&#8221;%5B%7B%22icon_fontawesome5%22%3A%22fa%20fa-adjust%22%2C%22icon_ion%22%3A%22ion-alert%22%2C%22icon_linea%22%3A%22linea-arrows-anticlockwise%22%2C%22icon_linea_svg%22%3A%22linea-arrows-anticlockwise%22%7D%5D&#8221; name=&#8221;Lexi.Market&#8221; position=&#8221;Brightspark O\u00dc&#8221;][tm_box_icon style=&#8221;11&#8243; align=&#8221;center&#8221; icon_type=&#8221;fontawesome5&#8243; icon_fontawesome5=&#8221;far fa-location-arrow&#8221; el_class=&#8221;contacts&#8221; heading=&#8221;Meistri 14, Tallinn&#8221; box_link=&#8221;|||&#8221; link=&#8221;url:https%3A%2F%2Fwww.google.com%2Fmaps%2Fplace%2FMeistri%2B14%2C%2B12915%2BTallinn%2F%4059.414494%2C24.6596921%2C17z%2Fdata%3D!3m1!4b1!4m5!3m4!1s0x4692944f99c9a31d%3A0x598b1b7fc21077f8!8m2!3d59.4144913!4d24.6618807&#8243;][tm_box_icon style=&#8221;11&#8243; align=&#8221;center&#8221; icon_type=&#8221;fontawesome5&#8243; icon_fontawesome5=&#8221;far fa-envelope&#8221; el_class=&#8221;contacts&#8221; heading=&#8221;info@lexi.market&#8221; button=&#8221;|||&#8221; link=&#8221;url:mailto%3Ainfo%40lexi.market&#8221; box_link=&#8221;|||&#8221;][tm_box_icon style=&#8221;11&#8243; align=&#8221;center&#8221; icon_type=&#8221;fontawesome5&#8243; icon_fontawesome5=&#8221;far fa-mobile&#8221; el_class=&#8221;contacts&#8221; heading=&#8221;+372 654 4430&#8243; box_link=&#8221;|||&#8221; link=&#8221;url:tel%3A%2B3726544430|||&#8221;][\/vc_column][\/vc_row]<\/p>\n<\/section>","protected":false},"excerpt":{"rendered":"<p>[vc_row xs_spacing=&#8221;margin_top:0;margin_bottom:0;padding_top:0;padding_bottom:0&#8243;][vc_column][tm_heading custom_google_font=&#8221;&#8221; font_weight=&#8221;700&#8243; align=&#8221;center&#8221; sm_align=&#8221;center&#8221; xs_align=&#8221;left&#8221; font_size=&#8221;xs:28;sm:36;md:48;lg:48&#8243; max_width=&#8221;800px&#8221;]Lexi.Market helps manufacturers, wholesalers, retail chains, and HoReCa companies conveniently exchange product and sales information[\/tm_heading][tm_spacer size=&#8221;xs:50;lg:80&#8243;][\/vc_column][\/vc_row][vc_row full_width=&#8221;stretch_row&#8221; background_color=&#8221;custom&#8221; el_id=&#8221;section-partners&#8221; custom_background_color=&#8221;#fafafa&#8221;][vc_column][tm_client style=&#8221;grid&#8221; hover=&#8221;grayscale&#8221; el_class=&#8221;grid-logos-about&#8221; items=&#8221;%5B%7B%22image%22%3A%222409%22%2C%22link%22%3A%22Link%22%7D%2C%7B%22image%22%3A%224395%22%2C%22link%22%3A%22Link%22%7D%2C%7B%22image%22%3A%222473%22%2C%22link%22%3A%22Link%22%7D%2C%7B%22image%22%3A%222405%22%2C%22link%22%3A%22Link%22%7D%2C%7B%22image%22%3A%224845%22%2C%22link%22%3A%22Link%22%7D%2C%7B%22image%22%3A%222756%22%2C%22link%22%3A%22Link%22%7D%2C%7B%22image%22%3A%222469%22%2C%22link%22%3A%22Link%22%7D%2C%7B%22image%22%3A%222479%22%2C%22link%22%3A%22Link%22%7D%2C%7B%22image%22%3A%222754%22%2C%22link%22%3A%22Link%22%7D%2C%7B%22image%22%3A%224397%22%2C%22link%22%3A%22Link%22%7D%2C%7B%22image%22%3A%222752%22%2C%22link%22%3A%22Link%22%7D%2C%7B%22image%22%3A%222605%22%2C%22link%22%3A%22Link%22%7D%2C%7B%22image%22%3A%222475%22%2C%22link%22%3A%22Link%22%7D%2C%7B%22image%22%3A%224565%22%2C%22link%22%3A%22Link%22%7D%2C%7B%22image%22%3A%224840%22%2C%22link%22%3A%22Link%22%7D%2C%7B%22image%22%3A%224838%22%2C%22link%22%3A%22Link%22%7D%2C%7B%22image%22%3A%224836%22%2C%22link%22%3A%22Link%22%7D%2C%7B%22image%22%3A%224834%22%2C%22link%22%3A%22Link%22%7D%2C%7B%22image%22%3A%224852%22%2C%22link%22%3A%22Link%22%7D%2C%7B%22image%22%3A%222484%22%2C%22link%22%3A%22Link%22%7D%5D&#8221; lg_spacing=&#8221;margin_top:0;border_top:0&#8243; sm_spacing=&#8221;margin_top:20&#8243; xs_spacing=&#8221;margin_top:20&#8243; columns=&#8221;xs:10;sm:10;md:6;lg:10&#8243; row_gutter=&#8221;lg:30&#8243; column_gutter=&#8221;lg:0&#8243;][\/vc_column][\/vc_row][vc_row][vc_column][tm_spacer size=&#8221;xs:50;lg:80&#8243;][tm_heading custom_google_font=&#8221;&#8221; font_weight=&#8221;700&#8243; align=&#8221;center&#8221; font_size=&#8221;xs:30;sm:36;md:36;lg:36&#8243; max_width=&#8221;800px&#8221;]Where we started[\/tm_heading][tm_spacer size=&#8221;xs:40;lg:80&#8243;][vc_row_inner][vc_column_inner width=&#8221;1\/2&#8243;][tm_image image=&#8221;3267&#8243;][tm_spacer size=&#8221;lg:40&#8243;][tm_image align=&#8221;right&#8221; el_class=&#8221;lexi-image-about&#8221; image=&#8221;3269&#8243; max_width=&#8221;254px&#8221;][\/vc_column_inner][vc_column_inner width=&#8221;1\/2&#8243;][tm_box_icon style=&#8221;06&#8243; el_class=&#8221;icons-about&#8221; image=&#8221;3263&#8243; sub_heading=&#8221;2011&#8243; heading=&#8221;The company Brightspark O\u00dc was founded&#8221; text=&#8221;Kari Maripuu and Markko Legonkov founded the software development company Brightspark in 2011. The name of the company suggests that the ambition of the owners is to work with only the brightest professionals in their field.&#8221; lg_spacing=&#8221;margin_left:10&#8243; md_spacing=&#8221;margin_left:10&#8243;][tm_spacer size=&#8221;lg:40&#8243;][tm_box_icon style=&#8221;06&#8243; el_class=&#8221;icons-about&#8221; image=&#8221;3265&#8243; sub_heading=&#8221;2018&#8243; heading=&#8221;The first version of the Lexi.Market ecosystem sees the light of day&#8221; text=&#8221;Brightspark has been developing the product management information system of Coop Eesti Kesk\u00fchistu since 2015. During the collaboration, it became clear that the system created for Coop helps make in-house product management more efficient, but does not solve the problem for the entire market. Brightspark found that the real value in product information management for market participants is created when a platform is developed that can be used jointly by both parties. The Lexi.Market concept was first presented in February 2018 at a competition held by the Union of Merchants, at that time, as a visual static prototype.&#8221; lg_spacing=&#8221;margin_left:10&#8243; md_spacing=&#8221;margin_left:10&#8243;][\/vc_column_inner][\/vc_row_inner][tm_spacer size=&#8221;lg:50&#8243;][\/vc_column][\/vc_row][vc_row full_width=&#8221;stretch_row&#8221; background_color=&#8221;custom&#8221; effect=&#8221;firefly&#8221; firefly_color=&#8221;#ffffff&#8221; firefly_total=&#8221;30&#8243; firefly_min_size=&#8221;1&#8243; firefly_max_size=&#8221;3&#8243; custom_background_color=&#8221;#fafafa&#8221;][vc_column][tm_spacer size=&#8221;xs:50;lg:80&#8243;][vc_row_inner content_placement=&#8221;middle&#8221; sm_spacing=&#8221;margin_right:0;margin_left:0&#8243; xs_spacing=&#8221;margin_right:0;margin_left:0&#8243;][vc_column_inner width=&#8221;1\/2&#8243;][tm_heading style=&#8221;modern-number-01&#8243; custom_google_font=&#8221;&#8221; font_size=&#8221;xs:28;sm:36;md:36;lg:42&#8243; max_width=&#8221;500px&#8221;]Lexi.Market values efficient work[\/tm_heading][tm_spacer size=&#8221;lg:20&#8243;][tm_heading tag=&#8221;div&#8221; custom_google_font=&#8221;&#8221; font_size=&#8221;xs:15;lg:18&#8243; line_height=&#8221;1.78&#8243;]We create an information system that delegates routine tasks of everyday work to the computer, allowing for faster and safer operations. This frees up human time to create new values.[\/tm_heading][\/vc_column_inner][vc_column_inner width=&#8221;1\/2&#8243;][tm_spacer size=&#8221;xs:20&#8243;][tm_image image=&#8221;3271&#8243;][\/vc_column_inner][\/vc_row_inner][tm_spacer size=&#8221;xs:50;lg:80&#8243;][\/vc_column][\/vc_row][vc_row full_width=&#8221;stretch_row&#8221; background_color=&#8221;secondary&#8221;][vc_column][tm_spacer size=&#8221;sm:70;lg:100&#8243;][tm_heading style=&#8221;modern-number-01&#8243; custom_google_font=&#8221;&#8221; align=&#8221;center&#8221; text_color=&#8221;custom&#8221; custom_text_color=&#8221;#ffffff&#8221;]The team[\/tm_heading][tm_spacer size=&#8221;lg:44&#8243;][tm_slider_group pagination=&#8221;02&#8243; gutter=&#8221;30&#8243; items_display=&#8221;xs:1;sm:2;md:3;lg:3&#8243;][tm_team_member style=&#8221;02&#8243; social_networks=&#8221;%5B%7B%22icon_fontawesome5%22%3A%22fa%20fa-adjust%22%2C%22icon_ion%22%3A%22ion-alert%22%2C%22icon_linea%22%3A%22linea-arrows-anticlockwise%22%2C%22icon_linea_svg%22%3A%22linea-arrows-anticlockwise%22%7D%5D&#8221; photo=&#8221;1089&#8243; name=&#8221;Helen Siirus&#8221; position=&#8221;Sales Manager&#8221; desc=&#8221;Tegeleb m\u00fc\u00fcgiga v\u00e4ga edukalt&#8221;][tm_team_member style=&#8221;02&#8243; social_networks=&#8221;%5B%7B%22icon_fontawesome5%22%3A%22fa%20fa-adjust%22%2C%22icon_ion%22%3A%22ion-alert%22%2C%22icon_linea%22%3A%22linea-arrows-anticlockwise%22%2C%22icon_linea_svg%22%3A%22linea-arrows-anticlockwise%22%7D%5D&#8221; photo=&#8221;3876&#8243; name=&#8221;Kari Maripuu&#8221; position=&#8221;CEO&#8221;][tm_team_member style=&#8221;02&#8243; social_networks=&#8221;%5B%7B%22icon_fontawesome5%22%3A%22fa%20fa-adjust%22%2C%22icon_ion%22%3A%22ion-alert%22%2C%22icon_linea%22%3A%22linea-arrows-anticlockwise%22%2C%22icon_linea_svg%22%3A%22linea-arrows-anticlockwise%22%7D%5D&#8221; photo=&#8221;3542&#8243; name=&#8221;Aleksandra \u017dmaka&#8221; position=&#8221;Development Manager&#8221;][tm_team_member style=&#8221;02&#8243; social_networks=&#8221;%5B%7B%22icon_fontawesome5%22%3A%22fa%20fa-adjust%22%2C%22icon_ion%22%3A%22ion-alert%22%2C%22icon_linea%22%3A%22linea-arrows-anticlockwise%22%2C%22icon_linea_svg%22%3A%22linea-arrows-anticlockwise%22%7D%5D&#8221; photo=&#8221;3540&#8243; name=&#8221;Markko Legonkov&#8221; position=&#8221;CTO&#8221;][tm_team_member style=&#8221;02&#8243; social_networks=&#8221;%5B%7B%22icon_fontawesome5%22%3A%22fa%20fa-adjust%22%2C%22icon_ion%22%3A%22ion-alert%22%2C%22icon_linea%22%3A%22linea-arrows-anticlockwise%22%2C%22icon_linea_svg%22%3A%22linea-arrows-anticlockwise%22%7D%5D&#8221; photo=&#8221;3540&#8243; name=&#8221;Roland Tammeorg&#8221; position=&#8221;Strategic Partner&#8221;][tm_team_member style=&#8221;02&#8243; social_networks=&#8221;%5B%7B%22icon_fontawesome5%22%3A%22fa%20fa-adjust%22%2C%22icon_ion%22%3A%22ion-alert%22%2C%22icon_linea%22%3A%22linea-arrows-anticlockwise%22%2C%22icon_linea_svg%22%3A%22linea-arrows-anticlockwise%22%7D%5D&#8221; photo=&#8221;3541&#8243; name=&#8221;Arkadii Rozhdestvenskii&#8221; position=&#8221;Developer&#8221;][tm_team_member style=&#8221;02&#8243; social_networks=&#8221;%5B%7B%22icon_fontawesome5%22%3A%22fa%20fa-adjust%22%2C%22icon_ion%22%3A%22ion-alert%22%2C%22icon_linea%22%3A%22linea-arrows-anticlockwise%22%2C%22icon_linea_svg%22%3A%22linea-arrows-anticlockwise%22%7D%5D&#8221; photo=&#8221;1085&#8243; name=&#8221;Aleksei Lebedev&#8221; position=&#8221;Developer&#8221;][tm_team_member style=&#8221;02&#8243; social_networks=&#8221;%5B%7B%22icon_fontawesome5%22%3A%22fa%20fa-adjust%22%2C%22icon_ion%22%3A%22ion-alert%22%2C%22icon_linea%22%3A%22linea-arrows-anticlockwise%22%2C%22icon_linea_svg%22%3A%22linea-arrows-anticlockwise%22%7D%5D&#8221; photo=&#8221;3540&#8243; name=&#8221;Martin Ustav&#8221; position=&#8221;Front-end Developer&#8221; desc=&#8221;Arendab disainitud kasutajaliidest&#8221;][tm_team_member style=&#8221;02&#8243; social_networks=&#8221;%5B%7B%22icon_fontawesome5%22%3A%22fa%20fa-adjust%22%2C%22icon_ion%22%3A%22ion-alert%22%2C%22icon_linea%22%3A%22linea-arrows-anticlockwise%22%2C%22icon_linea_svg%22%3A%22linea-arrows-anticlockwise%22%7D%5D&#8221; photo=&#8221;3542&#8243; name=&#8221;Aleksandra Chepel&#8221; position=&#8221;UI designer&#8221;][tm_team_member style=&#8221;02&#8243; social_networks=&#8221;%5B%7B%22icon_fontawesome5%22%3A%22fa%20fa-adjust%22%2C%22icon_ion%22%3A%22ion-alert%22%2C%22icon_linea%22%3A%22linea-arrows-anticlockwise%22%2C%22icon_linea_svg%22%3A%22linea-arrows-anticlockwise%22%7D%5D&#8221; photo=&#8221;1082&#8243; name=&#8221;Monica Maripuu&#8221; position=&#8221;CFO&#8221;][\/tm_slider_group][tm_spacer size=&#8221;sm:70;lg:100&#8243;][\/vc_column][\/vc_row][vc_row full_width=&#8221;stretch_row&#8221; el_id=&#8221;section-clients&#8221;][vc_column width=&#8221;1\/2&#8243;][tm_spacer size=&#8221;sm:70;lg:100&#8243;][vc_wp_custom_html]JTNDZGl2JTIwY2xhc3MlM0QlMjJwaXBlZHJpdmVXZWJGb3JtcyUyMiUyMGRhdGEtcGQtd2ViZm9ybXMlM0QlMjJodHRwcyUzQSUyRiUyRndlYmZvcm1zLnBpcGVkcml2ZS5jb20lMkZmJTJGSVE4U25GbEpWRWluOTNmRWJNc2RtWlBhb2ZEb1hhcTlKSm85T0ppUGdYT0dneEdiblBQRGJlbEU5MUFjWlhSJTIyJTNFJTNDc2NyaXB0JTIwc3JjJTNEJTIyaHR0cHMlM0ElMkYlMkZ3ZWJmb3Jtcy5waXBlZHJpdmUuY29tJTJGZiUyRmxvYWRlciUyMiUzRSUzQyUyRnNjcmlwdCUzRSUzQyUyRmRpdiUzRQ==[\/vc_wp_custom_html][\/vc_column][vc_column width=&#8221;1\/2&#8243;][tm_spacer size=&#8221;sm:70;lg:100&#8243;][tm_team_member social_networks=&#8221;%5B%7B%22icon_fontawesome5%22%3A%22fa%20fa-adjust%22%2C%22icon_ion%22%3A%22ion-alert%22%2C%22icon_linea%22%3A%22linea-arrows-anticlockwise%22%2C%22icon_linea_svg%22%3A%22linea-arrows-anticlockwise%22%7D%5D&#8221; name=&#8221;Lexi.Market&#8221; position=&#8221;Brightspark O\u00dc&#8221;][tm_box_icon style=&#8221;11&#8243; align=&#8221;center&#8221; icon_type=&#8221;fontawesome5&#8243; icon_fontawesome5=&#8221;far fa-location-arrow&#8221; el_class=&#8221;contacts&#8221; heading=&#8221;Meistri 14, Tallinn&#8221; box_link=&#8221;|||&#8221; link=&#8221;url:https%3A%2F%2Fwww.google.com%2Fmaps%2Fplace%2FMeistri%2B14%2C%2B12915%2BTallinn%2F%4059.414494%2C24.6596921%2C17z%2Fdata%3D!3m1!4b1!4m5!3m4!1s0x4692944f99c9a31d%3A0x598b1b7fc21077f8!8m2!3d59.4144913!4d24.6618807&#8243;][tm_box_icon style=&#8221;11&#8243; align=&#8221;center&#8221; icon_type=&#8221;fontawesome5&#8243; icon_fontawesome5=&#8221;far fa-envelope&#8221; el_class=&#8221;contacts&#8221; heading=&#8221;info@lexi.market&#8221; button=&#8221;|||&#8221; link=&#8221;url:mailto%3Ainfo%40lexi.market&#8221; box_link=&#8221;|||&#8221;][tm_box_icon style=&#8221;11&#8243; align=&#8221;center&#8221; icon_type=&#8221;fontawesome5&#8243; icon_fontawesome5=&#8221;far fa-mobile&#8221; el_class=&#8221;contacts&#8221; heading=&#8221;+372 654 4430&#8243; box_link=&#8221;|||&#8221; link=&#8221;url:tel%3A%2B3726544430|||&#8221;][\/vc_column][\/vc_row]<\/p>\n","protected":false},"author":10,"featured_media":0,"parent":0,"menu_order":0,"comment_status":"closed","ping_status":"closed","template":"","meta":{"footnotes":""},"class_list":["post-3954","page","type-page","status-publish","hentry","post-no-thumbnail"],"_links":{"self":[{"href":"https:\/\/lexi.market\/en\/wp-json\/wp\/v2\/pages\/3954","targetHints":{"allow":["GET"]}}],"collection":[{"href":"https:\/\/lexi.market\/en\/wp-json\/wp\/v2\/pages"}],"about":[{"href":"https:\/\/lexi.market\/en\/wp-json\/wp\/v2\/types\/page"}],"author":[{"embeddable":true,"href":"https:\/\/lexi.market\/en\/wp-json\/wp\/v2\/users\/10"}],"replies":[{"embeddable":true,"href":"https:\/\/lexi.market\/en\/wp-json\/wp\/v2\/comments?post=3954"}],"version-history":[{"count":9,"href":"https:\/\/lexi.market\/en\/wp-json\/wp\/v2\/pages\/3954\/revisions"}],"predecessor-version":[{"id":5214,"href":"https:\/\/lexi.market\/en\/wp-json\/wp\/v2\/pages\/3954\/revisions\/5214"}],"wp:attachment":[{"href":"https:\/\/lexi.market\/en\/wp-json\/wp\/v2\/media?parent=3954"}],"curies":[{"name":"wp","href":"https:\/\/api.w.org\/{rel}","templated":true}]}}